{"id":189,"date":"2013-05-27T22:03:56","date_gmt":"2013-05-27T20:03:56","guid":{"rendered":"http:\/\/sonntagsches-haus.de\/?page_id=189"},"modified":"2020-09-21T20:40:05","modified_gmt":"2020-09-21T18:40:05","slug":"restaurierung-2013","status":"publish","type":"page","link":"https:\/\/sonntagsches-haus.de\/?page_id=189","title":{"rendered":"2013"},"content":{"rendered":"<p style=\"text-align: left;\"><span style=\"line-height: 1.714285714; font-size: 1rem;\">M\u00e4rz:<br \/>\n<\/span>&#8211;\u00a0\u00a0im Vorgarten erbl\u00fchen die\u00a0ersten Fr\u00fchjahrsbl\u00fcher, wei\u00df und blau<br \/>\n&#8211;\u00a0 Fertigstellung Innend\u00e4mmung Erdgescho\u00df, Wohnk\u00fcche<br \/>\n&#8211;\u00a0\u00a0Absage von Deutsche Stiftung Denkmalschutz Bonn: keine F\u00f6rdermittel f\u00fcr 2013<\/p>\n<p><a href=\"https:\/\/sonntagsches-haus.de\/wp-content\/uploads\/2013\/05\/Vorgarten_2013-041.jpg\" target=\"_blank\" rel=\"noopener noreferrer\"><img loading=\"lazy\" decoding=\"async\" class=\"alignnone wp-image-465 size-thumbnail\" title=\"Die ersten Fr\u00fchbl\u00fcher im neu gestalteten Vorgarten\" src=\"https:\/\/sonntagsches-haus.de\/wp-content\/uploads\/2013\/05\/Vorgarten_2013-041-150x150.jpg\" alt=\"Vorgarten_2013-04\" width=\"150\" height=\"150\" \/><\/a><\/p>\n<p>April:<br \/>\n&#8211;\u00a0 Tragwerksplanung f\u00fcr Erdgeschoss wurde genehmigt<br \/>\n&#8211;\u00a0 Farbkonzept entsprechend Anforderungen des Denkmalschutzes mit Restauratorin\u00a0abgestimmt<br \/>\n&#8211;\u00a0\u00a0Vorbereitungsarbeiten f\u00fcr\u00a0Kalt- und Warmwasserleitungen im Erdgeschoss<br \/>\n&#8211;\u00a0 Aussenwasseranschluss<\/p>\n<p><a href=\"https:\/\/sonntagsches-haus.de\/wp-content\/uploads\/2012\/11\/Wasser.jpg\" target=\"_blank\" rel=\"noopener noreferrer\"><img loading=\"lazy\" decoding=\"async\" class=\"alignnone\" title=\"Hausversorgungsraum Kalt- und Warmwasseranschl\u00fcsse\" src=\"https:\/\/sonntagsches-haus.de\/wp-content\/uploads\/2012\/11\/Wasser-150x150.jpg\" alt=\"Wasser\" width=\"150\" height=\"150\" \/><\/a>\u00a0 <a href=\"https:\/\/sonntagsches-haus.de\/wp-content\/uploads\/2013\/05\/Wasserhanh.jpg\" target=\"_blank\" rel=\"noopener noreferrer\"><img loading=\"lazy\" decoding=\"async\" class=\"alignnone\" title=\"Wasseranschlu\u00df auf dem Hof\" src=\"https:\/\/sonntagsches-haus.de\/wp-content\/uploads\/2013\/05\/Wasserhanh-150x150.jpg\" alt=\"Wasserhahn\" width=\"150\" height=\"150\" \/><\/a><\/p>\n<p>Mai:<br \/>\n&#8211;\u00a0 Neues Tragwerk wurde in Erdgeschoss eingebaut,\u00a0um die vorhandenen alten Deckenbalken zu\u00a0verst\u00e4rken entsprechend statischer Berechnung;<br \/>\n&#8211;\u00a0 Sanierung der alten Lehmdecke\u00a0im Erdgescho\u00df, Wohnk\u00fcche mit Lehmputz\u00a0und speziellem Farbanstrich;<\/p>\n<p><a href=\"https:\/\/sonntagsches-haus.de\/wp-content\/uploads\/2012\/11\/Zimmerleute.jpg\" target=\"_blank\" rel=\"noopener noreferrer\"><img loading=\"lazy\" decoding=\"async\" class=\"alignnone\" title=\"Unterz\u00fcge zur Verst\u00e4rkung der Deckenbalken werden eingezogen\" src=\"https:\/\/sonntagsches-haus.de\/wp-content\/uploads\/2012\/11\/Zimmerleute-150x150.jpg\" alt=\"Zimmerleute\" width=\"150\" height=\"150\" \/><\/a>\u00a0\u00a0\u00a0 <a href=\"https:\/\/sonntagsches-haus.de\/wp-content\/uploads\/2013\/05\/EGi_2013-05.jpg\" target=\"_blank\" rel=\"noopener noreferrer\"><img loading=\"lazy\" decoding=\"async\" class=\"alignnone\" title=\"Restaurierte K\u00fcchendecke mit neuen Unterz\u00fcgen und neuem Lehmputz\" src=\"https:\/\/sonntagsches-haus.de\/wp-content\/uploads\/2013\/05\/EGi_2013-05-150x150.jpg\" alt=\"         EG, gr. Stube\" width=\"150\" height=\"150\" \/><\/a><\/p>\n<p>Juni:<br \/>\n&#8211;\u00a0\u00a0 Fertigstellung der Sanierungsarbeiten an der\u00a0Giebelseite (Westseite), Anstrich\u00a0Gefache und Fachwerk<br \/>\n&#8211;\u00a0\u00a0 Kalk-Kaseinanstrich f\u00fcr Hofmauer, Aussenseite<br \/>\n&#8211;\u00a0\u00a0 Beginn der abwasserseitigen Arbeiten zum Einbau eines WC,\u00a0Waschbeckens\u00a0und\u00a0Sp\u00fclbeckens im Erdgeschoss<br \/>\n&#8211;\u00a0\u00a0 Vorgarten im Fr\u00fchsommerlook<\/p>\n<p style=\"text-align: left;\">\u00a0 <a href=\"https:\/\/sonntagsches-haus.de\/wp-content\/uploads\/2013\/05\/Giebelarbeiten.jpg\" target=\"_blank\" rel=\"noopener noreferrer\"><img loading=\"lazy\" decoding=\"async\" class=\"alignnone wp-image-308 size-thumbnail\" title=\"Anstricharbeiten Giebelseite\" src=\"https:\/\/sonntagsches-haus.de\/wp-content\/uploads\/2013\/05\/Giebelarbeiten-150x150.jpg\" alt=\"Giebelarbeiten\" width=\"150\" height=\"150\" \/><\/a>\u00a0 <a href=\"https:\/\/sonntagsches-haus.de\/wp-content\/uploads\/2012\/11\/Giebel+Hofmauer_fertig.jpg\" target=\"_blank\" rel=\"noopener noreferrer\"><img loading=\"lazy\" decoding=\"async\" class=\"alignnone wp-image-314 size-thumbnail\" title=\"Giebel und Hofmauer nach dem Anstrich\" src=\"https:\/\/sonntagsches-haus.de\/wp-content\/uploads\/2012\/11\/Giebel+Hofmauer_fertig-150x150.jpg\" alt=\"Giebel+Hofmauer_fertig\" width=\"150\" height=\"150\" \/><\/a>\u00a0 <a href=\"https:\/\/sonntagsches-haus.de\/wp-content\/uploads\/2013\/05\/Margeritten.jpg\" target=\"_blank\" rel=\"noopener noreferrer\"><img loading=\"lazy\" decoding=\"async\" class=\"alignnone wp-image-334 size-thumbnail\" title=\"Vorgarten im Sommerlook\" src=\"https:\/\/sonntagsches-haus.de\/wp-content\/uploads\/2013\/05\/Margeritten-150x150.jpg\" alt=\"Margeritten\" width=\"150\" height=\"150\" \/><\/a><\/p>\n<p>\u00a0Juli:<br \/>\n&#8211; Fertigstellung der Verlegung Abwasserrohre f\u00fcr WC, Waschbecken und Sp\u00fcle im Erdgeschoss<br \/>\n&#8211;\u00a0Herstellung des Rohfussbodens in der Toilette Erdgeschoss<br \/>\n&#8211; Abtransport von 2,5t Bauschutt vom Innenhof, zus\u00e4tzlich mehrere Fuhren Altholz, Altmetall\u00a0und sonstiger Unrat<br \/>\n&#8211;\u00a0Restaurierung des Kalkputzes an\u00a0der\u00a0Innenquerwand der Wohnk\u00fcche im Erdgeschoss<\/p>\n<p><a href=\"https:\/\/sonntagsches-haus.de\/wp-content\/uploads\/2013\/05\/Grundriss_WC_EG.jpg\" target=\"_blank\" rel=\"noopener noreferrer\"><img loading=\"lazy\" decoding=\"async\" class=\"alignnone\" title=\"Entwurf Toilette im Erdgeschoss\" src=\"https:\/\/sonntagsches-haus.de\/wp-content\/uploads\/2013\/05\/Grundriss_WC_EG-150x150.jpg\" alt=\"Grundriss_WC_EG\" width=\"150\" height=\"150\" \/><\/a>\u00a0 <a href=\"https:\/\/sonntagsches-haus.de\/wp-content\/uploads\/2013\/05\/Anschluss-Waschbecken-EG.jpg\" target=\"_blank\" rel=\"noopener noreferrer\"><img loading=\"lazy\" decoding=\"async\" class=\"alignnone wp-image-418 size-thumbnail\" title=\"Anschl\u00fcsse f\u00fcr das Waschbecken\" src=\"https:\/\/sonntagsches-haus.de\/wp-content\/uploads\/2013\/05\/Anschluss-Waschbecken-EG-150x150.jpg\" alt=\"Anschluss Waschbecken EG\" width=\"150\" height=\"150\" \/><\/a>\u00a0\u00a0<a href=\"https:\/\/sonntagsches-haus.de\/wp-content\/uploads\/2013\/05\/Anschluss-WC-und-Sp\u00fcle-EG.jpg\" target=\"_blank\" rel=\"noopener noreferrer\"><img loading=\"lazy\" decoding=\"async\" class=\"alignnone wp-image-419 size-thumbnail\" title=\"Abwasserrohre im Hausversorgungsraum\" src=\"https:\/\/sonntagsches-haus.de\/wp-content\/uploads\/2013\/05\/Anschluss-WC-und-Sp\u00fcle-EG-150x150.jpg\" alt=\"Anschluss WC und Sp\u00fcle EG\" width=\"150\" height=\"150\" \/><\/a>\u00a0\u00a0<a href=\"https:\/\/sonntagsches-haus.de\/wp-content\/uploads\/2013\/05\/Altholz.jpg\" target=\"_blank\" rel=\"noopener noreferrer\"><img loading=\"lazy\" decoding=\"async\" class=\"alignnone wp-image-654 size-thumbnail\" title=\"Altholz aus der K\u00fcche im Erdgeschoss\" src=\"https:\/\/sonntagsches-haus.de\/wp-content\/uploads\/2013\/05\/Altholz-150x150.jpg\" alt=\"Altholz\" width=\"150\" height=\"150\" \/><\/a>\u00a0\u00a0<a href=\"https:\/\/sonntagsches-haus.de\/wp-content\/uploads\/2013\/08\/Bauschuttcontainer.jpg\" target=\"_blank\" rel=\"noopener noreferrer\"><img loading=\"lazy\" decoding=\"async\" class=\"alignnone wp-image-645 size-thumbnail\" title=\"Abtrsansport Bauschutt und Altholz\" src=\"https:\/\/sonntagsches-haus.de\/wp-content\/uploads\/2013\/08\/Bauschuttcontainer-150x150.jpg\" alt=\"Bauschuttcontainer\" width=\"150\" height=\"150\" \/><\/a>\u00a0 <a href=\"https:\/\/sonntagsches-haus.de\/wp-content\/uploads\/2013\/05\/Innenquerwand_1.jpg\" target=\"_blank\" rel=\"noopener noreferrer\"><img loading=\"lazy\" decoding=\"async\" class=\"alignnone wp-image-562 size-thumbnail\" title=\"Sanierungsarbeiten an der Innenwand K\u00fcchenseite\" src=\"https:\/\/sonntagsches-haus.de\/wp-content\/uploads\/2013\/05\/Innenquerwand_1-150x150.jpg\" alt=\"Innenquerwand_1\" width=\"150\" height=\"150\" \/><\/a><\/p>\n<p>August:<br \/>\n&#8211;\u00a0 Freir\u00e4umen der hinteren Hofseite (Ostwand) von Mauerresten und Unrat<br \/>\n&#8211;\u00a0 Toilettenw\u00e4nde\u00a0EG zu 90% fertiggestellt<br \/>\n&#8211;\u00a0 Fertigstellung Terrasseneingang Hofseite<br \/>\n&#8211;\u00a0 Fenster EG fertig gestrichen und Fensterb\u00e4nke innen verm\u00f6rtelt<br \/>\n&#8211;\u00a0 Erstanstrich f\u00fcr Innenquerwand mit K\u00fcchent\u00fcr und Wandschrank<br \/>\n&#8211;\u00a0 Reparatur altes Kastenschloss f\u00fcr K\u00fcchent\u00fcr und Anbau<br \/>\n&#8211;\u00a0\u00a0Vorbereitung von Sp\u00fcltisch, Waschtisch, Lampen, Gardinenstangen und Gardinen zum Anbau<\/p>\n<p><a href=\"https:\/\/sonntagsches-haus.de\/wp-content\/uploads\/2013\/09\/hintere_Hofecke.jpg\" target=\"_blank\" rel=\"noopener noreferrer\"><img loading=\"lazy\" decoding=\"async\" class=\"alignnone\" title=\"S\u00e4uberung hintere Hofecke \" src=\"https:\/\/sonntagsches-haus.de\/wp-content\/uploads\/2013\/09\/hintere_Hofecke-150x150.jpg\" alt=\"hintere_Hofecke\" width=\"150\" height=\"150\" \/><\/a>\u00a0 \u00a0 <a href=\"https:\/\/sonntagsches-haus.de\/wp-content\/uploads\/2013\/09\/Tuerschwelle.jpg\" target=\"_blank\" rel=\"noopener noreferrer\"><img loading=\"lazy\" decoding=\"async\" class=\"alignnone wp-image-681 size-thumbnail\" title=\"Einbau T\u00fcrschwelle an Terrasseneingang\" src=\"https:\/\/sonntagsches-haus.de\/wp-content\/uploads\/2013\/09\/Tuerschwelle-150x150.jpg\" alt=\"Tuerschwelle\" width=\"150\" height=\"150\" \/><\/a>\u00a0\u00a0<a href=\"https:\/\/sonntagsches-haus.de\/wp-content\/uploads\/2012\/10\/Innenquerwand_2.jpg\" target=\"_blank\" rel=\"noopener noreferrer\"><img loading=\"lazy\" decoding=\"async\" class=\"alignnone wp-image-685 size-thumbnail\" title=\"Anstrich Innenquerwand K\u00fcche und T\u00fcr\" src=\"https:\/\/sonntagsches-haus.de\/wp-content\/uploads\/2012\/10\/Innenquerwand_2-150x150.jpg\" alt=\"Innenquerwand_2\" width=\"150\" height=\"150\" \/><\/a>\u00a0 <a href=\"https:\/\/sonntagsches-haus.de\/wp-content\/uploads\/2013\/09\/Kastenschloss_Stubentuer.jpg\" target=\"_blank\" rel=\"noopener noreferrer\"><img loading=\"lazy\" decoding=\"async\" class=\"alignnone wp-image-679 size-thumbnail\" title=\"Aufarbeiten K\u00fcchent\u00fcrschloss\" src=\"https:\/\/sonntagsches-haus.de\/wp-content\/uploads\/2013\/09\/Kastenschloss_Stubentuer-150x150.jpg\" alt=\"Kastenschloss_Stubentuer\" width=\"150\" height=\"150\" \/><\/a>\u00a0 <a href=\"https:\/\/sonntagsches-haus.de\/wp-content\/uploads\/2013\/09\/Fensterstreichen.jpg\" target=\"_blank\" rel=\"noopener noreferrer\"><img loading=\"lazy\" decoding=\"async\" class=\"alignnone wp-image-674 size-thumbnail\" title=\"Herstellung Fensterb\u00e4nke K\u00fcche, innen\" src=\"https:\/\/sonntagsches-haus.de\/wp-content\/uploads\/2013\/09\/Fensterstreichen-150x150.jpg\" alt=\"Fensterstreichen\" width=\"150\" height=\"150\" \/><\/a><\/p>\n<p>September:<br \/>\n&#8211; \u00a0Vorarbeiten f\u00fcr Elektroanschl\u00fcsse<br \/>\n&#8211; \u00a0Einbau der Innenfenster in EG<br \/>\n&#8211; \u00a0Aufarbeitung des Wandschranks<\/p>\n<p><a href=\"https:\/\/sonntagsches-haus.de\/wp-content\/uploads\/2013\/05\/Erstanstrich.jpg\" target=\"_blank\" rel=\"noopener noreferrer\"><img loading=\"lazy\" decoding=\"async\" class=\"alignnone wp-image-709 size-thumbnail\" title=\"Restaurierung Wandschrank\" src=\"https:\/\/sonntagsches-haus.de\/wp-content\/uploads\/2013\/05\/Erstanstrich-150x150.jpg\" alt=\"Erstanstrich\" width=\"150\" height=\"150\" \/><\/a>\u00a0\u00a0\u00a0\u00a0<a href=\"https:\/\/sonntagsches-haus.de\/wp-content\/uploads\/2013\/05\/Fenstereinbau-K\u00fcche.jpg\" target=\"_blank\" rel=\"noopener noreferrer\"><img loading=\"lazy\" decoding=\"async\" class=\"alignnone wp-image-814 size-thumbnail\" title=\"Einbau Innenfenster EG K\u00fcche\" src=\"https:\/\/sonntagsches-haus.de\/wp-content\/uploads\/2013\/05\/Fenstereinbau-K\u00fcche-150x150.jpg\" alt=\"Fenstereinbau K\u00fcche\" width=\"150\" height=\"150\" \/><\/a><a href=\"https:\/\/sonntagsches-haus.de\/wp-content\/uploads\/2013\/05\/B9-animation1.pps\"><br \/>\n<\/a><\/p>\n<p>November:<br \/>\n&#8211; \u00a0Unsere Nachbarin, Frau Nowothnik hat die Ostseite des Hofes mit s\u00e4gerauhen Brettern verkleiden lassen<br \/>\n&#8211; \u00a0viele Kleinarbeiten in der K\u00fcche, Vorbereitungsarbeiten zum &#8222;1. \u00a0Tag der Offenen Baustelle&#8220; am 07. Dez.<\/p>\n<p><a href=\"https:\/\/sonntagsches-haus.de\/wp-content\/uploads\/2012\/10\/1.Tag_der_Offenen_Baustelle-094.jpg\" target=\"_blank\" rel=\"noopener noreferrer\"><img loading=\"lazy\" decoding=\"async\" class=\"alignnone wp-image-830 size-thumbnail\" title=\"Verkleidung Hofmauer Ostseite\" src=\"https:\/\/sonntagsches-haus.de\/wp-content\/uploads\/2012\/10\/1.Tag_der_Offenen_Baustelle-094-150x150.jpg\" alt=\"Hof Osteite\" width=\"150\" height=\"150\" \/><\/a>\u00a0\u00a0<a href=\"https:\/\/sonntagsches-haus.de\/wp-content\/uploads\/2013\/05\/DSCI5259.jpg\" target=\"_blank\" rel=\"noopener noreferrer\"><img loading=\"lazy\" decoding=\"async\" class=\"alignnone wp-image-859 size-thumbnail\" title=\"Aufbau K\u00fcchenm\u00f6bel\" src=\"https:\/\/sonntagsches-haus.de\/wp-content\/uploads\/2013\/05\/DSCI5259-150x150.jpg\" alt=\"DSCI5259\" width=\"150\" height=\"150\" \/><\/a><\/p>\n<p>Dezember:<br \/>\nDer erste Innenraum ist f\u00fcr eine einfache Nutzung hergerichtet.<br \/>\n&#8211; Sp\u00fcle mit flie\u00dfend warmem und kaltem Wasser<br \/>\n&#8211; Beleuchtung, noch mit provisorischer Kabelverlegung<br \/>\n&#8211; erste M\u00f6blierung: Tisch, St\u00fchle, Regale<br \/>\nDen Einbau der Toilette haben wir 2013 nicht mehr geschafft.<\/p>\n<p><a href=\"https:\/\/sonntagsches-haus.de\/wp-content\/uploads\/2013\/05\/02_14-018.jpg\" target=\"_blank\" rel=\"noopener noreferrer\"><img loading=\"lazy\" decoding=\"async\" class=\"alignnone wp-image-802 size-thumbnail\" title=\"Sp\u00fcle\" src=\"https:\/\/sonntagsches-haus.de\/wp-content\/uploads\/2013\/05\/02_14-018-150x150.jpg\" alt=\"K\u00fcchenfenster\" width=\"150\" height=\"150\" \/><\/a>\u00a0\u00a0<a href=\"https:\/\/sonntagsches-haus.de\/wp-content\/uploads\/2013\/05\/02_14-016.jpg\" target=\"_blank\" rel=\"noopener noreferrer\"><img loading=\"lazy\" decoding=\"async\" class=\"alignnone wp-image-803 size-thumbnail\" title=\"Innenfenster mit Vorh\u00e4ngen\" src=\"https:\/\/sonntagsches-haus.de\/wp-content\/uploads\/2013\/05\/02_14-016-150x150.jpg\" alt=\"K\u00fcchenfenster\" width=\"150\" height=\"150\" \/><\/a>\u00a0\u00a0\u00a0<a href=\"https:\/\/sonntagsches-haus.de\/wp-content\/uploads\/2013\/05\/02_14-024.jpg\" target=\"_blank\" rel=\"noopener noreferrer\"><img loading=\"lazy\" decoding=\"async\" class=\"alignnone wp-image-839 size-thumbnail\" title=\"K\u00fcchentisch\" src=\"https:\/\/sonntagsches-haus.de\/wp-content\/uploads\/2013\/05\/02_14-024-150x150.jpg\" alt=\"K\u00fcchentisch\" width=\"150\" height=\"150\" \/><\/a>\u00a0 <a href=\"https:\/\/sonntagsches-haus.de\/wp-content\/uploads\/2013\/05\/02_14-019.jpg\" target=\"_blank\" rel=\"noopener noreferrer\"><img loading=\"lazy\" decoding=\"async\" class=\"alignnone wp-image-815 size-thumbnail\" title=\"Fertigstellung Wanschrank\" src=\"https:\/\/sonntagsches-haus.de\/wp-content\/uploads\/2013\/05\/02_14-019-150x150.jpg\" alt=\"Wandschrank\" width=\"150\" height=\"150\" \/><\/a><\/p>\n<p>&nbsp;<\/p>\n<p><a title=\"nach oben  Re 2013\" href=\"https:\/\/sonntagsches-haus.de\/?page_id=189\"><img loading=\"lazy\" decoding=\"async\" class=\"alignnone size-full wp-image-1008\" src=\"https:\/\/sonntagsches-haus.de\/wp-content\/uploads\/2014\/09\/nach-oben.jpg\" alt=\"nach oben\" width=\"101\" height=\"42\" \/><\/a><\/p>\n<pre style=\"text-align: left;\">Copyright: Die Fotos sind urheberrechtlich gesch\u00fctzt. Die Verwendung ohne Zustimmung der Urheber ist nicht zul\u00e4ssig.<\/pre>\n","protected":false},"excerpt":{"rendered":"<p>M\u00e4rz: &#8211;\u00a0\u00a0im Vorgarten erbl\u00fchen die\u00a0ersten Fr\u00fchjahrsbl\u00fcher, wei\u00df und blau &#8211;\u00a0 Fertigstellung Innend\u00e4mmung Erdgescho\u00df, Wohnk\u00fcche &#8211;\u00a0\u00a0Absage von Deutsche Stiftung Denkmalschutz Bonn: keine F\u00f6rdermittel f\u00fcr 2013 April: &#8211;\u00a0 Tragwerksplanung f\u00fcr Erdgeschoss wurde genehmigt &#8211;\u00a0 Farbkonzept entsprechend Anforderungen des Denkmalschutzes mit Restauratorin\u00a0abgestimmt &#8211;\u00a0\u00a0Vorbereitungsarbeiten f\u00fcr\u00a0Kalt- und Warmwasserleitungen im Erdgeschoss &#8211;\u00a0 Aussenwasseranschluss \u00a0 Mai: &#8211;\u00a0 Neues Tragwerk wurde in Erdgeschoss [&hellip;]<\/p>\n","protected":false},"author":1,"featured_media":0,"parent":37,"menu_order":4,"comment_status":"closed","ping_status":"closed","template":"","meta":{"footnotes":""},"_links":{"self":[{"href":"https:\/\/sonntagsches-haus.de\/index.php?rest_route=\/wp\/v2\/pages\/189"}],"collection":[{"href":"https:\/\/sonntagsches-haus.de\/index.php?rest_route=\/wp\/v2\/pages"}],"about":[{"href":"https:\/\/sonntagsches-haus.de\/index.php?rest_route=\/wp\/v2\/types\/page"}],"author":[{"embeddable":true,"href":"https:\/\/sonntagsches-haus.de\/index.php?rest_route=\/wp\/v2\/users\/1"}],"replies":[{"embeddable":true,"href":"https:\/\/sonntagsches-haus.de\/index.php?rest_route=%2Fwp%2Fv2%2Fcomments&post=189"}],"version-history":[{"count":146,"href":"https:\/\/sonntagsches-haus.de\/index.php?rest_route=\/wp\/v2\/pages\/189\/revisions"}],"predecessor-version":[{"id":2613,"href":"https:\/\/sonntagsches-haus.de\/index.php?rest_route=\/wp\/v2\/pages\/189\/revisions\/2613"}],"up":[{"embeddable":true,"href":"https:\/\/sonntagsches-haus.de\/index.php?rest_route=\/wp\/v2\/pages\/37"}],"wp:attachment":[{"href":"https:\/\/sonntagsches-haus.de\/index.php?rest_route=%2Fwp%2Fv2%2Fmedia&parent=189"}],"curies":[{"name":"wp","href":"https:\/\/api.w.org\/{rel}","templated":true}]}}