{"id":2140,"date":"2019-04-20T13:39:25","date_gmt":"2019-04-20T11:39:25","guid":{"rendered":"http:\/\/sonntagsches-haus.de\/?page_id=2140"},"modified":"2020-09-21T20:51:06","modified_gmt":"2020-09-21T18:51:06","slug":"2018-2","status":"publish","type":"page","link":"https:\/\/sonntagsches-haus.de\/?page_id=2140","title":{"rendered":"2018"},"content":{"rendered":"<p><strong>Schwerpunkt\u00a0f\u00fcr 2018\u00a0war\u00a0die Sanierung der ehemaligen kleinen K\u00fcche im OG.<br \/>\nEs soll hier ein einfacher Waschraum mit WC entstehen.\u00a0Die Arbeiten werden 2019 fortgesetzt.<\/strong><\/p>\n<p><strong>Juni:<br \/>\n<\/strong>Nach umfangreichen Vorbereitungsarbeiten wurden die W\u00e4nde und die Decke\u00a0maurerm\u00e4\u00dfig ausgebessert und neu mit Lehm verputzt<style id=\"bwg-style-0\">    #bwg_container1_0 #bwg_container2_0 .bwg-container-0.bwg-standard-thumbnails {      width: 904px;              justify-content: center;        margin:0 auto !important;              background-color: rgba(255, 255, 255, 0.00);            padding-left: 4px;      padding-top: 4px;      max-width: 100%;            }        #bwg_container1_0 #bwg_container2_0 .bwg-container-0.bwg-standard-thumbnails .bwg-item {    justify-content: flex-start;      max-width: 150px;            width: 150px !important;          }    #bwg_container1_0 #bwg_container2_0 .bwg-container-0.bwg-standard-thumbnails .bwg-item a {       margin-right: 4px;       margin-bottom: 4px;    }    #bwg_container1_0 #bwg_container2_0 .bwg-container-0.bwg-standard-thumbnails .bwg-item0 {      padding: 0px;            background-color:rgba(255,255,255, 0.30);      border: 0px none #CCCCCC;      opacity: 1.00;      border-radius: 0;      box-shadow: 0px 0px 0px #888888;    }    #bwg_container1_0 #bwg_container2_0 .bwg-container-0.bwg-standard-thumbnails .bwg-item1 img {      max-height: none;      max-width: none;      padding: 0 !important;    }        @media only screen and (min-width: 480px) {      #bwg_container1_0 #bwg_container2_0 .bwg-container-0.bwg-standard-thumbnails .bwg-item0 {        transition: all 0.3s ease 0s;-webkit-transition: all 0.3s ease 0s;      }      #bwg_container1_0 #bwg_container2_0 .bwg-container-0.bwg-standard-thumbnails .bwg-item0:hover {        -ms-transform: scale(1.1);        -webkit-transform: scale(1.1);        transform: scale(1.1);      }    }          #bwg_container1_0 #bwg_container2_0 .bwg-container-0.bwg-standard-thumbnails .bwg-item1 {      padding-top: 100%;    }        #bwg_container1_0 #bwg_container2_0 .bwg-container-0.bwg-standard-thumbnails .bwg-title2,    #bwg_container1_0 #bwg_container2_0 .bwg-container-0.bwg-standard-thumbnails .bwg-ecommerce2 {      color: #CCCCCC;      font-family: segoe ui;      font-size: 16px;      font-weight: bold;      padding: 2px;      text-shadow: 0px 0px 0px #888888;      max-height: 100%;    }    #bwg_container1_0 #bwg_container2_0 .bwg-container-0.bwg-standard-thumbnails .bwg-thumb-description span {    color: #323A45;    font-family: Ubuntu;    font-size: 12px;    max-height: 100%;    word-wrap: break-word;    }    #bwg_container1_0 #bwg_container2_0 .bwg-container-0.bwg-standard-thumbnails .bwg-play-icon2 {      font-size: 32px;    }    #bwg_container1_0 #bwg_container2_0 .bwg-container-0.bwg-standard-thumbnails .bwg-ecommerce2 {      font-size: 19.2px;      color: #CCCCCC;    }    <\/style>    <div id=\"bwg_container1_0\"         class=\"bwg_container bwg_thumbnail bwg_thumbnails \"         data-right-click-protection=\"0\"         data-bwg=\"0\"         data-scroll=\"0\"         data-gallery-type=\"thumbnails\"         data-gallery-view-type=\"thumbnails\"         data-current-url=\"\/index.php?rest_route=%2Fwp%2Fv2%2Fpages%2F2140\"         data-lightbox-url=\"https:\/\/sonntagsches-haus.de\/wp-admin\/admin-ajax.php?action=GalleryBox&#038;current_view=0&#038;gallery_id=31&#038;tag=0&#038;theme_id=1&#038;shortcode_id=67&#038;sort_by=order&#038;order_by=asc&#038;current_url=%2Findex.php%3Frest_route%3D%252Fwp%252Fv2%252Fpages%252F2140\"         data-gallery-id=\"31\"         data-popup-width=\"800\"         data-popup-height=\"500\"         data-is-album=\"gallery\"         data-buttons-position=\"bottom\">      <div id=\"bwg_container2_0\">             <div id=\"ajax_loading_0\" class=\"bwg_loading_div_1\">      <div class=\"bwg_loading_div_2\">        <div class=\"bwg_loading_div_3\">          <div id=\"loading_div_0\" class=\"bwg_spider_ajax_loading\">          <\/div>        <\/div>      <\/div>    <\/div>            <form id=\"gal_front_form_0\"              class=\"bwg-hidden\"              method=\"post\"              action=\"#\"              data-current=\"0\"              data-shortcode-id=\"67\"              data-gallery-type=\"thumbnails\"              data-gallery-id=\"31\"              data-tag=\"0\"              data-album-id=\"0\"              data-theme-id=\"1\"              data-ajax-url=\"https:\/\/sonntagsches-haus.de\/wp-admin\/admin-ajax.php?action=bwg_frontend_data\">          <div id=\"bwg_container3_0\" class=\"bwg-background bwg-background-0\">                <div data-max-count=\"6\"         data-thumbnail-width=\"150\"         data-bwg=\"0\"         data-gallery-id=\"31\"         data-lightbox-url=\"https:\/\/sonntagsches-haus.de\/wp-admin\/admin-ajax.php?action=GalleryBox&amp;current_view=0&amp;gallery_id=31&amp;tag=0&amp;theme_id=1&amp;shortcode_id=67&amp;sort_by=order&amp;order_by=asc&amp;current_url=%2Findex.php%3Frest_route%3D%252Fwp%252Fv2%252Fpages%252F2140\"         id=\"bwg_thumbnails_0\"         class=\"bwg-container-0 bwg-thumbnails bwg-standard-thumbnails bwg-container bwg-border-box\">            <div class=\"bwg-item\">        <a class=\"bwg-a  bwg_lightbox\"  data-image-id=\"165\" href=\"https:\/\/sonntagsches-haus.de\/wp-content\/uploads\/photo-gallery\/DSCI3384__.jpg\" data-elementor-open-lightbox=\"no\">                <div class=\"bwg-item0 \">          <div class=\"bwg-item1 \">            <div class=\"bwg-item2\">              <img decoding=\"async\" class=\"skip-lazy bwg_standart_thumb_img_0 \"                   data-id=\"165\"                   data-width=\"300\"                   data-height=\"225\"                   data-src=\"https:\/\/sonntagsches-haus.de\/wp-content\/uploads\/photo-gallery\/thumb\/DSCI3384__.jpg\"                   src=\"https:\/\/sonntagsches-haus.de\/wp-content\/uploads\/photo-gallery\/thumb\/DSCI3384__.jpg\"                   alt=\"DSCI3384__\"                   title=\"DSCI3384__\" \/>            <\/div>            <div class=\"\">                                                      <\/div>          <\/div>        <\/div>                        <\/a>              <\/div>            <div class=\"bwg-item\">        <a class=\"bwg-a  bwg_lightbox\"  data-image-id=\"166\" href=\"https:\/\/sonntagsches-haus.de\/wp-content\/uploads\/photo-gallery\/DSCI3379__.JPG\" data-elementor-open-lightbox=\"no\">                <div class=\"bwg-item0 \">          <div class=\"bwg-item1 \">            <div class=\"bwg-item2\">              <img decoding=\"async\" class=\"skip-lazy bwg_standart_thumb_img_0 \"                   data-id=\"166\"                   data-width=\"225\"                   data-height=\"300\"                   data-src=\"https:\/\/sonntagsches-haus.de\/wp-content\/uploads\/photo-gallery\/thumb\/DSCI3379__.JPG\"                   src=\"https:\/\/sonntagsches-haus.de\/wp-content\/uploads\/photo-gallery\/thumb\/DSCI3379__.JPG\"                   alt=\"DSCI3379__\"                   title=\"DSCI3379__\" \/>            <\/div>            <div class=\"\">                                                      <\/div>          <\/div>        <\/div>                        <\/a>              <\/div>            <div class=\"bwg-item\">        <a class=\"bwg-a  bwg_lightbox\"  data-image-id=\"164\" href=\"https:\/\/sonntagsches-haus.de\/wp-content\/uploads\/photo-gallery\/DSCI3412__.jpg\" data-elementor-open-lightbox=\"no\">                <div class=\"bwg-item0 \">          <div class=\"bwg-item1 \">            <div class=\"bwg-item2\">              <img decoding=\"async\" class=\"skip-lazy bwg_standart_thumb_img_0 \"                   data-id=\"164\"                   data-width=\"223\"                   data-height=\"300\"                   data-src=\"https:\/\/sonntagsches-haus.de\/wp-content\/uploads\/photo-gallery\/thumb\/DSCI3412__.jpg\"                   src=\"https:\/\/sonntagsches-haus.de\/wp-content\/uploads\/photo-gallery\/thumb\/DSCI3412__.jpg\"                   alt=\"DSCI3412__\"                   title=\"DSCI3412__\" \/>            <\/div>            <div class=\"\">                                                      <\/div>          <\/div>        <\/div>                        <\/a>              <\/div>            <div class=\"bwg-item\">        <a class=\"bwg-a  bwg_lightbox\"  data-image-id=\"168\" href=\"https:\/\/sonntagsches-haus.de\/wp-content\/uploads\/photo-gallery\/DSCI3376__%20(1).jpg\" data-elementor-open-lightbox=\"no\">                <div class=\"bwg-item0 \">          <div class=\"bwg-item1 \">            <div class=\"bwg-item2\">              <img decoding=\"async\" class=\"skip-lazy bwg_standart_thumb_img_0 \"                   data-id=\"168\"                   data-width=\"\"                   data-height=\"\"                   data-src=\"https:\/\/sonntagsches-haus.de\/wp-content\/uploads\/photo-gallery\/thumb\/DSCI3376__%20(1).jpg\"                   src=\"https:\/\/sonntagsches-haus.de\/wp-content\/uploads\/photo-gallery\/thumb\/DSCI3376__%20(1).jpg\"                   alt=\"DSCI3376__ (1)\"                   title=\"DSCI3376__ (1)\" \/>            <\/div>            <div class=\"\">                                                      <\/div>          <\/div>        <\/div>                        <\/a>              <\/div>            <div class=\"bwg-item\">        <a class=\"bwg-a  bwg_lightbox\"  data-image-id=\"163\" href=\"https:\/\/sonntagsches-haus.de\/wp-content\/uploads\/photo-gallery\/DSCI3413__.jpg\" data-elementor-open-lightbox=\"no\">                <div class=\"bwg-item0 \">          <div class=\"bwg-item1 \">            <div class=\"bwg-item2\">              <img decoding=\"async\" class=\"skip-lazy bwg_standart_thumb_img_0 \"                   data-id=\"163\"                   data-width=\"221\"                   data-height=\"300\"                   data-src=\"https:\/\/sonntagsches-haus.de\/wp-content\/uploads\/photo-gallery\/thumb\/DSCI3413__.jpg\"                   src=\"https:\/\/sonntagsches-haus.de\/wp-content\/uploads\/photo-gallery\/thumb\/DSCI3413__.jpg\"                   alt=\"DSCI3413__\"                   title=\"DSCI3413__\" \/>            <\/div>            <div class=\"\">                                                      <\/div>          <\/div>        <\/div>                        <\/a>              <\/div>            <div class=\"bwg-item\">        <a class=\"bwg-a  bwg_lightbox\"  data-image-id=\"169\" href=\"https:\/\/sonntagsches-haus.de\/wp-content\/uploads\/photo-gallery\/DSCI3446__.JPG\" data-elementor-open-lightbox=\"no\">                <div class=\"bwg-item0 \">          <div class=\"bwg-item1 \">            <div class=\"bwg-item2\">              <img decoding=\"async\" class=\"skip-lazy bwg_standart_thumb_img_0 \"                   data-id=\"169\"                   data-width=\"226\"                   data-height=\"300\"                   data-src=\"https:\/\/sonntagsches-haus.de\/wp-content\/uploads\/photo-gallery\/thumb\/DSCI3446__.JPG\"                   src=\"https:\/\/sonntagsches-haus.de\/wp-content\/uploads\/photo-gallery\/thumb\/DSCI3446__.JPG\"                   alt=\"DSCI3446__\"                   title=\"DSCI3446__\" \/>            <\/div>            <div class=\"\">                                                      <\/div>          <\/div>        <\/div>                        <\/a>              <\/div>          <\/div>    <style>      \/*pagination styles*\/      #bwg_container1_0 #bwg_container2_0 .tablenav-pages_0 {\t\t\t\ttext-align: center;\t\t\t\tfont-size: 12px;\t\t\t\tfont-family: segoe ui;\t\t\t\tfont-weight: bold;\t\t\t\tcolor: #666666;\t\t\t\tmargin: 6px 0 4px;\t\t\t\tdisplay: block;      }      @media only screen and (max-width : 320px) {      #bwg_container1_0 #bwg_container2_0 .displaying-num_0 {     \t display: none;      }      }      #bwg_container1_0 #bwg_container2_0 .displaying-num_0 {\t\t\t\tfont-size: 12px;\t\t\t\tfont-family: segoe ui;\t\t\t\tfont-weight: bold;\t\t\t\tcolor: #666666;\t\t\t\tmargin-right: 10px;\t\t\t\tvertical-align: middle;      }      #bwg_container1_0 #bwg_container2_0 .paging-input_0 {\t\t\t\tfont-size: 12px;\t\t\t\tfont-family: segoe ui;\t\t\t\tfont-weight: bold;\t\t\t\tcolor: #666666;\t\t\t\tvertical-align: middle;      }      #bwg_container1_0 #bwg_container2_0 .tablenav-pages_0 a.disabled,      #bwg_container1_0 #bwg_container2_0 .tablenav-pages_0 a.disabled:hover,      #bwg_container1_0 #bwg_container2_0 .tablenav-pages_0 a.disabled:focus,\t\t\t#bwg_container1_0 #bwg_container2_0 .tablenav-pages_0 input.bwg_current_page {\t\t\t\tcursor: default;\t\t\t\tcolor: rgba(102, 102, 102, 0.5);      }      #bwg_container1_0 #bwg_container2_0 .tablenav-pages_0 a,      #bwg_container1_0 #bwg_container2_0 .tablenav-pages_0 input.bwg_current_page {\t\t\t\tcursor: pointer;\t\t\t\ttext-align: center;\t\t\t\tfont-size: 12px;\t\t\t\tfont-family: segoe ui;\t\t\t\tfont-weight: bold;\t\t\t\tcolor: #666666;\t\t\t\ttext-decoration: none;\t\t\t\tpadding: 3px 6px;\t\t\t\tmargin: 0;\t\t\t\tborder-radius: 0;\t\t\t\tborder-style: solid;\t\t\t\tborder-width: 1px;\t\t\t\tborder-color: #E3E3E3;\t\t\t\t\t\t\t\tbackground-color: rgba(255, 255, 255, 1.00);\t\t\t\tbox-shadow: 0;\t\t\t\ttransition: all 0.3s ease 0s;-webkit-transition: all 0.3s ease 0s;      }      <\/style>      <span class=\"bwg_nav_cont_0\">              <div class=\"tablenav-pages_0\">                  <\/div>                <input type=\"hidden\" id=\"page_number_0\" name=\"page_number_0\" value=\"1\" \/>      <script type=\"text\/javascript\">        if( jQuery('.bwg_nav_cont_0').length > 1 ) {          jQuery('.bwg_nav_cont_0').first().remove()        }        function spider_page_0(cur, x, y, load_more) {          if (typeof load_more == \"undefined\") {            var load_more = false;          }          if (jQuery(cur).hasClass('disabled')) {            return false;          }          var items_county_0 = 1;          switch (y) {            case 1:              if (x >= items_county_0) {                document.getElementById('page_number_0').value = items_county_0;              }              else {                document.getElementById('page_number_0').value = x + 1;              }              break;            case 2:              document.getElementById('page_number_0').value = items_county_0;              break;            case -1:              if (x == 1) {                document.getElementById('page_number_0').value = 1;              }              else {                document.getElementById('page_number_0').value = x - 1;              }              break;            case -2:              document.getElementById('page_number_0').value = 1;              break;\t\t\t\t\t\tcase 0:              document.getElementById('page_number_0').value = x;              break;            default:              document.getElementById('page_number_0').value = 1;          }          bwg_ajax('gal_front_form_0', '0', 'bwg_thumbnails_0', '0', '', 'gallery', 0, '', '', load_more, '', 1);        }                    jQuery('.first-page-0').on('click', function () {              spider_page_0(this, 1, -2, 'numeric');              return false;            });            jQuery('.prev-page-0').on('click', function () {              spider_page_0(this, 1, -1, 'numeric');              return false;            });            jQuery('.next-page-0').on('click', function () {              spider_page_0(this, 1, 1, 'numeric');              return false;            });            jQuery('.last-page-0').on('click', function () {              spider_page_0(this, 1, 2, 'numeric');              return false;            });        \t\t\t\t\/* Change page on input enter. *\/        function bwg_change_page_0( e, that ) {          if (  e.key == 'Enter' ) {            var to_page = parseInt(jQuery(that).val());            var pages_count = jQuery(that).parents(\".pagination-links\").data(\"pages-count\");            var current_url_param = jQuery(that).attr('data-url-info');            if (to_page > pages_count) {              to_page = 1;            }\t \t\t\t\t\t\t\t\t\t\t\t\tspider_page_0(this, to_page, 0, 'numeric');\t\t\t\t\t\t\treturn false;\t\t\t\t\t\t          }          return true;        }        jQuery('.bwg_load_btn_0').on('click', function () {            spider_page_0(this, 1, 1, true);            return false;        });      <\/script>      <\/span>                <\/div>        <\/form>        <style>          #bwg_container1_0 #bwg_container2_0 #spider_popup_overlay_0 {          background-color: #000000;          opacity: 0.70;          }          <\/style>        <div id=\"bwg_spider_popup_loading_0\" class=\"bwg_spider_popup_loading\"><\/div>        <div id=\"spider_popup_overlay_0\" class=\"spider_popup_overlay\" onclick=\"spider_destroypopup(1000)\"><\/div>        <input type=\"hidden\" id=\"bwg_random_seed_0\" value=\"1027668887\">                <\/div>    <\/div>    <script>      if (document.readyState === 'complete') {        if( typeof bwg_main_ready == 'function' ) {          if ( jQuery(\"#bwg_container1_0\").height() ) {            bwg_main_ready(jQuery(\"#bwg_container1_0\"));          }        }      } else {        document.addEventListener('DOMContentLoaded', function() {          if( typeof bwg_main_ready == 'function' ) {            if ( jQuery(\"#bwg_container1_0\").height() ) {             bwg_main_ready(jQuery(\"#bwg_container1_0\"));            }          }        });      }    <\/script>    <\/p>\n<p>Danach\u00a0galt es\u00a0den Fu\u00dfboden zu erneuern.<br \/>\nDazu musste der alte Fu\u00dfboden\u00a0vollst\u00e4ndig r\u00fcckgebaut werden, damit die Fu\u00dfbodenh\u00f6he eingehalten werden kann.<\/p>\n<p><a href=\"https:\/\/sonntagsches-haus.de\/wp-content\/uploads\/2018\/01\/DSCI6682_.jpg\" target=\"_blank\" rel=\"noopener noreferrer\"><img loading=\"lazy\" decoding=\"async\" class=\"alignleft wp-image-2155 size-thumbnail\" src=\"https:\/\/sonntagsches-haus.de\/wp-content\/uploads\/2018\/01\/DSCI6682_-150x150.jpg\" alt=\"\" width=\"150\" height=\"150\" \/><br \/>\n<\/a><\/p>\n<p>&nbsp;<\/p>\n<p>&nbsp;<\/p>\n<p>&nbsp;<\/p>\n<p><strong>Aber auch andere wichtige\u00a0Reparaturarbeiten waren im und am Haus zu erledigen:<\/strong><\/p>\n<p>&#8230; hier zwei\u00a0Zaunfelder:<br \/>\n<a href=\"https:\/\/sonntagsches-haus.de\/wp-content\/uploads\/2018\/09\/DSCI3444__.jpg\"><img loading=\"lazy\" decoding=\"async\" class=\"size-thumbnail wp-image-2233 alignleft\" src=\"https:\/\/sonntagsches-haus.de\/wp-content\/uploads\/2018\/09\/DSCI3444__-150x150.jpg\" alt=\"\" width=\"150\" height=\"150\" \/><\/a><a href=\"https:\/\/sonntagsches-haus.de\/wp-content\/uploads\/2018\/01\/DSCI2696_.jpg\" target=\"_blank\" rel=\"noopener noreferrer\"><img loading=\"lazy\" decoding=\"async\" class=\"alignleft wp-image-2154 size-thumbnail\" src=\"https:\/\/sonntagsches-haus.de\/wp-content\/uploads\/2018\/01\/DSCI2696_-150x150.jpg\" alt=\"\" width=\"150\" height=\"150\" \/><\/a><\/p>\n<p>Unbekannte haben es geschafft, im vorigen Jahr drei Felder mit dem Auto beim Ausparken einzudr\u00fccken. Leider hatten sie nicht das Kreuz, sich dazu zu bekennen.<\/p>\n<p>Hoffentlich passiert das nicht wieder. Es ist &#8217;ne ganze Menge Arbeit und Geld hat&#8217;s auch gekostet.<\/p>\n<p>&nbsp;<\/p>\n<p><strong>November:<\/strong><br \/>\nEndlich\u00a0war es soweit. Die Unterkonstruktion f\u00fcr den\u00a0neuen Fu\u00dfboden\u00a0wurde eingebaut im zuk\u00fcnftigen WC\/ Waschraum.<br \/>\n<a href=\"https:\/\/sonntagsches-haus.de\/wp-content\/uploads\/2018\/11\/DSCI3755___.jpg\" target=\"_blank\" rel=\"noopener noreferrer\"><img loading=\"lazy\" decoding=\"async\" class=\"alignnone wp-image-2281 size-thumbnail\" src=\"https:\/\/sonntagsches-haus.de\/wp-content\/uploads\/2018\/11\/DSCI3755___-150x150.jpg\" alt=\"\" width=\"150\" height=\"150\" \/><\/a>\u00a0\u00a0 <img loading=\"lazy\" decoding=\"async\" class=\"alignnone wp-image-2300 size-thumbnail\" src=\"https:\/\/sonntagsches-haus.de\/wp-content\/uploads\/2018\/12\/DSCI3757__-150x150.jpg\" alt=\"\" width=\"150\" height=\"150\" \/>\u00a0\u00a0 <a href=\"https:\/\/sonntagsches-haus.de\/wp-content\/uploads\/2019\/05\/DSCI3813__.jpg\" target=\"_blank\" rel=\"noopener noreferrer\"><img loading=\"lazy\" decoding=\"async\" class=\"alignnone wp-image-2349 size-thumbnail\" src=\"https:\/\/sonntagsches-haus.de\/wp-content\/uploads\/2019\/05\/DSCI3813__-150x150.jpg\" alt=\"\" width=\"150\" height=\"150\" \/><\/a><\/p>\n<p>Fortsetzung siehe 2019.<\/p>\n<p>&nbsp;<\/p>\n<p><a title=\"nach oben \u00dcber uns\" href=\"https:\/\/sonntagsches-haus.de\/?page_id=2140\"><img loading=\"lazy\" decoding=\"async\" class=\"alignnone wp-image-1008 size-full\" src=\"https:\/\/sonntagsches-haus.de\/wp-content\/uploads\/2014\/09\/nach-oben.jpg\" alt=\"nach oben\" width=\"101\" height=\"42\" \/><\/a><\/p>\n","protected":false},"excerpt":{"rendered":"<p>Schwerpunkt\u00a0f\u00fcr 2018\u00a0war\u00a0die Sanierung der ehemaligen kleinen K\u00fcche im OG. Es soll hier ein einfacher Waschraum mit WC entstehen.\u00a0Die Arbeiten werden 2019 fortgesetzt. Juni: Nach umfangreichen Vorbereitungsarbeiten wurden die W\u00e4nde und die Decke\u00a0maurerm\u00e4\u00dfig ausgebessert und neu mit Lehm verputzt Danach\u00a0galt es\u00a0den Fu\u00dfboden zu erneuern. Dazu musste der alte Fu\u00dfboden\u00a0vollst\u00e4ndig r\u00fcckgebaut werden, damit die Fu\u00dfbodenh\u00f6he eingehalten werden [&hellip;]<\/p>\n","protected":false},"author":1,"featured_media":0,"parent":37,"menu_order":9,"comment_status":"closed","ping_status":"closed","template":"","meta":{"footnotes":""},"_links":{"self":[{"href":"https:\/\/sonntagsches-haus.de\/index.php?rest_route=\/wp\/v2\/pages\/2140"}],"collection":[{"href":"https:\/\/sonntagsches-haus.de\/index.php?rest_route=\/wp\/v2\/pages"}],"about":[{"href":"https:\/\/sonntagsches-haus.de\/index.php?rest_route=\/wp\/v2\/types\/page"}],"author":[{"embeddable":true,"href":"https:\/\/sonntagsches-haus.de\/index.php?rest_route=\/wp\/v2\/users\/1"}],"replies":[{"embeddable":true,"href":"https:\/\/sonntagsches-haus.de\/index.php?rest_route=%2Fwp%2Fv2%2Fcomments&post=2140"}],"version-history":[{"count":32,"href":"https:\/\/sonntagsches-haus.de\/index.php?rest_route=\/wp\/v2\/pages\/2140\/revisions"}],"predecessor-version":[{"id":2617,"href":"https:\/\/sonntagsches-haus.de\/index.php?rest_route=\/wp\/v2\/pages\/2140\/revisions\/2617"}],"up":[{"embeddable":true,"href":"https:\/\/sonntagsches-haus.de\/index.php?rest_route=\/wp\/v2\/pages\/37"}],"wp:attachment":[{"href":"https:\/\/sonntagsches-haus.de\/index.php?rest_route=%2Fwp%2Fv2%2Fmedia&parent=2140"}],"curies":[{"name":"wp","href":"https:\/\/api.w.org\/{rel}","templated":true}]}}