{"id":22,"date":"2022-12-06T20:00:00","date_gmt":"2022-12-06T19:00:00","guid":{"rendered":"http:\/\/sonntag.ara.uberspace.de\/wordpress\/?page_id=22"},"modified":"2025-02-13T10:52:18","modified_gmt":"2025-02-13T09:52:18","slug":"uber-uns","status":"publish","type":"page","link":"https:\/\/sonntagsches-haus.de\/?page_id=22","title":{"rendered":"\u00dcber uns"},"content":{"rendered":"<p><span style=\"color: #0000ff;\"><strong>Sie m\u00f6chten wissen, wer wir sind und was uns bewegt?<br \/>\n<\/strong><\/span><span style=\"color: #0000ff;\"><em><strong><br \/>\n<\/strong><\/em><\/span><strong>Wir sind Freunde des Fachwerkbaus.<br \/>\n<\/strong>Historisches Fachwerk ist f\u00fcr uns etwas ganz Besonderes. Es r\u00fchrt uns an. Die alten Geb\u00e4ude sind nach Hunderten von Jahren \u00a0oftmals\u00a0krumm und schief, wodurch sie einen ganz besonderen Charme verspr\u00fchen. Sie wecken in uns das Interesse f\u00fcr alte Bautechniken, f\u00fcr ein fast verloren gegangenes Wissen \u00fcber traditionelles Handwerk und vermitteln eine Ahnung davon, wie\u00a0einfach und entbehrungsreich die Menschen damals\u00a0lebten.<\/p>\n<p style=\"text-align: justify;\"><strong>Das alte Haus in der Burgstra\u00dfe ist ein wichtiger\u00a0Teil des historischen Stadtbildes.<br \/>\n<\/strong>Historische Fachwerkgeb\u00e4ude gibt es nur noch wenige in Spremberg.<br \/>\nSieht man das SONNTAGSCHE H\u00c4USCHEN muss man es einfach lieb haben.<br \/>\nEs ist \u00fcber 400 Jahre alt, und es hat soviel \u00fcberstanden: Stadtbr\u00e4nde, Hochwasser, Kriege und die DDR-Abrissbirne.<br \/>\n<span style=\"line-height: 1.714285714; font-size: 1rem;\">Sollte es jetzt, in einer f\u00fcr Spremberg besseren Zeit, verloren gehen? Ist es m\u00f6glich, das H\u00e4uschen vor dem Zahn der Zeit zu sch\u00fctzen, dass es weitere 100 Jahre und l\u00e4nger steht?<\/span><\/p>\n<p>Viele B\u00fcrger der Stadt\u00a0schauten in den\u00a0zwanzig Jahren des Leerstandes immer wieder besorgt auf den stetig schlimmer werdenden\u00a0 Zustand der Bausubstanz.<\/p>\n<p>Bilder von 2011, Zustand des Anwesens vor \u00dcbernahme durch die Interessengemeinschaft<style id=\"bwg-style-0\">    #bwg_container1_0 #bwg_container2_0 .bwg-container-0.bwg-standard-thumbnails {      width: 904px;              justify-content: center;        margin:0 auto !important;              background-color: rgba(255, 255, 255, 0.00);            padding-left: 4px;      padding-top: 4px;      max-width: 100%;            }        #bwg_container1_0 #bwg_container2_0 .bwg-container-0.bwg-standard-thumbnails .bwg-item {    justify-content: flex-start;      max-width: 180px;            width: 180px !important;          }    #bwg_container1_0 #bwg_container2_0 .bwg-container-0.bwg-standard-thumbnails .bwg-item a {       margin-right: 4px;       margin-bottom: 4px;    }    #bwg_container1_0 #bwg_container2_0 .bwg-container-0.bwg-standard-thumbnails .bwg-item0 {      padding: 0px;            background-color:rgba(255,255,255, 0.30);      border: 0px none #CCCCCC;      opacity: 1.00;      border-radius: 0;      box-shadow: 0px 0px 0px #888888;    }    #bwg_container1_0 #bwg_container2_0 .bwg-container-0.bwg-standard-thumbnails .bwg-item1 img {      max-height: none;      max-width: none;      padding: 0 !important;    }        @media only screen and (min-width: 480px) {      #bwg_container1_0 #bwg_container2_0 .bwg-container-0.bwg-standard-thumbnails .bwg-item0 {        transition: all 0.3s ease 0s;-webkit-transition: all 0.3s ease 0s;      }      #bwg_container1_0 #bwg_container2_0 .bwg-container-0.bwg-standard-thumbnails .bwg-item0:hover {        -ms-transform: scale(1.1);        -webkit-transform: scale(1.1);        transform: scale(1.1);      }    }          #bwg_container1_0 #bwg_container2_0 .bwg-container-0.bwg-standard-thumbnails .bwg-item1 {      padding-top: 100%;    }        #bwg_container1_0 #bwg_container2_0 .bwg-container-0.bwg-standard-thumbnails .bwg-title2,    #bwg_container1_0 #bwg_container2_0 .bwg-container-0.bwg-standard-thumbnails .bwg-ecommerce2 {      color: #CCCCCC;      font-family: segoe ui;      font-size: 16px;      font-weight: bold;      padding: 2px;      text-shadow: 0px 0px 0px #888888;      max-height: 100%;    }    #bwg_container1_0 #bwg_container2_0 .bwg-container-0.bwg-standard-thumbnails .bwg-thumb-description span {    color: #323A45;    font-family: Ubuntu;    font-size: 12px;    max-height: 100%;    word-wrap: break-word;    }    #bwg_container1_0 #bwg_container2_0 .bwg-container-0.bwg-standard-thumbnails .bwg-play-icon2 {      font-size: 32px;    }    #bwg_container1_0 #bwg_container2_0 .bwg-container-0.bwg-standard-thumbnails .bwg-ecommerce2 {      font-size: 19.2px;      color: #CCCCCC;    }    <\/style>    <div id=\"bwg_container1_0\"         class=\"bwg_container bwg_thumbnail bwg_thumbnails \"         data-right-click-protection=\"0\"         data-bwg=\"0\"         data-scroll=\"0\"         data-gallery-type=\"thumbnails\"         data-gallery-view-type=\"thumbnails\"         data-current-url=\"\/index.php?rest_route=%2Fwp%2Fv2%2Fpages%2F22\"         data-lightbox-url=\"https:\/\/sonntagsches-haus.de\/wp-admin\/admin-ajax.php?action=GalleryBox&#038;current_view=0&#038;gallery_id=29&#038;tag=0&#038;theme_id=1&#038;shortcode_id=32&#038;sort_by=order&#038;order_by=asc&#038;current_url=%2Findex.php%3Frest_route%3D%252Fwp%252Fv2%252Fpages%252F22\"         data-gallery-id=\"29\"         data-popup-width=\"500\"         data-popup-height=\"500\"         data-is-album=\"gallery\"         data-buttons-position=\"bottom\">      <div id=\"bwg_container2_0\">             <div id=\"ajax_loading_0\" class=\"bwg_loading_div_1\">      <div class=\"bwg_loading_div_2\">        <div class=\"bwg_loading_div_3\">          <div id=\"loading_div_0\" class=\"bwg_spider_ajax_loading\">          <\/div>        <\/div>      <\/div>    <\/div>            <form id=\"gal_front_form_0\"              class=\"bwg-hidden\"              method=\"post\"              action=\"#\"              data-current=\"0\"              data-shortcode-id=\"32\"              data-gallery-type=\"thumbnails\"              data-gallery-id=\"29\"              data-tag=\"0\"              data-album-id=\"0\"              data-theme-id=\"1\"              data-ajax-url=\"https:\/\/sonntagsches-haus.de\/wp-admin\/admin-ajax.php?action=bwg_frontend_data\">          <div id=\"bwg_container3_0\" class=\"bwg-background bwg-background-0\">                <div data-max-count=\"5\"         data-thumbnail-width=\"180\"         data-bwg=\"0\"         data-gallery-id=\"29\"         data-lightbox-url=\"https:\/\/sonntagsches-haus.de\/wp-admin\/admin-ajax.php?action=GalleryBox&amp;current_view=0&amp;gallery_id=29&amp;tag=0&amp;theme_id=1&amp;shortcode_id=32&amp;sort_by=order&amp;order_by=asc&amp;current_url=%2Findex.php%3Frest_route%3D%252Fwp%252Fv2%252Fpages%252F22\"         id=\"bwg_thumbnails_0\"         class=\"bwg-container-0 bwg-thumbnails bwg-standard-thumbnails bwg-container bwg-border-box\">            <div class=\"bwg-item\">        <a class=\"bwg-a \"  data-elementor-open-lightbox=\"no\">                <div class=\"bwg-item0 \">          <div class=\"bwg-item1 \">            <div class=\"bwg-item2\">              <img decoding=\"async\" class=\"skip-lazy bwg_standart_thumb_img_0 \"                   data-id=\"156\"                   data-width=\"225\"                   data-height=\"300\"                   data-src=\"https:\/\/sonntagsches-haus.de\/wp-content\/uploads\/photo-gallery\/thumb\/4_2.Blick.jpg\"                   src=\"https:\/\/sonntagsches-haus.de\/wp-content\/uploads\/photo-gallery\/thumb\/4_2.Blick.jpg\"                   alt=\"4_2.Blick\"                   title=\"4_2.Blick\" \/>            <\/div>            <div class=\"\">                                                      <\/div>          <\/div>        <\/div>                        <\/a>              <\/div>            <div class=\"bwg-item\">        <a class=\"bwg-a \"  data-elementor-open-lightbox=\"no\">                <div class=\"bwg-item0 \">          <div class=\"bwg-item1 \">            <div class=\"bwg-item2\">              <img decoding=\"async\" class=\"skip-lazy bwg_standart_thumb_img_0 \"                   data-id=\"155\"                   data-width=\"\"                   data-height=\"\"                   data-src=\"https:\/\/sonntagsches-haus.de\/wp-content\/uploads\/photo-gallery\/thumb\/4_.3.%20Blick.jpg\"                   src=\"https:\/\/sonntagsches-haus.de\/wp-content\/uploads\/photo-gallery\/thumb\/4_.3.%20Blick.jpg\"                   alt=\"4_.3. Blick\"                   title=\"4_.3. Blick\" \/>            <\/div>            <div class=\"\">                                                      <\/div>          <\/div>        <\/div>                        <\/a>              <\/div>            <div class=\"bwg-item\">        <a class=\"bwg-a \"  data-elementor-open-lightbox=\"no\">                <div class=\"bwg-item0 \">          <div class=\"bwg-item1 \">            <div class=\"bwg-item2\">              <img decoding=\"async\" class=\"skip-lazy bwg_standart_thumb_img_0 \"                   data-id=\"157\"                   data-width=\"\"                   data-height=\"\"                   data-src=\"https:\/\/sonntagsches-haus.de\/wp-content\/uploads\/photo-gallery\/thumb\/5_4.%20Blick%20(2).jpg\"                   src=\"https:\/\/sonntagsches-haus.de\/wp-content\/uploads\/photo-gallery\/thumb\/5_4.%20Blick%20(2).jpg\"                   alt=\"5_4. Blick (2)\"                   title=\"5_4. Blick (2)\" \/>            <\/div>            <div class=\"\">                                                      <\/div>          <\/div>        <\/div>                        <\/a>              <\/div>            <div class=\"bwg-item\">        <a class=\"bwg-a \"  data-elementor-open-lightbox=\"no\">                <div class=\"bwg-item0 \">          <div class=\"bwg-item1 \">            <div class=\"bwg-item2\">              <img decoding=\"async\" class=\"skip-lazy bwg_standart_thumb_img_0 \"                   data-id=\"154\"                   data-width=\"300\"                   data-height=\"214\"                   data-src=\"https:\/\/sonntagsches-haus.de\/wp-content\/uploads\/photo-gallery\/thumb\/2.2_Unkraut.jpg\"                   src=\"https:\/\/sonntagsches-haus.de\/wp-content\/uploads\/photo-gallery\/thumb\/2.2_Unkraut.jpg\"                   alt=\"2.2_Unkraut\"                   title=\"2.2_Unkraut\" \/>            <\/div>            <div class=\"\">                                                      <\/div>          <\/div>        <\/div>                        <\/a>              <\/div>            <div class=\"bwg-item\">        <a class=\"bwg-a \"  data-elementor-open-lightbox=\"no\">                <div class=\"bwg-item0 \">          <div class=\"bwg-item1 \">            <div class=\"bwg-item2\">              <img decoding=\"async\" class=\"skip-lazy bwg_standart_thumb_img_0 \"                   data-id=\"153\"                   data-width=\"300\"                   data-height=\"209\"                   data-src=\"https:\/\/sonntagsches-haus.de\/wp-content\/uploads\/photo-gallery\/thumb\/2.1_Unkraut.jpg\"                   src=\"https:\/\/sonntagsches-haus.de\/wp-content\/uploads\/photo-gallery\/thumb\/2.1_Unkraut.jpg\"                   alt=\"2.1_Unkraut\"                   title=\"2.1_Unkraut\" \/>            <\/div>            <div class=\"\">                                                      <\/div>          <\/div>        <\/div>                        <\/a>              <\/div>          <\/div>    <style>      \/*pagination styles*\/      #bwg_container1_0 #bwg_container2_0 .tablenav-pages_0 {\t\t\t\ttext-align: center;\t\t\t\tfont-size: 12px;\t\t\t\tfont-family: segoe ui;\t\t\t\tfont-weight: bold;\t\t\t\tcolor: #666666;\t\t\t\tmargin: 6px 0 4px;\t\t\t\tdisplay: block;      }      @media only screen and (max-width : 320px) {      #bwg_container1_0 #bwg_container2_0 .displaying-num_0 {     \t display: none;      }      }      #bwg_container1_0 #bwg_container2_0 .displaying-num_0 {\t\t\t\tfont-size: 12px;\t\t\t\tfont-family: segoe ui;\t\t\t\tfont-weight: bold;\t\t\t\tcolor: #666666;\t\t\t\tmargin-right: 10px;\t\t\t\tvertical-align: middle;      }      #bwg_container1_0 #bwg_container2_0 .paging-input_0 {\t\t\t\tfont-size: 12px;\t\t\t\tfont-family: segoe ui;\t\t\t\tfont-weight: bold;\t\t\t\tcolor: #666666;\t\t\t\tvertical-align: middle;      }      #bwg_container1_0 #bwg_container2_0 .tablenav-pages_0 a.disabled,      #bwg_container1_0 #bwg_container2_0 .tablenav-pages_0 a.disabled:hover,      #bwg_container1_0 #bwg_container2_0 .tablenav-pages_0 a.disabled:focus,\t\t\t#bwg_container1_0 #bwg_container2_0 .tablenav-pages_0 input.bwg_current_page {\t\t\t\tcursor: default;\t\t\t\tcolor: rgba(102, 102, 102, 0.5);      }      #bwg_container1_0 #bwg_container2_0 .tablenav-pages_0 a,      #bwg_container1_0 #bwg_container2_0 .tablenav-pages_0 input.bwg_current_page {\t\t\t\tcursor: pointer;\t\t\t\ttext-align: center;\t\t\t\tfont-size: 12px;\t\t\t\tfont-family: segoe ui;\t\t\t\tfont-weight: bold;\t\t\t\tcolor: #666666;\t\t\t\ttext-decoration: none;\t\t\t\tpadding: 3px 6px;\t\t\t\tmargin: 0;\t\t\t\tborder-radius: 0;\t\t\t\tborder-style: solid;\t\t\t\tborder-width: 1px;\t\t\t\tborder-color: #E3E3E3;\t\t\t\t\t\t\t\tbackground-color: rgba(255, 255, 255, 1.00);\t\t\t\tbox-shadow: 0;\t\t\t\ttransition: all 0.3s ease 0s;-webkit-transition: all 0.3s ease 0s;      }      <\/style>      <span class=\"bwg_nav_cont_0\">              <div class=\"tablenav-pages_0\">                  <\/div>                <input type=\"hidden\" id=\"page_number_0\" name=\"page_number_0\" value=\"1\" \/>      <script type=\"text\/javascript\">        if( jQuery('.bwg_nav_cont_0').length > 1 ) {          jQuery('.bwg_nav_cont_0').first().remove()        }        function spider_page_0(cur, x, y, load_more) {          if (typeof load_more == \"undefined\") {            var load_more = false;          }          if (jQuery(cur).hasClass('disabled')) {            return false;          }          var items_county_0 = 1;          switch (y) {            case 1:              if (x >= items_county_0) {                document.getElementById('page_number_0').value = items_county_0;              }              else {                document.getElementById('page_number_0').value = x + 1;              }              break;            case 2:              document.getElementById('page_number_0').value = items_county_0;              break;            case -1:              if (x == 1) {                document.getElementById('page_number_0').value = 1;              }              else {                document.getElementById('page_number_0').value = x - 1;              }              break;            case -2:              document.getElementById('page_number_0').value = 1;              break;\t\t\t\t\t\tcase 0:              document.getElementById('page_number_0').value = x;              break;            default:              document.getElementById('page_number_0').value = 1;          }          bwg_ajax('gal_front_form_0', '0', 'bwg_thumbnails_0', '0', '', 'gallery', 0, '', '', load_more, '', 1);        }                    jQuery('.first-page-0').on('click', function () {              spider_page_0(this, 1, -2, 'numeric');              return false;            });            jQuery('.prev-page-0').on('click', function () {              spider_page_0(this, 1, -1, 'numeric');              return false;            });            jQuery('.next-page-0').on('click', function () {              spider_page_0(this, 1, 1, 'numeric');              return false;            });            jQuery('.last-page-0').on('click', function () {              spider_page_0(this, 1, 2, 'numeric');              return false;            });        \t\t\t\t\/* Change page on input enter. *\/        function bwg_change_page_0( e, that ) {          if (  e.key == 'Enter' ) {            var to_page = parseInt(jQuery(that).val());            var pages_count = jQuery(that).parents(\".pagination-links\").data(\"pages-count\");            var current_url_param = jQuery(that).attr('data-url-info');            if (to_page > pages_count) {              to_page = 1;            }\t \t\t\t\t\t\t\t\t\t\t\t\tspider_page_0(this, to_page, 0, 'numeric');\t\t\t\t\t\t\treturn false;\t\t\t\t\t\t          }          return true;        }        jQuery('.bwg_load_btn_0').on('click', function () {            spider_page_0(this, 1, 1, true);            return false;        });      <\/script>      <\/span>                <\/div>        <\/form>              <\/div>    <\/div>    <script>      if (document.readyState === 'complete') {        if( typeof bwg_main_ready == 'function' ) {          if ( jQuery(\"#bwg_container1_0\").height() ) {            bwg_main_ready(jQuery(\"#bwg_container1_0\"));          }        }      } else {        document.addEventListener('DOMContentLoaded', function() {          if( typeof bwg_main_ready == 'function' ) {            if ( jQuery(\"#bwg_container1_0\").height() ) {             bwg_main_ready(jQuery(\"#bwg_container1_0\"));            }          }        });      }    <\/script>    <\/p>\n<p>Regenwasser lief an der Fassade herunter, das Dach bekam L\u00fccken. Im Hof wuchsen wilde Holunderb\u00e4ume, die gegen die Fassade und die Dachkanten scheuerten. Rundherum wucherte das Unkraut, und es sammelte sich Unrat und Abfall im\u00a0Vorgarten.<br \/>\nKann\u00a0sich die Stadt einen solchen\u00a0 Schandfleck leisten?\u00a0 Es ist doch\u00a0 ein wichtiges Baudenkmal dieser Stadt. Und t\u00e4glich\u00a0kommen hier\u00a0viele Menschen vorbei.<br \/>\nAuch wir betrachteten im Freundeskreis oft\u00a0das H\u00e4uschen\u00a0und dachten genau wie viele andere B\u00fcrger: &#8218;Wieso macht hier keiner was<em>?&#8216;<br \/>\n<\/em>Niemand\u00a0wollte\u00a0erleben, dass dieses Kleinod\u00a0abgerissen werden mu\u00df, \u00a0wie viele andere Altstadth\u00e4user zuvor.<br \/>\nUnd irgendwann stellt man sich dann die Frage:<\/p>\n<p style=\"text-align: justify;\"><strong>Was mache\u00a0&#8218;ICH&#8216;?\u00a0 Kann ich etwas tun?<\/strong><br \/>\nWie kann man\u00a0die Restaurierung und den\u00a0Erhalt finanzieren? Kann man\u00a0 einzig und allein auf die Kommune z\u00e4hlen,\u00a0 auf die \u00f6ffentliche Hand? Sind nicht auch private Initiativen erforderlich?\u00a0 Beispiele aus anderen St\u00e4dten zeigten Alternativen auf.<br \/>\nWer hat das n\u00f6tige Fachwissen?\u00a0 Es fand sich ein Kreis an interessierten und tatentschlossenen Freunden.<br \/>\nWir haben das Abenteuer gewagt, das H\u00e4uschen 2012 gekauft und einfach angefangen:<\/p>\n<p style=\"text-align: justify;\"><a href=\"https:\/\/sonntagsches-haus.de\/wp-content\/uploads\/2012\/10\/liebes-altes-haus.jpg\" target=\"_blank\" rel=\"noopener noreferrer\"><img loading=\"lazy\" decoding=\"async\" class=\"aligncenter wp-image-72 size-medium\" title=\"Erstes Plakat zur Information der \u00d6ffentlichkeit\" src=\"https:\/\/sonntagsches-haus.de\/wp-content\/uploads\/2012\/10\/liebes-altes-haus-300x235.jpg\" alt=\"Plakat der Interessengemeinschaft &quot;Sonntagsches Haus&quot; Spremberg\" width=\"300\" height=\"235\" srcset=\"https:\/\/sonntagsches-haus.de\/wp-content\/uploads\/2012\/10\/liebes-altes-haus-300x235.jpg 300w, https:\/\/sonntagsches-haus.de\/wp-content\/uploads\/2012\/10\/liebes-altes-haus-1024x804.jpg 1024w, https:\/\/sonntagsches-haus.de\/wp-content\/uploads\/2012\/10\/liebes-altes-haus-381x300.jpg 381w, https:\/\/sonntagsches-haus.de\/wp-content\/uploads\/2012\/10\/liebes-altes-haus.jpg 1508w\" sizes=\"(max-width: 300px) 100vw, 300px\" \/><\/a><\/p>\n<p style=\"text-align: justify;\"><strong>Vereinsgr\u00fcndung:<br \/>\n<\/strong>Im Januar 2015, drei Jahre sp\u00e4ter, unternahmen wir den n\u00e4chsten Schritt und wandelten\u00a0die zun\u00e4chst unorganisierte\u00a0Interessengemeinschaft in einen eingetragenen und gemeinn\u00fctzigen Verein. Am 20.01.2015 fand die Gr\u00fcndungsversammlung\u00a0statt. Derzeit sind wir 15 Mitglieder.<br \/>\nAufgabe des Vereins Interessengemeinschaft SONNTAGSCHES HAUS SPREMBERG e.V. ist es, kulturelles Leben ins H\u00e4uschen zu bringen und bei der Finanzierung der Betriebskosten mitzuwirken.<strong><br \/>\n<\/strong><br \/>\n<strong>Auszug aus der Satzung:<br \/>\n<\/strong> \u00a7 2 \u00a0Vereinszweck<br \/>\n(1) \u00a0Der Verein verfolgt ausschlie\u00dflich und unmittelbar gemeinn\u00fctzige Zwecke im Sinne des\u00a0Abschnitts &#8222;steuerbeg\u00fcnstigte Zwecke&#8220; der Abgabenordnung.<br \/>\n(2) \u00a0Zweck des Vereins ist die<br \/>\n&#8211; \u00a0 F\u00f6rderung des Denkmalschutzes und der Denkmalpflege<br \/>\n&#8211; \u00a0 F\u00f6rderung von Kunst und Kultur<br \/>\n&#8211; \u00a0 F\u00f6rderung der Jugend- und Altenhilfe<br \/>\n&#8211; \u00a0 F\u00f6rderung der Heimatpflege und Heimatkunde.<\/p>\n<p style=\"text-align: justify;\">Wir m\u00f6chten die Freude an diesem H\u00e4uschen gern mit Ihnen teilen.<br \/>\nBesuchen Sie uns doch mal.<br \/>\n<span style=\"color: #0000ff;\"><em>(<a href=\"https:\/\/sonntagsches-haus.de\/\">unsere \u00d6ffnunngszeiten<\/a> )<\/em><a title=\"Aktuelles\" href=\"https:\/\/sonntagsches-haus.de\/?page_id=990\" target=\"_blank\" rel=\"noopener noreferrer\"><strong><em><br \/>\n<\/em><\/strong><\/a><\/span><\/p>\n<p style=\"text-align: justify;\"><a title=\"nach oben \u00dcber uns\" href=\"https:\/\/sonntagsches-haus.de\/?page_id=22\"><img loading=\"lazy\" decoding=\"async\" class=\"alignnone size-full wp-image-1008\" src=\"https:\/\/sonntagsches-haus.de\/wp-content\/uploads\/2014\/09\/nach-oben.jpg\" alt=\"nach oben\" width=\"101\" height=\"42\" \/><\/a><\/p>\n","protected":false},"excerpt":{"rendered":"<p>Sie m\u00f6chten wissen, wer wir sind und was uns bewegt? Wir sind Freunde des Fachwerkbaus. Historisches Fachwerk ist f\u00fcr uns etwas ganz Besonderes. Es r\u00fchrt uns an. Die alten Geb\u00e4ude sind nach Hunderten von Jahren \u00a0oftmals\u00a0krumm und schief, wodurch sie einen ganz besonderen Charme verspr\u00fchen. Sie wecken in uns das Interesse f\u00fcr alte Bautechniken, f\u00fcr [&hellip;]<\/p>\n","protected":false},"author":1,"featured_media":0,"parent":0,"menu_order":1,"comment_status":"closed","ping_status":"closed","template":"","meta":{"footnotes":""},"_links":{"self":[{"href":"https:\/\/sonntagsches-haus.de\/index.php?rest_route=\/wp\/v2\/pages\/22"}],"collection":[{"href":"https:\/\/sonntagsches-haus.de\/index.php?rest_route=\/wp\/v2\/pages"}],"about":[{"href":"https:\/\/sonntagsches-haus.de\/index.php?rest_route=\/wp\/v2\/types\/page"}],"author":[{"embeddable":true,"href":"https:\/\/sonntagsches-haus.de\/index.php?rest_route=\/wp\/v2\/users\/1"}],"replies":[{"embeddable":true,"href":"https:\/\/sonntagsches-haus.de\/index.php?rest_route=%2Fwp%2Fv2%2Fcomments&post=22"}],"version-history":[{"count":79,"href":"https:\/\/sonntagsches-haus.de\/index.php?rest_route=\/wp\/v2\/pages\/22\/revisions"}],"predecessor-version":[{"id":2778,"href":"https:\/\/sonntagsches-haus.de\/index.php?rest_route=\/wp\/v2\/pages\/22\/revisions\/2778"}],"wp:attachment":[{"href":"https:\/\/sonntagsches-haus.de\/index.php?rest_route=%2Fwp%2Fv2%2Fmedia&parent=22"}],"curies":[{"name":"wp","href":"https:\/\/api.w.org\/{rel}","templated":true}]}}