{"id":2354,"date":"2020-05-30T14:23:38","date_gmt":"2020-05-30T12:23:38","guid":{"rendered":"http:\/\/sonntagsches-haus.de\/?page_id=2354"},"modified":"2020-09-21T20:53:54","modified_gmt":"2020-09-21T18:53:54","slug":"2019-2","status":"publish","type":"page","link":"https:\/\/sonntagsches-haus.de\/?page_id=2354","title":{"rendered":"2019"},"content":{"rendered":"<p>&nbsp;<\/p>\n<p><strong>Fortsetzung der Arbeiten im zuk\u00fcnftigen kleinen Badezimmer im Obergeschoss<\/strong><\/p>\n<p><strong>Jan. &#8211; Februar:<br \/>\n<a href=\"https:\/\/sonntagsches-haus.de\/wp-content\/uploads\/2020\/01\/DSCI3792__.jpg\" target=\"_blank\" rel=\"noopener noreferrer\"><img loading=\"lazy\" decoding=\"async\" class=\"alignleft wp-image-2489 size-thumbnail\" src=\"https:\/\/sonntagsches-haus.de\/wp-content\/uploads\/2020\/01\/DSCI3792__-150x150.jpg\" alt=\"\" width=\"150\" height=\"150\" \/><\/a><a href=\"https:\/\/sonntagsches-haus.de\/wp-content\/uploads\/2020\/01\/DSCI3806__.jpg\" target=\"_blank\" rel=\"noopener noreferrer\"><img loading=\"lazy\" decoding=\"async\" class=\"alignleft wp-image-2490 size-thumbnail\" src=\"https:\/\/sonntagsches-haus.de\/wp-content\/uploads\/2020\/01\/DSCI3806__-150x150.jpg\" alt=\"\" width=\"150\" height=\"150\" \/><\/a><a href=\"https:\/\/sonntagsches-haus.de\/wp-content\/uploads\/2020\/01\/IMG_20190325_072917__.jpg\" target=\"_blank\" rel=\"noopener noreferrer\"><img loading=\"lazy\" decoding=\"async\" class=\"alignleft wp-image-2494 size-thumbnail\" src=\"https:\/\/sonntagsches-haus.de\/wp-content\/uploads\/2020\/01\/IMG_20190325_072917__-150x150.jpg\" alt=\"\" width=\"150\" height=\"150\" \/><\/a><br \/>\n<\/strong>Streichen von Decke und W\u00e4nden;<br \/>\nBohrungen in Fu\u00dfboden f\u00fcr Rohrdurchf\u00fchrungen;<br \/>\nAnlieferung von WC und Bausatz f\u00fcr Komplettdusche;<br \/>\nBestellung der Fliesen<a href=\"https:\/\/sonntagsches-haus.de\/wp-content\/uploads\/2020\/01\/DSCI3806__.jpg\"><br \/>\n<\/a><\/p>\n<p>&nbsp;<\/p>\n<p><strong>M\u00e4rz &#8211; April:<br \/>\n<a href=\"https:\/\/sonntagsches-haus.de\/wp-content\/uploads\/2020\/01\/IMG_20190326_172950__.jpg\"><img loading=\"lazy\" decoding=\"async\" class=\"size-thumbnail wp-image-2493 alignleft\" src=\"https:\/\/sonntagsches-haus.de\/wp-content\/uploads\/2020\/01\/IMG_20190326_172950__-150x150.jpg\" alt=\"\" width=\"150\" height=\"150\" \/><\/a><\/strong><a href=\"https:\/\/sonntagsches-haus.de\/wp-content\/uploads\/2019\/05\/DSCI3997-2_.jpg\" target=\"_blank\" rel=\"noopener noreferrer\"><img loading=\"lazy\" decoding=\"async\" class=\"wp-image-2356 size-thumbnail alignleft\" src=\"https:\/\/sonntagsches-haus.de\/wp-content\/uploads\/2019\/05\/DSCI3997-2_-150x150.jpg\" alt=\"\" width=\"150\" height=\"150\" \/><\/a><a href=\"https:\/\/sonntagsches-haus.de\/wp-content\/uploads\/2019\/05\/IMG_20190412_095842_.jpg\" target=\"_blank\" rel=\"noopener noreferrer\"><img loading=\"lazy\" decoding=\"async\" class=\"alignleft wp-image-2359 \" src=\"https:\/\/sonntagsches-haus.de\/wp-content\/uploads\/2019\/05\/IMG_20190412_095842_-226x300.jpg\" alt=\"\" width=\"114\" height=\"151\" srcset=\"https:\/\/sonntagsches-haus.de\/wp-content\/uploads\/2019\/05\/IMG_20190412_095842_-226x300.jpg 226w, https:\/\/sonntagsches-haus.de\/wp-content\/uploads\/2019\/05\/IMG_20190412_095842_-624x829.jpg 624w, https:\/\/sonntagsches-haus.de\/wp-content\/uploads\/2019\/05\/IMG_20190412_095842_.jpg 669w\" sizes=\"(max-width: 114px) 100vw, 114px\" \/><\/a><\/p>\n<p>Nachdem die Wasser- und Abwasserleitungen\u00a0verlegt wurden und auch die Elektrokan\u00e4le angepasst waren, wurde\u00a0der neue Fu\u00dfboden gefliest.<\/p>\n<p>Danach Einbau von WC, Duschkabine und\u00a0Waschtisch.<\/p>\n<p>&nbsp;<\/p>\n<p><a href=\"https:\/\/sonntagsches-haus.de\/wp-content\/uploads\/2020\/01\/IMG_20190420_162210__.jpg\" target=\"_blank\" rel=\"noopener noreferrer\"><img loading=\"lazy\" decoding=\"async\" class=\"alignleft wp-image-2497 size-thumbnail\" src=\"https:\/\/sonntagsches-haus.de\/wp-content\/uploads\/2020\/01\/IMG_20190420_162210__-150x150.jpg\" alt=\"\" width=\"150\" height=\"150\" \/><\/a><\/p>\n<p>&nbsp;<\/p>\n<p>L\u00fcckenschluss zwischen WC und Schornstein<\/p>\n<p>&nbsp;<\/p>\n<p>&nbsp;<\/p>\n<p><strong>Aber auch an anderen Stellen im Haus wurde weitergearbeitet:<\/strong><\/p>\n<p><strong><a href=\"https:\/\/sonntagsches-haus.de\/wp-content\/uploads\/2019\/05\/DSCI3999_.jpg\"><img loading=\"lazy\" decoding=\"async\" class=\"size-thumbnail wp-image-2357 alignleft\" src=\"https:\/\/sonntagsches-haus.de\/wp-content\/uploads\/2019\/05\/DSCI3999_-150x150.jpg\" alt=\"\" width=\"150\" height=\"150\" \/><\/a><br \/>\n<\/strong>Die Feuerstelle im Schornstein, Flur (Erdgeschoss) bekam einen ordentlichen Klinkerboden.<strong><br \/>\n<\/strong><\/p>\n<p>&nbsp;<\/p>\n<p>&nbsp;<\/p>\n<p>&nbsp;<\/p>\n<p><a href=\"https:\/\/sonntagsches-haus.de\/wp-content\/uploads\/2020\/01\/IMG_20190408_151424__.jpg\"><img loading=\"lazy\" decoding=\"async\" class=\"size-thumbnail wp-image-2477 alignleft\" src=\"https:\/\/sonntagsches-haus.de\/wp-content\/uploads\/2020\/01\/IMG_20190408_151424__-150x150.jpg\" alt=\"\" width=\"150\" height=\"150\" \/><\/a><\/p>\n<p><a href=\"https:\/\/sonntagsches-haus.de\/wp-content\/uploads\/2019\/05\/IMG_20190409_174702_.jpg\" target=\"_blank\" rel=\"noopener noreferrer\"><img loading=\"lazy\" decoding=\"async\" class=\"alignleft wp-image-2358 size-thumbnail\" src=\"https:\/\/sonntagsches-haus.de\/wp-content\/uploads\/2019\/05\/IMG_20190409_174702_-150x150.jpg\" alt=\"\" width=\"150\" height=\"150\" \/><\/a><\/p>\n<p>Nachdem\u00a0die Wasser- und Abwasseranschl\u00fcsse im Obergescho\u00df fertiggestellt wurden, konnte nun endlich der Kanal hinter dem WC im Erdgeschoss geschlossen werden.<\/p>\n<p>&nbsp;<\/p>\n<p>&nbsp;<\/p>\n<p>&nbsp;<\/p>\n<p><strong>Mai &#8211; Juni:<\/strong><br \/>\n<a href=\"https:\/\/sonntagsches-haus.de\/wp-content\/uploads\/2020\/01\/DSCI3805__.jpg\"><img loading=\"lazy\" decoding=\"async\" class=\"size-thumbnail wp-image-2472 alignleft\" src=\"https:\/\/sonntagsches-haus.de\/wp-content\/uploads\/2020\/01\/DSCI3805__-150x150.jpg\" alt=\"\" width=\"150\" height=\"150\" \/><\/a>\u00a0<a href=\"https:\/\/sonntagsches-haus.de\/wp-content\/uploads\/2020\/01\/IMG_20190503_171853__.jpg\" target=\"_blank\" rel=\"noopener noreferrer\"><img loading=\"lazy\" decoding=\"async\" class=\"alignleft wp-image-2475 \" src=\"https:\/\/sonntagsches-haus.de\/wp-content\/uploads\/2020\/01\/IMG_20190503_171853__-300x246.jpg\" alt=\"\" width=\"183\" height=\"150\" srcset=\"https:\/\/sonntagsches-haus.de\/wp-content\/uploads\/2020\/01\/IMG_20190503_171853__-300x246.jpg 300w, https:\/\/sonntagsches-haus.de\/wp-content\/uploads\/2020\/01\/IMG_20190503_171853__-768x630.jpg 768w, https:\/\/sonntagsches-haus.de\/wp-content\/uploads\/2020\/01\/IMG_20190503_171853__-624x512.jpg 624w, https:\/\/sonntagsches-haus.de\/wp-content\/uploads\/2020\/01\/IMG_20190503_171853__.jpg 913w\" sizes=\"(max-width: 183px) 100vw, 183px\" \/><\/a><a href=\"https:\/\/sonntagsches-haus.de\/wp-content\/uploads\/2020\/01\/IMG_20190504_150206_.jpg\"><img loading=\"lazy\" decoding=\"async\" class=\"size-thumbnail wp-image-2473 alignleft\" src=\"https:\/\/sonntagsches-haus.de\/wp-content\/uploads\/2020\/01\/IMG_20190504_150206_-150x150.jpg\" alt=\"\" width=\"150\" height=\"150\" \/><\/a>Die\u00a0verklemmte T\u00fcr zum Treppenflur wurde erstmals nach vielen Jahren wieder ge\u00f6ffnet. Das historische T\u00fcrschlo\u00df wurde repariert und das T\u00fcrblatt von der Altfarbe befreit und geschliffen.<\/p>\n<p>&nbsp;<\/p>\n<p>&nbsp;<\/p>\n<p><strong>Juli:<br \/>\n<a href=\"https:\/\/sonntagsches-haus.de\/wp-content\/uploads\/2020\/01\/DSCI4175__.jpg\" target=\"_blank\" rel=\"noopener noreferrer\"><img loading=\"lazy\" decoding=\"async\" class=\"alignleft wp-image-2484 size-thumbnail\" src=\"https:\/\/sonntagsches-haus.de\/wp-content\/uploads\/2020\/01\/DSCI4175__-150x150.jpg\" alt=\"\" width=\"150\" height=\"150\" \/><\/a><\/strong><\/p>\n<p>Einbau eines Regals in die Wandnische und hinter das WC im Bad im OG;<br \/>\nAnbau von\u00a0Heizk\u00f6rper und Handtuchhalter<strong><br \/>\n<\/strong><\/p>\n<p>&nbsp;<\/p>\n<p>&nbsp;<\/p>\n<p><strong>August &#8211; Sept.:<br \/>\n<\/strong><a href=\"https:\/\/sonntagsches-haus.de\/wp-content\/uploads\/2020\/01\/DSCI4177__.jpg\"><img loading=\"lazy\" decoding=\"async\" class=\"size-thumbnail wp-image-2478 alignleft\" src=\"https:\/\/sonntagsches-haus.de\/wp-content\/uploads\/2020\/01\/DSCI4177__-150x150.jpg\" alt=\"\" width=\"150\" height=\"150\" \/><\/a><\/p>\n<p>Nach sieben Jahren\u00a0ist es Zeit, das Fachwerk erneut mit Holzschutz und Lasur zu pflegen. Begonnen haben wir damit im August. Werden diese Arbeit im Folgejahr fortsetzen.<\/p>\n<p>Viele Kleinarbeiten sind noch zu erledigen bis zur Fertigmeldung am Jahresende.<\/p>\n<p>&nbsp;<\/p>\n<p><strong>Oktober:<br \/>\n<\/strong><a href=\"https:\/\/sonntagsches-haus.de\/wp-content\/uploads\/2020\/01\/IMG_20191015_120222__.jpg\" target=\"_blank\" rel=\"noopener noreferrer\"><img loading=\"lazy\" decoding=\"async\" class=\"wp-image-2480 alignleft\" src=\"https:\/\/sonntagsches-haus.de\/wp-content\/uploads\/2020\/01\/IMG_20191015_120222__-300x232.jpg\" alt=\"\" width=\"150\" height=\"116\" srcset=\"https:\/\/sonntagsches-haus.de\/wp-content\/uploads\/2020\/01\/IMG_20191015_120222__-300x232.jpg 300w, https:\/\/sonntagsches-haus.de\/wp-content\/uploads\/2020\/01\/IMG_20191015_120222__.jpg 557w\" sizes=\"(max-width: 150px) 100vw, 150px\" \/><\/a><\/p>\n<p>Diese\u00a0historische Spreewaldtruhe wurde uns von einem Vereinsmitglied \u00fcberlassen. Auf ihr steht die Jahreszahl 1860 zu lesen. Sie fand ihr Pl\u00e4tzchen in der K\u00fcche.<br \/>\nEs musste vieles umger\u00e4umt und neu geordnet werden. Werkzeuge und Baumaterialien verschwinden nun langsam aus dem H\u00e4uschen.<\/p>\n<p><strong>Nov. &#8211; Dez.:<br \/>\n<\/strong>Endlich wurde nun auch der Wasserkasten f\u00fcr die Sp\u00fclung der Toilette im Erdgescho\u00df angebaut und angeschlossen.<\/p>\n<p>Das war der letzte entscheidende Akt f\u00fcr den Abschlu\u00df der laut Bauplan vorgesehenen Sanierungsarbeiten.<br \/>\n<strong>Am 15. Dezember erfolgte fristgem\u00e4\u00df die Fertigmeldung und der Antrag auf Bauabnahme an die Bauordnungsbeh\u00f6rde und die Denkmalbeh\u00f6rde<\/strong>.<\/p>\n<p><strong>Im Mai 2020 erfolgte die Best\u00e4tigung durch die Beh\u00f6rden.<\/strong><\/p>\n<p>&nbsp;<\/p>\n<p><a href=\"https:\/\/sonntagsches-haus.de\/wp-content\/uploads\/2014\/09\/nach-oben.jpg\"><img loading=\"lazy\" decoding=\"async\" class=\"alignnone size-full wp-image-1008\" src=\"https:\/\/sonntagsches-haus.de\/wp-content\/uploads\/2014\/09\/nach-oben.jpg\" alt=\"\" width=\"101\" height=\"42\" \/><\/a><\/p>\n<p>&nbsp;<\/p>\n","protected":false},"excerpt":{"rendered":"<p>&nbsp; Fortsetzung der Arbeiten im zuk\u00fcnftigen kleinen Badezimmer im Obergeschoss Jan. &#8211; Februar: Streichen von Decke und W\u00e4nden; Bohrungen in Fu\u00dfboden f\u00fcr Rohrdurchf\u00fchrungen; Anlieferung von WC und Bausatz f\u00fcr Komplettdusche; Bestellung der Fliesen &nbsp; M\u00e4rz &#8211; April: Nachdem die Wasser- und Abwasserleitungen\u00a0verlegt wurden und auch die Elektrokan\u00e4le angepasst waren, wurde\u00a0der neue Fu\u00dfboden gefliest. Danach Einbau [&hellip;]<\/p>\n","protected":false},"author":1,"featured_media":0,"parent":37,"menu_order":11,"comment_status":"closed","ping_status":"closed","template":"","meta":{"footnotes":""},"_links":{"self":[{"href":"https:\/\/sonntagsches-haus.de\/index.php?rest_route=\/wp\/v2\/pages\/2354"}],"collection":[{"href":"https:\/\/sonntagsches-haus.de\/index.php?rest_route=\/wp\/v2\/pages"}],"about":[{"href":"https:\/\/sonntagsches-haus.de\/index.php?rest_route=\/wp\/v2\/types\/page"}],"author":[{"embeddable":true,"href":"https:\/\/sonntagsches-haus.de\/index.php?rest_route=\/wp\/v2\/users\/1"}],"replies":[{"embeddable":true,"href":"https:\/\/sonntagsches-haus.de\/index.php?rest_route=%2Fwp%2Fv2%2Fcomments&post=2354"}],"version-history":[{"count":42,"href":"https:\/\/sonntagsches-haus.de\/index.php?rest_route=\/wp\/v2\/pages\/2354\/revisions"}],"predecessor-version":[{"id":2618,"href":"https:\/\/sonntagsches-haus.de\/index.php?rest_route=\/wp\/v2\/pages\/2354\/revisions\/2618"}],"up":[{"embeddable":true,"href":"https:\/\/sonntagsches-haus.de\/index.php?rest_route=\/wp\/v2\/pages\/37"}],"wp:attachment":[{"href":"https:\/\/sonntagsches-haus.de\/index.php?rest_route=%2Fwp%2Fv2%2Fmedia&parent=2354"}],"curies":[{"name":"wp","href":"https:\/\/api.w.org\/{rel}","templated":true}]}}