{"id":2987,"date":"2025-02-13T10:20:40","date_gmt":"2025-02-13T09:20:40","guid":{"rendered":"https:\/\/sonntagsches-haus.de\/?page_id=2987"},"modified":"2025-02-13T10:48:45","modified_gmt":"2025-02-13T09:48:45","slug":"vereinsleben-rueckblick-auf-2013-und-2014","status":"publish","type":"page","link":"https:\/\/sonntagsches-haus.de\/?page_id=2987","title":{"rendered":"Vereinsleben 2013 und 2014"},"content":{"rendered":"<h1><span style=\"color: #0000ff;\">Highlights 2014<\/span><\/h1>\n<p><em><span style=\"color: #0000ff;\">12.-13. Dezember 2014<br \/>\n<\/span><\/em><span style=\"color: #0000ff;\"><strong>Lichterfest in Spremberg<br \/>\n<\/strong><\/span><span style=\"color: #0000ff;\"><strong><a href=\"https:\/\/sonntagsches-haus.de\/wp-content\/uploads\/2014\/10\/DSCI6410_.jpg\" target=\"_blank\" rel=\"noopener noreferrer\"><img loading=\"lazy\" decoding=\"async\" class=\"alignleft wp-image-1207 \" src=\"https:\/\/sonntagsches-haus.de\/wp-content\/uploads\/2014\/10\/DSCI6410_-300x225.jpg\" alt=\"DSCI6410_\" width=\"239\" height=\"179\" srcset=\"https:\/\/sonntagsches-haus.de\/wp-content\/uploads\/2014\/10\/DSCI6410_-300x225.jpg 300w, https:\/\/sonntagsches-haus.de\/wp-content\/uploads\/2014\/10\/DSCI6410_-624x468.jpg 624w, https:\/\/sonntagsches-haus.de\/wp-content\/uploads\/2014\/10\/DSCI6410_.jpg 1024w\" sizes=\"(max-width: 239px) 100vw, 239px\" \/><\/a><\/strong><\/span>Auch am 3. Advent <span style=\"color: #333333;\">2014 <\/span>wurden im H\u00e4uschen wieder Besucher willkommen gehei\u00dfen, und es wird wohl eine Tradition werden, dass sich das \u00e4lteste Wohnhaus der Stadt zum Lichterfest in\u00a0 Spremberg \u00f6ffnet und damit seinen Beitrag zur Weihnachtsstimmung liefert.<br \/>\nAn beiden Tagen kamen wieder insgesamt an die 200 Besucher. Viele genossen die gem\u00fctliche Atmosph\u00e4re und setzten sich f\u00fcr ein Glas Gl\u00fchwein oder Fr\u00fcchtetee mit an den gro\u00dfen Tisch in der Wohnk\u00fcche. Und es entwickelten sich in\u00a0 offener Runde interessante Gespr\u00e4che. Damit ist die neue Rolle des H\u00e4uschens als St\u00e4tte der Begegnung eingel\u00e4utet.<br \/>\nSogar der Weihnachtsmann, einer seiner Wichtel, der Schneemann und die Eisk\u00f6nigin kamen auf einen Besuch herein. Ein wundersch\u00f6ner H\u00f6hepunkt.<br \/>\nWir bedanken uns bei den Besuchern f\u00fcr das Interesse und die freundlichen Spenden, die in die Schornsteinsanierung eingehen werden.<\/p>\n<p><em><span style=\"color: #0000ff;\">22. November 2014<\/span><\/em><br \/>\n<strong><span style=\"color: #0000ff;\">Fototermin auf B9<\/span><\/strong><br \/>\n<a href=\"https:\/\/sonntagsches-haus.de\/wp-content\/uploads\/2014\/10\/22-11-14___.jpg\" target=\"_blank\" rel=\"noopener noreferrer\"><img loading=\"lazy\" decoding=\"async\" class=\"alignleft wp-image-1214 \" src=\"https:\/\/sonntagsches-haus.de\/wp-content\/uploads\/2014\/10\/22-11-14___-300x203.jpg\" alt=\"22-11-14___\" width=\"241\" height=\"163\" srcset=\"https:\/\/sonntagsches-haus.de\/wp-content\/uploads\/2014\/10\/22-11-14___-300x203.jpg 300w, https:\/\/sonntagsches-haus.de\/wp-content\/uploads\/2014\/10\/22-11-14___-624x424.jpg 624w, https:\/\/sonntagsches-haus.de\/wp-content\/uploads\/2014\/10\/22-11-14___.jpg 974w\" sizes=\"(max-width: 241px) 100vw, 241px\" \/><\/a><\/p>\n<p>Anl\u00e4\u00dflich eines Fototermins f\u00fcr die Erstellung der Dokumentation zum Wettbewerb &#8218;Altstadthelden gesucht&#8216; seitens des Ministeriums MIL in Potsdam kamen zur w\u00fcrdigen Unterst\u00fctzung des Vorhabens einige Spremberger Originale und Freunde der Interessengemeinschaft zu Besuch.<br \/>\nFoto: dbo1<\/p>\n<p class=\"portal\"><em><span style=\"color: #0000ff;\">August 2014<br \/>\n<\/span><\/em><strong><span style=\"color: #0000ff;\">Altstadthelden<\/span><\/strong><br \/>\nDie Interessengemeinschaft SONNTAGSCHES HAUS SPREMBERG hat im Mai einen Fachbeitrag zum 5. Innenstadtwettbewerb des Ministerium f\u00fcr Infrastruktur und Landwirtschaft des Landes Brandenburg unter dem Motto &#8218;Altstadthelden gesucht&#8216; eingereicht.<br \/>\nEnde August erfuhren wir, dass wir zu den Preistr\u00e4gern geh\u00f6ren.<\/p>\n<p class=\"portal\"><span style=\"color: #333333;\">Pressemitteilung des MIL\u00a0 vom<\/span> 28.08.2014<a href=\"https:\/\/www.google.com\/search?newwindow=1&amp;tbm=isch&amp;tbs=simg:CAQSZxplCxCo1NgEGgQIAAgDDAsQsIynCBo8CjoIAhIU-Re8Jb4n6h2jJMQmxSaNJL0n5CYaIL0hXRQFJLDlg1lXzbpiSpXV_1nF8-YaRnys3kkgZdbIFDAsQjq7-CBoKCggIARIEZlnBAAw,isz:l&amp;sa=X&amp;ei=_F0gVLeAG8b8ygO2mIDQAQ&amp;ved=0CB4Q2A4oAw&amp;biw=1422&amp;bih=740&amp;dpr=0.9#facrc=_&amp;imgdii=_&amp;imgrc=3o3Hp5BRt0Y_PM%253A%3B4kgTwNTrWg9-bM%3Bhttp%253A%252F%252Fzukunft-innenstadt.brandenburg.de%252Fmedia_fast%252F4058%252FSAM_2363_1.jpg%3Bhttp%253A%252F%252Fzukunft-innenstadt.brandenburg.de%252Fcms%252Fdetail.php%252Fbb1.c.375378.de%3B1728%3B1152\" target=\"_blank\" rel=\"noopener noreferrer\"><img loading=\"lazy\" decoding=\"async\" class=\"alignleft wp-image-996\" title=\"Link\" src=\"https:\/\/sonntagsches-haus.de\/wp-content\/uploads\/2014\/09\/Urkunde.jpg\" alt=\"Urkunde\" width=\"144\" height=\"201\" srcset=\"https:\/\/sonntagsches-haus.de\/wp-content\/uploads\/2014\/09\/Urkunde.jpg 456w, https:\/\/sonntagsches-haus.de\/wp-content\/uploads\/2014\/09\/Urkunde-214x300.jpg 214w\" sizes=\"(max-width: 144px) 100vw, 144px\" \/><\/a><\/p>\n<p>Bauminister J\u00f6rg Vogels\u00e4nger hat\u00a0am 28. August 2014 die Preistr\u00e4ger des 5. Innenstadtwettbewerbs, der unter dem Motto &#8222;Altstadthelden gesucht&#8220; stand, ausgezeichnet. Wir geh\u00f6rten zu den drei Gewinnern.<br \/>\nAn die Akteure aus Altlandsberg, Eberswalde und Spremberg wurden Preisgelder von jeweils 4.000 Euro vergeben.<br \/>\nPreistr\u00e4ger aus Bernau, Calau, Cottbus, Finsterwalde, Kyritz und L\u00fcbbenau erhielten je 1.750 Euro. Ein Sonderpreis von 750 Euro ging an eine Initiative aus Storkow.<br \/>\nWir sind sehr stolz auf diesen Preis und werden das Preisgeld f\u00fcr die weiteren Restaurierungsschritte verwenden.<\/p>\n<p><em><span style=\"color: #0000ff;\">05.-06. Juli 2014<\/span><\/em><br \/>\n<strong><span style=\"color: #0000ff;\">Brandenburg-Tag in Spremberg<br \/>\n<a href=\"https:\/\/sonntagsches-haus.de\/wp-content\/uploads\/2014\/12\/DSCI0104_.jpg\" target=\"_blank\" rel=\"noopener noreferrer\"><img loading=\"lazy\" decoding=\"async\" class=\"alignleft wp-image-1350 \" src=\"https:\/\/sonntagsches-haus.de\/wp-content\/uploads\/2014\/12\/DSCI0104_-150x150.jpg\" alt=\"DSCI0104_\" width=\"150\" height=\"150\" \/><\/a><\/span><\/strong>Ein zweites Mal war das H\u00e4uschen anl\u00e4sslich <span style=\"color: #333333;\">des Brandenburg-Tages in Spremberg<\/span> ge\u00f6ffnet, den \u00fcber 500 Besucher nutzten.<br \/>\nDie Spremberger Keramikk\u00fcnstlerin<span style=\"color: #0000ff;\"> <strong><a style=\"color: #0000ff;\" title=\"Ramona Soyka\" href=\"https:\/\/www.google.com\/search?q=ramona+soyka&amp;newwindow=1&amp;rlz=1C1CHIK_deDE564DE564&amp;espv=2&amp;tbm=isch&amp;imgil=y8ZXb0CTlCZJHM%253A%253Bv_bDAQlfsEHE6M%253Bhttp%25253A%25252F%25252Fwww.lr-online.de%25252Fregionen%25252Fspremberg%25252FAllerhand-Unikate-fuer-Haus-Hof-und-Garten%25253Bart1050%25252C4676176&amp;source=iu&amp;pf=m&amp;fir=y8ZXb0CTlCZJHM%253A%252Cv_bDAQlfsEHE6M%252C_&amp;usg=__laJG3m4A_1VYJpR5kPdOfdbCsZ0%3D&amp;biw=1422&amp;bih=787&amp;dpr=0.9&amp;ved=0CD4Qyjc&amp;ei=zs6rVKqRNYTOaOT3geAI#facrc=_&amp;imgdii=_&amp;imgrc=y8ZXb0CTlCZJHM%253A%3Bv_bDAQlfsEHE6M%3Bhttp%253A%252F%252Fwww.lr-online.de%252Fstorage%252Fscl%252Fxmliosimport%252Fspr%252F3135920_m1t1w500q75v12305_201407171684-G6V52IP6F.1-ORG.jpg%253Fversion%253D1405648632%3Bhttp%253A%252F%252Fwww.lr-online.de%252Fregionen%252Fspremberg%252FAllerhand-Unikate-fuer-Haus-Hof-und-Garten%253Bart1050%252C4676176%3B500%3B322\" target=\"_blank\" rel=\"noopener noreferrer\">Ramona Soyka<\/a>, <\/strong>Betreiberin der <strong><a style=\"color: #0000ff;\" title=\"allerhand werkstatt\" href=\"http:\/\/sprem.vps.spremberg.de\/index.php?ber=news&amp;pos_top=7&amp;pos_left=3&amp;klick=1&amp;tiefe=0&amp;tm_nr2=4942&amp;no_popup=1&amp;externe_db=\" target=\"_blank\" rel=\"noopener noreferrer\">allerhand-werkstatt<\/a><\/strong> in der Spremberger Burgstrasse Nr. 2,<\/span>\u00a0hat f\u00fcr diesen au\u00dferordentlichen Anla\u00df f\u00fcr uns das H\u00e4uschen in Ton angefertigt.<br \/>\nWir und viele Besucher sind davon begeistert. Vielen Dank Ramona!<\/p>\n<p>&nbsp;<\/p>\n<p style=\"text-align: left;\"><em><span style=\"color: #0000ff;\">April 2014<br \/>\n<\/span><\/em><strong><span style=\"color: #0000ff;\">Wo verlief die historische Stadtmauer?<\/span><\/strong><br \/>\n<a href=\"https:\/\/sonntagsches-haus.de\/wp-content\/uploads\/2014\/02\/03_14-002.jpg\" target=\"_blank\" rel=\"noopener noreferrer\"><img loading=\"lazy\" decoding=\"async\" class=\"alignleft wp-image-875 \" title=\"Reste der ehemaligen Stadtmauer\" src=\"https:\/\/sonntagsches-haus.de\/wp-content\/uploads\/2014\/02\/03_14-002-150x150.jpg\" alt=\"03_14 002\" width=\"150\" height=\"150\" \/><\/a><span style=\"color: #333333;\">Bisher nahm man an, dass das alte H\u00e4uschen direkt an die Stadtmauer gebaut war und deshalb die gro\u00dfen Stadtbr\u00e4nde \u00fcberstanden hatte. Eine Querschachtung im Hof hat ergeben, dass hier keine Reste der Stadtmauer aufzufinden waren, nur Fundamentreste der abgerissenen Nebengeb\u00e4ude.<\/span><br \/>\n<span style=\"color: #333333;\"> Unter der Giebelwand des Nachbargeb\u00e4udes auf der n\u00f6rdlichen Grundst\u00fcckslinie jedoch (ehemals Th\u00fcmmels Gastst\u00e4tte) befindet sich ein breiter Streifen verm\u00f6rtelter Feldsteine. Wir nehmen an, dass dieser die Fundamentierung der ehemaligen Stadtmauer in der N\u00e4he der ehemaligen Pforte ist, die &#8218;Zur Bleiche&#8216;, dem heutigen Pfortenplatz hinaus f\u00fchrte.<\/span><\/p>\n<h1><span style=\"color: #0000ff;\">Highlights 2013<\/span><\/h1>\n<p><em><span style=\"color: #0000ff;\">07. Dezember 2013<br \/>\n<\/span><\/em><span style=\"color: #0000ff;\"><strong>Erster Tag der &#8218;Offenen Baustelle&#8216;<br \/>\n<a href=\"https:\/\/sonntagsches-haus.de\/wp-content\/uploads\/2014\/10\/1.Tag_der_Offenen_Baustelle-103__.jpg\" target=\"_blank\" rel=\"noopener noreferrer\"><img loading=\"lazy\" decoding=\"async\" class=\"alignleft wp-image-1228 \" src=\"https:\/\/sonntagsches-haus.de\/wp-content\/uploads\/2014\/10\/1.Tag_der_Offenen_Baustelle-103__-150x150.jpg\" alt=\"1.Tag_der_Offenen_Baustelle 103__\" width=\"150\" height=\"150\" \/><\/a><\/strong><span style=\"color: #333333;\">Am Samstag vor dem 1. Advent wurde das H\u00e4uschen erstmals teilweise zur Besichtigung ge\u00f6ffnet. Das Echo war gro\u00df und positiv. Wir haben an diesem Tag mehr als 100 Besucher begr\u00fc\u00dfen d\u00fcrfen.\u00a0Immer wieder h\u00f6rten wir die Worte: &#8222;Hier wollte ich schon immer mal &#8218;reinschauen &#8230;&#8220; und &#8222;&#8230; ich bin hier nebenan zur Schule gegangen, immer an dem H\u00e4uschen vorbei.&#8220;<\/span><br \/>\n<span style=\"color: #333333;\"> F\u00fcr das Interesse und die entgegengebrachte Sympathie m\u00f6chten wir uns herzlich bedanken und vor allem f\u00fcr die freundlichen Spenden zur Schornsteinsanierung.<\/span><\/span><\/p>\n","protected":false},"excerpt":{"rendered":"<p>Highlights 2014 12.-13. Dezember 2014 Lichterfest in Spremberg Auch am 3. Advent 2014 wurden im H\u00e4uschen wieder Besucher willkommen gehei\u00dfen, und es wird wohl eine Tradition werden, dass sich das \u00e4lteste Wohnhaus der Stadt zum Lichterfest in\u00a0 Spremberg \u00f6ffnet und damit seinen Beitrag zur Weihnachtsstimmung liefert. An beiden Tagen kamen wieder insgesamt an die 200 [&hellip;]<\/p>\n","protected":false},"author":1,"featured_media":0,"parent":990,"menu_order":0,"comment_status":"closed","ping_status":"closed","template":"","meta":{"footnotes":""},"_links":{"self":[{"href":"https:\/\/sonntagsches-haus.de\/index.php?rest_route=\/wp\/v2\/pages\/2987"}],"collection":[{"href":"https:\/\/sonntagsches-haus.de\/index.php?rest_route=\/wp\/v2\/pages"}],"about":[{"href":"https:\/\/sonntagsches-haus.de\/index.php?rest_route=\/wp\/v2\/types\/page"}],"author":[{"embeddable":true,"href":"https:\/\/sonntagsches-haus.de\/index.php?rest_route=\/wp\/v2\/users\/1"}],"replies":[{"embeddable":true,"href":"https:\/\/sonntagsches-haus.de\/index.php?rest_route=%2Fwp%2Fv2%2Fcomments&post=2987"}],"version-history":[{"count":6,"href":"https:\/\/sonntagsches-haus.de\/index.php?rest_route=\/wp\/v2\/pages\/2987\/revisions"}],"predecessor-version":[{"id":3029,"href":"https:\/\/sonntagsches-haus.de\/index.php?rest_route=\/wp\/v2\/pages\/2987\/revisions\/3029"}],"up":[{"embeddable":true,"href":"https:\/\/sonntagsches-haus.de\/index.php?rest_route=\/wp\/v2\/pages\/990"}],"wp:attachment":[{"href":"https:\/\/sonntagsches-haus.de\/index.php?rest_route=%2Fwp%2Fv2%2Fmedia&parent=2987"}],"curies":[{"name":"wp","href":"https:\/\/api.w.org\/{rel}","templated":true}]}}