{"id":2993,"date":"2025-02-13T10:11:48","date_gmt":"2025-02-13T09:11:48","guid":{"rendered":"https:\/\/sonntagsches-haus.de\/?page_id=2993"},"modified":"2025-02-13T11:40:35","modified_gmt":"2025-02-13T10:40:35","slug":"vereinsleben-rueckblick-auf-2015","status":"publish","type":"page","link":"https:\/\/sonntagsches-haus.de\/?page_id=2993","title":{"rendered":"Vereinsleben 2015"},"content":{"rendered":"<h1><span style=\"color: #0000ff;\"><strong>Highlights 2015<\/strong><\/span><\/h1>\n<p><span style=\"color: #0000ff;\"><em>15. Dezember 2015:<br \/>\n<\/em><strong>Eingang Zuwendungsbescheid<\/strong><\/span><br \/>\n<span style=\"color: #000080;\"><span style=\"color: #0000ff;\"><strong><a style=\"color: #0000ff;\" href=\"https:\/\/sonntagsches-haus.de\/wp-content\/uploads\/2014\/09\/Urkunde.jpg\" target=\"_blank\" rel=\"noopener noreferrer\"><img loading=\"lazy\" decoding=\"async\" class=\"alignleft wp-image-996 \" src=\"https:\/\/sonntagsches-haus.de\/wp-content\/uploads\/2014\/09\/Urkunde-214x300.jpg\" alt=\"Urkunde\" width=\"118\" height=\"165\" srcset=\"https:\/\/sonntagsches-haus.de\/wp-content\/uploads\/2014\/09\/Urkunde-214x300.jpg 214w, https:\/\/sonntagsches-haus.de\/wp-content\/uploads\/2014\/09\/Urkunde.jpg 456w\" sizes=\"(max-width: 118px) 100vw, 118px\" \/><\/a><\/strong><span style=\"text-decoration: underline;\"><a style=\"color: #0000ff; text-decoration: underline;\" href=\"http:\/\/www.mil.brandenburg.de\/cms\/detail.php\/bb1.c.427288.de?highlight=sonntagsches+haus\" target=\"_blank\" rel=\"noopener noreferrer\">Pressemitteilung<\/a>\u00a0des MIL\u00a0<\/span><span style=\"color: #333333;\">\u00a0vom 20.12.2015<\/span><\/span><\/span><\/p>\n<p>Gute Nachrichten: wir bekommen finanzielle Unterst\u00fctzung vom Land Brandenburg durch das Ministerium f\u00fcr Infrastruktur und Landesplanung.<br \/>\nSo k\u00f6nnen wir 2016 die Arbeiten im Obergeschoss\u00a0fortsetzen.<\/p>\n<p>&nbsp;<\/p>\n<p><span style=\"color: #0000ff;\"><em><br \/>\n12. und 13. Dezember 2015:<br \/>\n<\/em><\/span><span style=\"color: #008000;\"><span style=\"color: #0000ff;\"><strong>Lichterfest in Spremberg<\/strong><\/span><br \/>\n<span style=\"color: #333333;\"><a href=\"https:\/\/sonntagsches-haus.de\/wp-content\/uploads\/2015\/12\/Weihnachtskarte-1.jpg\" target=\"_blank\" rel=\"noopener noreferrer\"><img loading=\"lazy\" decoding=\"async\" class=\"alignleft wp-image-1632 \" src=\"https:\/\/sonntagsches-haus.de\/wp-content\/uploads\/2015\/12\/Weihnachtskarte-1-150x150.jpg\" alt=\"Weihnachtskarte (1)\" width=\"150\" height=\"150\" \/><\/a><\/span><\/span><\/p>\n<p><span style=\"color: #008000;\"><span style=\"color: #333333;\">Wir\u00a0konnten pro Tag etwa 50 Besucher begr\u00fc\u00dfen. Viele nahmen sich die Zeit, haben sich f\u00fcr ein Weilchen mit an den gro\u00dfen Tisch gesetzt und die Atmosph\u00e4re auf sich wirken lassen.<\/span><br \/>\n<span style=\"color: #333333;\">Bei Kerzenschein, Gl\u00fchwein und selbstgebackenen Pl\u00e4tzchen entwickelten sich spontan angenehme Gespr\u00e4che. Vielen Dank an alle edlen Spender und Spenderinnen.<\/span><\/span><\/p>\n<p>&nbsp;<\/p>\n<p><em><span style=\"color: #0000ff;\">14. November 2015:\u00a0<\/span><\/em><br \/>\n<strong><span style=\"color: #0000ff;\">Tag der offenen T\u00fcr<\/span><\/strong><br \/>\nEs kamen etwa 80 Besucher, die sich\u00a0\u00fcber den Stand der Bauarbeiten im Haus informieren konnten. Wir bedanken uns f\u00fcr die Mut machenden\u00a0Worte\u00a0und freundlichen Spenden. Au\u00dferdem vielen Dank an unsere Nachbarin, Frau Birgit Heinl, die\u00a0Apfelkuchen gebacken hatte, der so frisch gern verkostet wurde.<\/p>\n<p><em><span style=\"color: #0000ff;\">12. September 2015<\/span><\/em>:\u00a0 Artikel im M\u00e4rkischen Boten<br \/>\n<span style=\"color: #0000ff;\"><a style=\"color: #0000ff;\" href=\"http:\/\/maerkischer-bote.de\/2015\/09\/11\/spremberg-sonntagsches-haus-wird-maerchenhaft\/\" target=\"_blank\" rel=\"noopener noreferrer\">&#8222;Sonntagsches Haus wird m\u00e4rchenhaft<\/a><\/span><\/p>\n<p><em><span style=\"color: #0000ff;\">11. April und 10. Mai 2015<br \/>\n<\/span><\/em><span style=\"color: #0000ff;\"><strong>Zweiter und dritter Lichtbildervortrag<\/strong><\/span><em><span style=\"color: #0000ff;\"><br \/>\n<span style=\"color: #333333;\">\u00fcber die 3 Phasen der Restaurierungsarbeiten<\/span><\/span><\/em><\/p>\n<p><em><span style=\"color: #0000ff;\">11. M\u00e4rz 2015<\/span><\/em><br \/>\n<strong><span style=\"color: #0000ff;\">Erster Lichtbildervortrag<\/span><\/strong><br \/>\nEs gab einen\u00a0Bericht in der<span style=\"color: #333333;\"> Lausitzer Rundschau\u00a0vom 16.<\/span>03.2015 mit vielen Bildern vom H\u00e4uschen.<\/p>\n<p><em><span style=\"color: #0000ff;\">20. Januar 2015<\/span><\/em><br \/>\n<strong><span style=\"color: #0000ff;\">Gr\u00fcndungsversammlung des Vereins Interessengemeinschaft SONNTAGSCHES HAUS SPREMBERG e.V.<br \/>\n<\/span><\/strong><span style=\"color: #333333;\">Am 26.02.2015 erhielten wir den Bescheid vom Finanzamt Cottbus \u00fcber die Feststellung der Einhaltung der satzungsm\u00e4\u00dfigen Voraussetzungen nach den \u00a7\u00a7 51, 59, 60 und 61 AO.<br \/>\nDer Bescheid \u00fcber die Eintragung in das Vereinsregister vom<\/span> Amtsgericht Cottbus erreichte uns am 01. April 2015, bestimmt nicht als Scherz gemeint.<\/p>\n<p>&nbsp;<\/p>\n","protected":false},"excerpt":{"rendered":"<p>Highlights 2015 15. Dezember 2015: Eingang Zuwendungsbescheid Pressemitteilung\u00a0des MIL\u00a0\u00a0vom 20.12.2015 Gute Nachrichten: wir bekommen finanzielle Unterst\u00fctzung vom Land Brandenburg durch das Ministerium f\u00fcr Infrastruktur und Landesplanung. So k\u00f6nnen wir 2016 die Arbeiten im Obergeschoss\u00a0fortsetzen. &nbsp; 12. und 13. Dezember 2015: Lichterfest in Spremberg Wir\u00a0konnten pro Tag etwa 50 Besucher begr\u00fc\u00dfen. Viele nahmen sich die Zeit, [&hellip;]<\/p>\n","protected":false},"author":1,"featured_media":0,"parent":990,"menu_order":0,"comment_status":"closed","ping_status":"closed","template":"","meta":{"footnotes":""},"_links":{"self":[{"href":"https:\/\/sonntagsches-haus.de\/index.php?rest_route=\/wp\/v2\/pages\/2993"}],"collection":[{"href":"https:\/\/sonntagsches-haus.de\/index.php?rest_route=\/wp\/v2\/pages"}],"about":[{"href":"https:\/\/sonntagsches-haus.de\/index.php?rest_route=\/wp\/v2\/types\/page"}],"author":[{"embeddable":true,"href":"https:\/\/sonntagsches-haus.de\/index.php?rest_route=\/wp\/v2\/users\/1"}],"replies":[{"embeddable":true,"href":"https:\/\/sonntagsches-haus.de\/index.php?rest_route=%2Fwp%2Fv2%2Fcomments&post=2993"}],"version-history":[{"count":3,"href":"https:\/\/sonntagsches-haus.de\/index.php?rest_route=\/wp\/v2\/pages\/2993\/revisions"}],"predecessor-version":[{"id":3064,"href":"https:\/\/sonntagsches-haus.de\/index.php?rest_route=\/wp\/v2\/pages\/2993\/revisions\/3064"}],"up":[{"embeddable":true,"href":"https:\/\/sonntagsches-haus.de\/index.php?rest_route=\/wp\/v2\/pages\/990"}],"wp:attachment":[{"href":"https:\/\/sonntagsches-haus.de\/index.php?rest_route=%2Fwp%2Fv2%2Fmedia&parent=2993"}],"curies":[{"name":"wp","href":"https:\/\/api.w.org\/{rel}","templated":true}]}}