{"id":2997,"date":"2025-02-13T10:13:37","date_gmt":"2025-02-13T09:13:37","guid":{"rendered":"https:\/\/sonntagsches-haus.de\/?page_id=2997"},"modified":"2025-02-13T11:41:07","modified_gmt":"2025-02-13T10:41:07","slug":"vereinsleben-rueckblick-auf-2017","status":"publish","type":"page","link":"https:\/\/sonntagsches-haus.de\/?page_id=2997","title":{"rendered":"Vereinsleben 2017"},"content":{"rendered":"<h1><span style=\"color: #0000ff;\"><strong>Highlights 2017<\/strong><\/span><\/h1>\n<p><em><span style=\"color: #0000ff;\">Sa, 30. Dezember 2017<\/span><\/em><br \/>\n<strong><span style=\"color: #0000ff;\">Stadtf\u00fchrung<br \/>\n<\/span><\/strong><a href=\"https:\/\/sonntagsches-haus.de\/wp-content\/uploads\/2017\/04\/Stadtf\u00fchrung__2017-12-30.jpg\"><img loading=\"lazy\" decoding=\"async\" class=\"alignleft wp-image-2128 \" src=\"https:\/\/sonntagsches-haus.de\/wp-content\/uploads\/2017\/04\/Stadtf\u00fchrung__2017-12-30-300x168.jpg\" alt=\"\" width=\"250\" height=\"140\" srcset=\"https:\/\/sonntagsches-haus.de\/wp-content\/uploads\/2017\/04\/Stadtf\u00fchrung__2017-12-30-300x168.jpg 300w, https:\/\/sonntagsches-haus.de\/wp-content\/uploads\/2017\/04\/Stadtf\u00fchrung__2017-12-30-624x349.jpg 624w, https:\/\/sonntagsches-haus.de\/wp-content\/uploads\/2017\/04\/Stadtf\u00fchrung__2017-12-30.jpg 676w\" sizes=\"(max-width: 250px) 100vw, 250px\" \/><\/a><span style=\"color: #333333;\">Bei Stadtf\u00fchrungen\u00a0kommen Besucher oft\u00a0am \u00e4ltesten\u00a0Wohnhaus der Stadt\u00a0vorbei. <\/span><br \/>\n<span style=\"color: #333333;\">Bei rechtzeitiger Anfrage\u00a0wird das Haus gern f\u00fcr eine Besichtigung ge\u00f6ffnet.<\/span><\/p>\n<p><span style=\"color: #333333;\">So auch geschehen am Tag vor Silvester, wie in der <span style=\"color: #0000ff;\"><a href=\"https:\/\/www.lr-online.de\/lausitz\/spremberg\/liebevoll-eingerichtete-puppenstube-begeistert-besucher_aid-6999148\" target=\"_blank\" rel=\"noopener noreferrer\">Lausitzer Rundschau <\/a> <\/span>v. 02.01.2018 berichtet wurde.<\/span><\/p>\n<p>&nbsp;<\/p>\n<p><span style=\"color: #333333;\"><span style=\"color: #0000ff;\"><em>Sa.,\u00a0 d. 16. Dezember<\/em><\/span><span style=\"color: #0000ff;\"><em> 2017<\/em><\/span><strong><span style=\"color: #0000ff;\"><em><br \/>\n<\/em>Lichterfest <\/span><br \/>\n<\/strong><\/span><\/p>\n<style id=\"bwg-style-0\">    #bwg_container1_0 #bwg_container2_0 .bwg-container-0.bwg-standard-thumbnails {      width: 904px;              justify-content: center;        margin:0 auto !important;              background-color: rgba(255, 255, 255, 0.00);            padding-left: 4px;      padding-top: 4px;      max-width: 100%;            }        #bwg_container1_0 #bwg_container2_0 .bwg-container-0.bwg-standard-thumbnails .bwg-item {    justify-content: flex-start;      max-width: 180px;            width: 180px !important;          }    #bwg_container1_0 #bwg_container2_0 .bwg-container-0.bwg-standard-thumbnails .bwg-item a {       margin-right: 4px;       margin-bottom: 4px;    }    #bwg_container1_0 #bwg_container2_0 .bwg-container-0.bwg-standard-thumbnails .bwg-item0 {      padding: 0px;            background-color:rgba(255,255,255, 0.30);      border: 0px none #CCCCCC;      opacity: 1.00;      border-radius: 0;      box-shadow: 0px 0px 0px #888888;    }    #bwg_container1_0 #bwg_container2_0 .bwg-container-0.bwg-standard-thumbnails .bwg-item1 img {      max-height: none;      max-width: none;      padding: 0 !important;    }        @media only screen and (min-width: 480px) {      #bwg_container1_0 #bwg_container2_0 .bwg-container-0.bwg-standard-thumbnails .bwg-item0 {        transition: all 0.3s ease 0s;-webkit-transition: all 0.3s ease 0s;      }      #bwg_container1_0 #bwg_container2_0 .bwg-container-0.bwg-standard-thumbnails .bwg-item0:hover {        -ms-transform: scale(1.1);        -webkit-transform: scale(1.1);        transform: scale(1.1);      }    }          #bwg_container1_0 #bwg_container2_0 .bwg-container-0.bwg-standard-thumbnails .bwg-item1 {      padding-top: 100%;    }        #bwg_container1_0 #bwg_container2_0 .bwg-container-0.bwg-standard-thumbnails .bwg-title2,    #bwg_container1_0 #bwg_container2_0 .bwg-container-0.bwg-standard-thumbnails .bwg-ecommerce2 {      color: #CCCCCC;      font-family: segoe ui;      font-size: 16px;      font-weight: bold;      padding: 2px;      text-shadow: 0px 0px 0px #888888;      max-height: 100%;    }    #bwg_container1_0 #bwg_container2_0 .bwg-container-0.bwg-standard-thumbnails .bwg-thumb-description span {    color: #323A45;    font-family: Ubuntu;    font-size: 12px;    max-height: 100%;    word-wrap: break-word;    }    #bwg_container1_0 #bwg_container2_0 .bwg-container-0.bwg-standard-thumbnails .bwg-play-icon2 {      font-size: 32px;    }    #bwg_container1_0 #bwg_container2_0 .bwg-container-0.bwg-standard-thumbnails .bwg-ecommerce2 {      font-size: 19.2px;      color: #CCCCCC;    }    <\/style>    <div id=\"bwg_container1_0\"         class=\"bwg_container bwg_thumbnail bwg_thumbnails \"         data-right-click-protection=\"0\"         data-bwg=\"0\"         data-scroll=\"0\"         data-gallery-type=\"thumbnails\"         data-gallery-view-type=\"thumbnails\"         data-current-url=\"\/index.php?rest_route=%2Fwp%2Fv2%2Fpages%2F2997\"         data-lightbox-url=\"https:\/\/sonntagsches-haus.de\/wp-admin\/admin-ajax.php?action=GalleryBox&#038;current_view=0&#038;gallery_id=30&#038;tag=0&#038;theme_id=1&#038;shortcode_id=81&#038;sort_by=order&#038;order_by=asc&#038;current_url=%2Findex.php%3Frest_route%3D%252Fwp%252Fv2%252Fpages%252F2997\"         data-gallery-id=\"30\"         data-popup-width=\"800\"         data-popup-height=\"500\"         data-is-album=\"gallery\"         data-buttons-position=\"bottom\">      <div id=\"bwg_container2_0\">             <div id=\"ajax_loading_0\" class=\"bwg_loading_div_1\">      <div class=\"bwg_loading_div_2\">        <div class=\"bwg_loading_div_3\">          <div id=\"loading_div_0\" class=\"bwg_spider_ajax_loading\">          <\/div>        <\/div>      <\/div>    <\/div>            <form id=\"gal_front_form_0\"              class=\"bwg-hidden\"              method=\"post\"              action=\"#\"              data-current=\"0\"              data-shortcode-id=\"81\"              data-gallery-type=\"thumbnails\"              data-gallery-id=\"30\"              data-tag=\"0\"              data-album-id=\"0\"              data-theme-id=\"1\"              data-ajax-url=\"https:\/\/sonntagsches-haus.de\/wp-admin\/admin-ajax.php?action=bwg_frontend_data\">          <div id=\"bwg_container3_0\" class=\"bwg-background bwg-background-0\">                <div data-max-count=\"5\"         data-thumbnail-width=\"180\"         data-bwg=\"0\"         data-gallery-id=\"30\"         data-lightbox-url=\"https:\/\/sonntagsches-haus.de\/wp-admin\/admin-ajax.php?action=GalleryBox&amp;current_view=0&amp;gallery_id=30&amp;tag=0&amp;theme_id=1&amp;shortcode_id=81&amp;sort_by=order&amp;order_by=asc&amp;current_url=%2Findex.php%3Frest_route%3D%252Fwp%252Fv2%252Fpages%252F2997\"         id=\"bwg_thumbnails_0\"         class=\"bwg-container-0 bwg-thumbnails bwg-standard-thumbnails bwg-container bwg-border-box\">            <div class=\"bwg-item\">        <a class=\"bwg-a  bwg_lightbox\"  data-image-id=\"158\" href=\"https:\/\/sonntagsches-haus.de\/wp-content\/uploads\/photo-gallery\/Weihnachten_2017_1.jpg\" data-elementor-open-lightbox=\"no\">                <div class=\"bwg-item0 \">          <div class=\"bwg-item1 \">            <div class=\"bwg-item2\">              <img decoding=\"async\" class=\"skip-lazy bwg_standart_thumb_img_0 \"                   data-id=\"158\"                   data-width=\"300\"                   data-height=\"223\"                   data-src=\"https:\/\/sonntagsches-haus.de\/wp-content\/uploads\/photo-gallery\/thumb\/Weihnachten_2017_1.jpg\"                   src=\"https:\/\/sonntagsches-haus.de\/wp-content\/uploads\/photo-gallery\/thumb\/Weihnachten_2017_1.jpg\"                   alt=\"Weihnachten_2017_1\"                   title=\"Weihnachten_2017_1\" \/>            <\/div>            <div class=\"\">                                                      <\/div>          <\/div>        <\/div>                        <\/a>              <\/div>            <div class=\"bwg-item\">        <a class=\"bwg-a  bwg_lightbox\"  data-image-id=\"162\" href=\"https:\/\/sonntagsches-haus.de\/wp-content\/uploads\/photo-gallery\/Weihnachten_2017_5.jpg\" data-elementor-open-lightbox=\"no\">                <div class=\"bwg-item0 \">          <div class=\"bwg-item1 \">            <div class=\"bwg-item2\">              <img decoding=\"async\" class=\"skip-lazy bwg_standart_thumb_img_0 \"                   data-id=\"162\"                   data-width=\"233\"                   data-height=\"300\"                   data-src=\"https:\/\/sonntagsches-haus.de\/wp-content\/uploads\/photo-gallery\/thumb\/Weihnachten_2017_5.jpg\"                   src=\"https:\/\/sonntagsches-haus.de\/wp-content\/uploads\/photo-gallery\/thumb\/Weihnachten_2017_5.jpg\"                   alt=\"Weihnachten_2017_5\"                   title=\"Weihnachten_2017_5\" \/>            <\/div>            <div class=\"\">                                                      <\/div>          <\/div>        <\/div>                        <\/a>              <\/div>            <div class=\"bwg-item\">        <a class=\"bwg-a  bwg_lightbox\"  data-image-id=\"190\" href=\"https:\/\/sonntagsches-haus.de\/wp-content\/uploads\/photo-gallery\/IMG_20221127_163902.jpg?bwg=1669753816\" data-elementor-open-lightbox=\"no\">                <div class=\"bwg-item0 \">          <div class=\"bwg-item1 \">            <div class=\"bwg-item2\">              <img decoding=\"async\" class=\"skip-lazy bwg_standart_thumb_img_0 \"                   data-id=\"190\"                   data-width=\"300\"                   data-height=\"225\"                   data-src=\"https:\/\/sonntagsches-haus.de\/wp-content\/uploads\/photo-gallery\/thumb\/IMG_20221127_163902.jpg?bwg=1669753816\"                   src=\"https:\/\/sonntagsches-haus.de\/wp-content\/uploads\/photo-gallery\/thumb\/IMG_20221127_163902.jpg?bwg=1669753816\"                   alt=\"IMG 20221127 163902\"                   title=\"IMG 20221127 163902\" \/>            <\/div>            <div class=\"\">                                                      <\/div>          <\/div>        <\/div>                        <\/a>              <\/div>            <div class=\"bwg-item\">        <a class=\"bwg-a  bwg_lightbox\"  data-image-id=\"161\" href=\"https:\/\/sonntagsches-haus.de\/wp-content\/uploads\/photo-gallery\/Weihnachten_2017_4.jpg\" data-elementor-open-lightbox=\"no\">                <div class=\"bwg-item0 \">          <div class=\"bwg-item1 \">            <div class=\"bwg-item2\">              <img decoding=\"async\" class=\"skip-lazy bwg_standart_thumb_img_0 \"                   data-id=\"161\"                   data-width=\"225\"                   data-height=\"300\"                   data-src=\"https:\/\/sonntagsches-haus.de\/wp-content\/uploads\/photo-gallery\/thumb\/Weihnachten_2017_4.jpg\"                   src=\"https:\/\/sonntagsches-haus.de\/wp-content\/uploads\/photo-gallery\/thumb\/Weihnachten_2017_4.jpg\"                   alt=\"Weihnachten_2017_4\"                   title=\"Weihnachten_2017_4\" \/>            <\/div>            <div class=\"\">                                                      <\/div>          <\/div>        <\/div>                        <\/a>              <\/div>            <div class=\"bwg-item\">        <a class=\"bwg-a  bwg_lightbox\"  data-image-id=\"160\" href=\"https:\/\/sonntagsches-haus.de\/wp-content\/uploads\/photo-gallery\/Weihnachten_2017_3.jpg\" data-elementor-open-lightbox=\"no\">                <div class=\"bwg-item0 \">          <div class=\"bwg-item1 \">            <div class=\"bwg-item2\">              <img decoding=\"async\" class=\"skip-lazy bwg_standart_thumb_img_0 \"                   data-id=\"160\"                   data-width=\"300\"                   data-height=\"214\"                   data-src=\"https:\/\/sonntagsches-haus.de\/wp-content\/uploads\/photo-gallery\/thumb\/Weihnachten_2017_3.jpg\"                   src=\"https:\/\/sonntagsches-haus.de\/wp-content\/uploads\/photo-gallery\/thumb\/Weihnachten_2017_3.jpg\"                   alt=\"Weihnachten_2017_3\"                   title=\"Weihnachten_2017_3\" \/>            <\/div>            <div class=\"\">                                                      <\/div>          <\/div>        <\/div>                        <\/a>              <\/div>          <\/div>    <style>      \/*pagination styles*\/      #bwg_container1_0 #bwg_container2_0 .tablenav-pages_0 {\t\t\t\ttext-align: center;\t\t\t\tfont-size: 12px;\t\t\t\tfont-family: segoe ui;\t\t\t\tfont-weight: bold;\t\t\t\tcolor: #666666;\t\t\t\tmargin: 6px 0 4px;\t\t\t\tdisplay: block;      }      @media only screen and (max-width : 320px) {      #bwg_container1_0 #bwg_container2_0 .displaying-num_0 {     \t display: none;      }      }      #bwg_container1_0 #bwg_container2_0 .displaying-num_0 {\t\t\t\tfont-size: 12px;\t\t\t\tfont-family: segoe ui;\t\t\t\tfont-weight: bold;\t\t\t\tcolor: #666666;\t\t\t\tmargin-right: 10px;\t\t\t\tvertical-align: middle;      }      #bwg_container1_0 #bwg_container2_0 .paging-input_0 {\t\t\t\tfont-size: 12px;\t\t\t\tfont-family: segoe ui;\t\t\t\tfont-weight: bold;\t\t\t\tcolor: #666666;\t\t\t\tvertical-align: middle;      }      #bwg_container1_0 #bwg_container2_0 .tablenav-pages_0 a.disabled,      #bwg_container1_0 #bwg_container2_0 .tablenav-pages_0 a.disabled:hover,      #bwg_container1_0 #bwg_container2_0 .tablenav-pages_0 a.disabled:focus,\t\t\t#bwg_container1_0 #bwg_container2_0 .tablenav-pages_0 input.bwg_current_page {\t\t\t\tcursor: default;\t\t\t\tcolor: rgba(102, 102, 102, 0.5);      }      #bwg_container1_0 #bwg_container2_0 .tablenav-pages_0 a,      #bwg_container1_0 #bwg_container2_0 .tablenav-pages_0 input.bwg_current_page {\t\t\t\tcursor: pointer;\t\t\t\ttext-align: center;\t\t\t\tfont-size: 12px;\t\t\t\tfont-family: segoe ui;\t\t\t\tfont-weight: bold;\t\t\t\tcolor: #666666;\t\t\t\ttext-decoration: none;\t\t\t\tpadding: 3px 6px;\t\t\t\tmargin: 0;\t\t\t\tborder-radius: 0;\t\t\t\tborder-style: solid;\t\t\t\tborder-width: 1px;\t\t\t\tborder-color: #E3E3E3;\t\t\t\t\t\t\t\tbackground-color: rgba(255, 255, 255, 1.00);\t\t\t\tbox-shadow: 0;\t\t\t\ttransition: all 0.3s ease 0s;-webkit-transition: all 0.3s ease 0s;      }      <\/style>      <span class=\"bwg_nav_cont_0\">              <div class=\"tablenav-pages_0\">                  <\/div>                <input type=\"hidden\" id=\"page_number_0\" name=\"page_number_0\" value=\"1\" \/>      <script type=\"text\/javascript\">        if( jQuery('.bwg_nav_cont_0').length > 1 ) {          jQuery('.bwg_nav_cont_0').first().remove()        }        function spider_page_0(cur, x, y, load_more) {          if (typeof load_more == \"undefined\") {            var load_more = false;          }          if (jQuery(cur).hasClass('disabled')) {            return false;          }          var items_county_0 = 1;          switch (y) {            case 1:              if (x >= items_county_0) {                document.getElementById('page_number_0').value = items_county_0;              }              else {                document.getElementById('page_number_0').value = x + 1;              }              break;            case 2:              document.getElementById('page_number_0').value = items_county_0;              break;            case -1:              if (x == 1) {                document.getElementById('page_number_0').value = 1;              }              else {                document.getElementById('page_number_0').value = x - 1;              }              break;            case -2:              document.getElementById('page_number_0').value = 1;              break;\t\t\t\t\t\tcase 0:              document.getElementById('page_number_0').value = x;              break;            default:              document.getElementById('page_number_0').value = 1;          }          bwg_ajax('gal_front_form_0', '0', 'bwg_thumbnails_0', '0', '', 'gallery', 0, '', '', load_more, '', 1);        }                    jQuery('.first-page-0').on('click', function () {              spider_page_0(this, 1, -2, 'numeric');              return false;            });            jQuery('.prev-page-0').on('click', function () {              spider_page_0(this, 1, -1, 'numeric');              return false;            });            jQuery('.next-page-0').on('click', function () {              spider_page_0(this, 1, 1, 'numeric');              return false;            });            jQuery('.last-page-0').on('click', function () {              spider_page_0(this, 1, 2, 'numeric');              return false;            });        \t\t\t\t\/* Change page on input enter. *\/        function bwg_change_page_0( e, that ) {          if (  e.key == 'Enter' ) {            var to_page = parseInt(jQuery(that).val());            var pages_count = jQuery(that).parents(\".pagination-links\").data(\"pages-count\");            var current_url_param = jQuery(that).attr('data-url-info');            if (to_page > pages_count) {              to_page = 1;            }\t \t\t\t\t\t\t\t\t\t\t\t\tspider_page_0(this, to_page, 0, 'numeric');\t\t\t\t\t\t\treturn false;\t\t\t\t\t\t          }          return true;        }        jQuery('.bwg_load_btn_0').on('click', function () {            spider_page_0(this, 1, 1, true);            return false;        });      <\/script>      <\/span>                <\/div>        <\/form>        <style>          #bwg_container1_0 #bwg_container2_0 #spider_popup_overlay_0 {          background-color: #000000;          opacity: 0.70;          }          <\/style>        <div id=\"bwg_spider_popup_loading_0\" class=\"bwg_spider_popup_loading\"><\/div>        <div id=\"spider_popup_overlay_0\" class=\"spider_popup_overlay\" onclick=\"spider_destroypopup(1000)\"><\/div>        <input type=\"hidden\" id=\"bwg_random_seed_0\" value=\"513300959\">                <\/div>    <\/div>    <script>      if (document.readyState === 'complete') {        if( typeof bwg_main_ready == 'function' ) {          if ( jQuery(\"#bwg_container1_0\").height() ) {            bwg_main_ready(jQuery(\"#bwg_container1_0\"));          }        }      } else {        document.addEventListener('DOMContentLoaded', function() {          if( typeof bwg_main_ready == 'function' ) {            if ( jQuery(\"#bwg_container1_0\").height() ) {             bwg_main_ready(jQuery(\"#bwg_container1_0\"));            }          }        });      }    <\/script>    \n<p><span style=\"color: #333333;\">Nicht nur viele liebe Stammg\u00e4ste haben uns auch in diesem Jahr wieder besucht,\u00a0es kamen auch Interessenten, die noch nicht im H\u00e4uschen waren, es aber schon lange vorhatten.\u00a0In gem\u00fctlicher Runde entspannen sich Gespr\u00e4che bei Gl\u00fchwein, Punsch und Weihnachtspl\u00e4tzchen. Wir danken den Besuchern herzlich f\u00fcr die freundlichen\u00a0Spenden.<\/span><\/p>\n<p><span style=\"color: #0000ff;\"><em>Sa. u. So., d. 12. und 13. August<br \/>\n<\/em><strong>Heimatfest 2017<br \/>\n<\/strong><\/span><span style=\"color: #333333;\">An beiden Tagen kamen wieder viele Besucher, die\u00a0die Fortschritte im alten H\u00e4uschen\u00a0sehen wollten.<\/span><br \/>\n<span style=\"color: #333333;\"> Vielen Dank an alle, die uns dabei mit einer Spende unterst\u00fctzen.<\/span><\/p>\n<p><span style=\"color: #333333;\"><a href=\"https:\/\/sonntagsches-haus.de\/wp-content\/uploads\/2017\/08\/DSCI2270-2.jpg\" target=\"_blank\" rel=\"noopener noreferrer\"><img loading=\"lazy\" decoding=\"async\" class=\"alignleft wp-image-2069 \" src=\"https:\/\/sonntagsches-haus.de\/wp-content\/uploads\/2017\/08\/DSCI2270-2-300x208.jpg\" alt=\"DSCI2270 (2)\" width=\"251\" height=\"174\" srcset=\"https:\/\/sonntagsches-haus.de\/wp-content\/uploads\/2017\/08\/DSCI2270-2-300x208.jpg 300w, https:\/\/sonntagsches-haus.de\/wp-content\/uploads\/2017\/08\/DSCI2270-2-768x532.jpg 768w, https:\/\/sonntagsches-haus.de\/wp-content\/uploads\/2017\/08\/DSCI2270-2-1024x709.jpg 1024w, https:\/\/sonntagsches-haus.de\/wp-content\/uploads\/2017\/08\/DSCI2270-2-624x432.jpg 624w\" sizes=\"(max-width: 251px) 100vw, 251px\" \/><\/a>Freundinnen und Freunde\u00a0vom Kreativ-Treff Spremberg haben mit ihren Beitr\u00e4gen die Ausstellung bereichert.\u00a0Cornelia Domko bot h\u00fcbsche Arbeiten\u00a0aus\u00a0Speckstein und\u00a0Karin Hinz vielf\u00e4ltige Accessoires aus\u00a0Filz zum Verkauf an.\u00a0Der Hobbyfotograf Lennert Piltz stellte seinen\u00a0neuen Jahreskalender f\u00fcr 2018 mit wunderbaren Wildtieraufnahmen aus der Spremberger Region vor.<\/span><br \/>\n<span style=\"color: #333333;\"> Auf ein musikalisches St\u00e4ndchen kam am Samstag\u00a0der Gitarrist Siggi mit seiner neuen\u00a0S\u00e4ngerin Daggi vorbei.<\/span><br \/>\n<span style=\"color: #333333;\"> Und nicht zuletzt hat uns unsere Freundin Ute Keckert ein Gedicht gewidmet und vorgetragen.<\/span><br \/>\n<span style=\"color: #333333;\"> Liebe Freunde, Ihr habt uns sehr erfreut,\u00a0 vielen Dank Euch allen.<\/span><\/p>\n<p><span style=\"color: #0000ff;\"><em>Samstag, der 08. April 2017<br \/>\n<\/em><strong>Saisoner\u00f6ffnung zum Fr\u00fchlingsfest<br \/>\n<\/strong><\/span><span style=\"color: #333333;\"><a href=\"https:\/\/sonntagsches-haus.de\/wp-content\/uploads\/2016\/02\/Steffen-Beier_002__.jpg\" target=\"_blank\" rel=\"noopener noreferrer\"><img loading=\"lazy\" decoding=\"async\" class=\"alignleft wp-image-2036 size-thumbnail\" src=\"https:\/\/sonntagsches-haus.de\/wp-content\/uploads\/2016\/02\/Steffen-Beier_002__-150x150.jpg\" alt=\"Steffen Beier_002__\" width=\"150\" height=\"150\" \/><\/a><a href=\"https:\/\/sonntagsches-haus.de\/wp-content\/uploads\/2016\/03\/Steffen-Beier_004__.jpg\" target=\"_blank\" rel=\"noopener noreferrer\"><img loading=\"lazy\" decoding=\"async\" class=\"alignleft wp-image-2040 size-thumbnail\" src=\"https:\/\/sonntagsches-haus.de\/wp-content\/uploads\/2016\/03\/Steffen-Beier_004__-150x150.jpg\" alt=\"Steffen Beier_004__\" width=\"150\" height=\"150\" \/><\/a><\/span><br \/>\n<span style=\"color: #333333;\"> Steffen Beier vom Kreativ-Treff Spremberg<\/span><br \/>\n<span style=\"color: #333333;\"> stellte in unseren R\u00e4umen Teile seines Schaffens<\/span><br \/>\n<span style=\"color: #333333;\"> in einer Verkaufsausstellung vor.<\/span><\/p>\n<p>&nbsp;<\/p>\n<p><span style=\"color: #333333;\"><span style=\"color: #0000ff;\"><em><br \/>\n10. &#8211; 13. April 2017,\u00a0 jeweils von 14 &#8211; 18 Uhr<br \/>\n<\/em><strong>Osterwerkstatt im SONNTAGSCHEN HAUS\u00ae SPREMBERG:<\/strong><\/span><em><strong><br \/>\n<\/strong><\/em><em><a href=\"https:\/\/sonntagsches-haus.de\/wp-content\/uploads\/2016\/01\/Osterei_2016-03-08.jpg\" target=\"_blank\" rel=\"noopener noreferrer\"><img loading=\"lazy\" decoding=\"async\" class=\"alignleft wp-image-2015 size-thumbnail\" src=\"https:\/\/sonntagsches-haus.de\/wp-content\/uploads\/2016\/01\/Osterei_2016-03-08-150x150.jpg\" alt=\"Osterei_2016-03-08\" width=\"150\" height=\"150\" \/><\/a><\/em><\/span><br \/>\n<span style=\"color: #333333;\"> Unter Anleitung von Herrn Alfons Schulze konnten<\/span><br \/>\n<span style=\"color: #333333;\"> Interessenten\u00a0in der Woche vor Ostern<\/span><br \/>\n<span style=\"color: #333333;\">das Ostereiermalen in der sorbischen\u00a0Wachsmaltechnik\u00a0Bossieren\u00a0erlernen bzw. \u00fcben.<\/span><br \/>\n<span style=\"color: #333333;\"> Hierbei wurden alle ben\u00f6tigten Materialien und Ger\u00e4te von Hernn Schulze zur Verf\u00fcgung gestellt.<\/span><br \/>\n<span style=\"color: #333333;\">Dazu gab es\u00a0Kaffee\/ Tee und Geb\u00e4ck von der Interessengemeinschaft.<\/span><\/p>\n<p>&nbsp;<\/p>\n<p><span style=\"color: #333333;\"><span style=\"color: #0000ff;\"><em>Januar 2017:<br \/>\n<\/em><\/span><strong><span style=\"color: #0000ff;\">Finanzierung eines K\u00fcchenherdes ist nun gesichert<\/span><br \/>\n<\/strong><span style=\"color: #0000ff;\"><a href=\"https:\/\/sonntagsches-haus.de\/wp-content\/uploads\/2016\/01\/Spenden\u00fcbergabe-f\u00fcr-K\u00fcchenherd.jpg\" target=\"_blank\" rel=\"noopener noreferrer\"><img loading=\"lazy\" decoding=\"async\" class=\"alignnone wp-image-2004 size-large\" src=\"https:\/\/sonntagsches-haus.de\/wp-content\/uploads\/2016\/01\/Spenden\u00fcbergabe-f\u00fcr-K\u00fcchenherd-1024x278.jpg\" alt=\"Spenden\u00fcbergabe f\u00fcr K\u00fcchenherd\" width=\"625\" height=\"170\" srcset=\"https:\/\/sonntagsches-haus.de\/wp-content\/uploads\/2016\/01\/Spenden\u00fcbergabe-f\u00fcr-K\u00fcchenherd-1024x278.jpg 1024w, https:\/\/sonntagsches-haus.de\/wp-content\/uploads\/2016\/01\/Spenden\u00fcbergabe-f\u00fcr-K\u00fcchenherd-300x81.jpg 300w, https:\/\/sonntagsches-haus.de\/wp-content\/uploads\/2016\/01\/Spenden\u00fcbergabe-f\u00fcr-K\u00fcchenherd-768x208.jpg 768w, https:\/\/sonntagsches-haus.de\/wp-content\/uploads\/2016\/01\/Spenden\u00fcbergabe-f\u00fcr-K\u00fcchenherd-624x169.jpg 624w\" sizes=\"(max-width: 625px) 100vw, 625px\" \/><\/a><\/span><br \/>\nNach der Schornsteinreparatur im vorigen Jahr haben wir nun die Absicht,\u00a0wieder \u00d6fen im\u00a0H\u00e4uschen einzubauen. Hierf\u00fcr hat unser Verein\u00a0prima finanzielle Unterst\u00fctzung bekommen:<br \/>\n&#8211; die <strong><em>ONTRAS Gastransport GmbH <\/em><\/strong>hat uns 200 Euro und<br \/>\n&#8211; die\u00a0<em><strong>VOLKSBANK Spree-Nei\u00dfe e.G.<\/strong><\/em> hat uns daf\u00fcr 1.000 Euro gespendet.\u00a0<strong><br \/>\n<\/strong>Vielen Dank, das ist super. Wir m\u00f6chten damit einen historisierenden\u00a0K\u00fcchenherd\u00a0kaufen und noch in diesem Jahr\u00a0im Erdgeschoss in Betrieb nehmen.<\/span><\/p>\n","protected":false},"excerpt":{"rendered":"<p>Highlights 2017 Sa, 30. Dezember 2017 Stadtf\u00fchrung Bei Stadtf\u00fchrungen\u00a0kommen Besucher oft\u00a0am \u00e4ltesten\u00a0Wohnhaus der Stadt\u00a0vorbei. Bei rechtzeitiger Anfrage\u00a0wird das Haus gern f\u00fcr eine Besichtigung ge\u00f6ffnet. So auch geschehen am Tag vor Silvester, wie in der Lausitzer Rundschau v. 02.01.2018 berichtet wurde. &nbsp; Sa.,\u00a0 d. 16. Dezember 2017 Lichterfest Nicht nur viele liebe Stammg\u00e4ste haben uns auch [&hellip;]<\/p>\n","protected":false},"author":1,"featured_media":0,"parent":990,"menu_order":0,"comment_status":"closed","ping_status":"closed","template":"","meta":{"footnotes":""},"_links":{"self":[{"href":"https:\/\/sonntagsches-haus.de\/index.php?rest_route=\/wp\/v2\/pages\/2997"}],"collection":[{"href":"https:\/\/sonntagsches-haus.de\/index.php?rest_route=\/wp\/v2\/pages"}],"about":[{"href":"https:\/\/sonntagsches-haus.de\/index.php?rest_route=\/wp\/v2\/types\/page"}],"author":[{"embeddable":true,"href":"https:\/\/sonntagsches-haus.de\/index.php?rest_route=\/wp\/v2\/users\/1"}],"replies":[{"embeddable":true,"href":"https:\/\/sonntagsches-haus.de\/index.php?rest_route=%2Fwp%2Fv2%2Fcomments&post=2997"}],"version-history":[{"count":3,"href":"https:\/\/sonntagsches-haus.de\/index.php?rest_route=\/wp\/v2\/pages\/2997\/revisions"}],"predecessor-version":[{"id":3066,"href":"https:\/\/sonntagsches-haus.de\/index.php?rest_route=\/wp\/v2\/pages\/2997\/revisions\/3066"}],"up":[{"embeddable":true,"href":"https:\/\/sonntagsches-haus.de\/index.php?rest_route=\/wp\/v2\/pages\/990"}],"wp:attachment":[{"href":"https:\/\/sonntagsches-haus.de\/index.php?rest_route=%2Fwp%2Fv2%2Fmedia&parent=2997"}],"curies":[{"name":"wp","href":"https:\/\/api.w.org\/{rel}","templated":true}]}}