{"id":2999,"date":"2025-02-13T10:20:58","date_gmt":"2025-02-13T09:20:58","guid":{"rendered":"https:\/\/sonntagsches-haus.de\/?page_id=2999"},"modified":"2025-02-13T11:41:22","modified_gmt":"2025-02-13T10:41:22","slug":"vereinsleben-rueckblick-auf-2018","status":"publish","type":"page","link":"https:\/\/sonntagsches-haus.de\/?page_id=2999","title":{"rendered":"Vereinsleben 2018"},"content":{"rendered":"<h1><span style=\"color: #0000ff;\"><strong>Highlights 20<\/strong>18<\/span><\/h1>\n<p><em><span style=\"color: #0000ff;\">31. Dezember 2018<br \/>\n<\/span><\/em><strong><span style=\"color: #0000ff;\">Silvestervorfreude<br \/>\n<\/span><\/strong><span style=\"color: #333333;\">Am Vormittag\u00a0kamen 35 Stammg\u00e4ste vom Hotel Inselperle zu Besuch. Sie wollten gern das H\u00e4uschen kennenlernen und bei einem Gl\u00e4schen Gl\u00fchwein Geschichten aus seiner Vergangenheit und der Arbeit unseres Vereins erfahren. Das k\u00f6nnen wir gern wiederholen.<\/span><\/p>\n<p><em><span style=\"color: #0000ff;\"><br \/>\n15. Dezember 2018<\/span><\/em><br \/>\n<span style=\"color: #0000ff;\"><strong>Spremberger Lichterfest am 3. Advent<\/strong><\/span><\/p>\n<p><a href=\"https:\/\/sonntagsches-haus.de\/wp-content\/uploads\/2018\/12\/DSCI3788__.jpg\" target=\"_blank\" rel=\"noopener noreferrer\"><img loading=\"lazy\" decoding=\"async\" class=\"alignleft wp-image-2292 \" src=\"https:\/\/sonntagsches-haus.de\/wp-content\/uploads\/2018\/12\/DSCI3788__-300x224.jpg\" alt=\"\" width=\"270\" height=\"202\" srcset=\"https:\/\/sonntagsches-haus.de\/wp-content\/uploads\/2018\/12\/DSCI3788__-300x224.jpg 300w, https:\/\/sonntagsches-haus.de\/wp-content\/uploads\/2018\/12\/DSCI3788__-768x574.jpg 768w, https:\/\/sonntagsches-haus.de\/wp-content\/uploads\/2018\/12\/DSCI3788__-1024x766.jpg 1024w, https:\/\/sonntagsches-haus.de\/wp-content\/uploads\/2018\/12\/DSCI3788__-624x467.jpg 624w, https:\/\/sonntagsches-haus.de\/wp-content\/uploads\/2018\/12\/DSCI3788__.jpg 1197w\" sizes=\"(max-width: 270px) 100vw, 270px\" \/><\/a>Am Samstag vor dem 3. Advent war das H\u00e4uschen von 13:00 bis 18:00 Uhr ge\u00f6ffnet.<br \/>\nBesucher konnten die Adventsstimmung im H\u00e4uschen erleben, sich \u00fcber die Baufortschritte informierten und bei einem Gl\u00e4schen <em>Hee\u00dfen (mit oder ohne) <\/em>nette Gespr\u00e4che am gro\u00dfen Tisch in der K\u00fcche f\u00fchren. Kinder lernten historisches Spielzeug kennen.<br \/>\nWir danken allen Spendern f\u00fcr ihre freundlichen und gro\u00dfz\u00fcgigen Gaben.<\/p>\n<p>\u00dcbrigens: Es gibt ein neues Model vom Sonntagschen Haus. Klaus Wende, ein Freund von der Spremberger Gartenbahn (auf der Slamener H\u00f6he in Spremberg) hat das H\u00e4uschen im Ma\u00dfstab ca. 1:25 nachgebaut, sogar mit den alten Nebengeb\u00e4uden, die erst 1993 und 1997 abgerissen wurden. Wir sind begeistert.<\/p>\n<p>Sie m\u00f6chten mehr \u00fcber die\u00a0Spremberg Gartenbahn erfahren?\u00a0\u00a0\u00a0&#8211;&gt;\u00a0 <a href=\"https:\/\/www.spremberger-gartenbahn.de\/\" target=\"_blank\" rel=\"noopener noreferrer\"><em>https:\/\/www.spremberger-gartenbahn.de\/<\/em><\/a><\/p>\n<p><span style=\"color: #0000ff;\"><em>16. November 2018<\/em><\/span><br \/>\n<strong><span style=\"color: #0000ff;\">Tag des Vorlesens<\/span> <\/strong>(15. bundesweit begangenener Tag &#8230;)<\/p>\n<p><a href=\"https:\/\/sonntagsches-haus.de\/wp-content\/uploads\/2018\/11\/IMG_20181120_0001.jpg\" target=\"_blank\" rel=\"noopener noreferrer\"><img loading=\"lazy\" decoding=\"async\" class=\"alignleft wp-image-2273 size-thumbnail\" src=\"https:\/\/sonntagsches-haus.de\/wp-content\/uploads\/2018\/11\/IMG_20181120_0001-150x150.jpg\" alt=\"\" width=\"150\" height=\"150\" \/><\/a><a href=\"https:\/\/sonntagsches-haus.de\/wp-content\/uploads\/2018\/11\/DSCI3754__.jpg\" target=\"_blank\" rel=\"noopener noreferrer\"><img loading=\"lazy\" decoding=\"async\" class=\"alignleft wp-image-2272 size-thumbnail\" src=\"https:\/\/sonntagsches-haus.de\/wp-content\/uploads\/2018\/11\/DSCI3754__-150x150.jpg\" alt=\"\" width=\"150\" height=\"150\" \/><\/a>Am Vormittag kam eine Kindergruppe aus der Kita Kollerberg zu Besuch in unser H\u00e4uschen. In der Stube im OG durften es sich die Kinder auf dem gro\u00dfen Bett bequem machen und der Vorleserin Fr. Dr. Heine lauschen.<\/p>\n<p>Am fr\u00fchen Abend, zur D\u00e4mmerstunde kam eine Gruppe Damen von der Freiwillenagentur. Auch diese machten es sich im St\u00fcbchen oben im Haus gem\u00fctlich. Vorleserin war Frau Krickel.<\/p>\n<p>Es war sehr gem\u00fctlich. Wir hoffen, es hat allen so gut gefallen, dass sie es weitererz\u00e4hlen und im n\u00e4chsten Jahr wiederkommen.<\/p>\n<p><em><span style=\"color: #0000ff;\">11. &#8211; 12. August 2018<\/span><\/em><br \/>\n<strong><span style=\"color: #0000ff;\">Heimatfest<\/span> <\/strong><br \/>\nEs kamen an beiden Tagen jeweils mehr als einhundert Besucher ins H\u00e4uschen.<br \/>\nBesonders interessierten sie sich \u00fcber die Baufortschritte im Obergeschoss.<br \/>\nUnsere Freundinnen vom Kreativ-Treff Spremberg Cornelia Domko (Speckstein), Silivia Hunger (Keramik) und Karin Hinz (Na\u00dffilzarbeiten) stellten ihren neuesten Sch\u00f6pfungen\u00a0vor und fanden ebenfalls viel Aufmerksamkeit.<br \/>\nWir danken unseren Besuchern f\u00fcr ihr Interesse und die freundlichen\u00a0Spenden.<\/p>\n<p><span style=\"color: #0000ff;\"><em>Juni &#8211; August 2018<\/em><\/span><br \/>\n<span style=\"color: #0000ff;\"><strong>Bienenk\u00f6rbe auf unserem Hof<\/strong><\/span><\/p>\n<p><a href=\"https:\/\/sonntagsches-haus.de\/wp-content\/uploads\/2018\/09\/DSCI3402-2.jpg\"><img loading=\"lazy\" decoding=\"async\" class=\"size-thumbnail wp-image-2236 alignleft\" src=\"https:\/\/sonntagsches-haus.de\/wp-content\/uploads\/2018\/09\/DSCI3402-2-150x150.jpg\" alt=\"\" width=\"150\" height=\"150\" \/><\/a><a href=\"https:\/\/sonntagsches-haus.de\/wp-content\/uploads\/2018\/09\/DSCI3426-2.jpg\"><img loading=\"lazy\" decoding=\"async\" class=\"size-thumbnail wp-image-2237 alignleft\" src=\"https:\/\/sonntagsches-haus.de\/wp-content\/uploads\/2018\/09\/DSCI3426-2-150x150.jpg\" alt=\"\" width=\"150\" height=\"150\" \/><\/a>Unser Freund Joachim Dubau hat erstmals zwei Bienenk\u00f6rbe bei uns im Hof aufgestellt, damit die Bienen flei\u00dfig den Honig von den nahe stehenden Linden auf dem Kirchplatz und dem Pfortenplatz sammeln sollen. Nat\u00fcrlich haben sie auch\u00a0von den vielen Blumen in der Umgebung genascht.<br \/>\nDen Honig konnten wir dann zum Heimatfest an unsere Besucher verkaufen.<\/p>\n<p>&nbsp;<\/p>\n<p><em><span style=\"color: #0000ff;\">26. &#8211; 28. M\u00e4rz 2018<\/span><br \/>\n<\/em><span style=\"color: #0000ff;\"><strong>Ostereier-Werkstatt<\/strong><\/span><em><br \/>\n<\/em>Aufgrund zu\u00a0weniger Teilnahmemeldungen wurde die Ostereier-Werkstatt abgesagt.<\/p>\n<p><em><span style=\"color: #0000ff;\">24. M\u00e4rz 2018<\/span><br \/>\n<\/em><span style=\"color: #0000ff;\"><strong>Saisoner\u00f6ffnung 2018 im Sonntagschen Haus<\/strong><\/span><br \/>\nanl\u00e4\u00dflich des Fr\u00fchlingsfestes in der Stadt \u00f6ffneten wir das H\u00e4uschen<br \/>\nam Sa. , d. 24. M\u00e4rz von 13:00 bis 17:00 Uhr\u00a0 f\u00fcr\u00a0Besichtigungen.<br \/>\nEs kamen viele Besucher. Wir bedanken uns herzlich f\u00fcr die freundlichen Spenden.<\/p>\n<p><span style=\"color: #0000ff;\"><em>Januar 2018<\/em><\/span><br \/>\n<span style=\"color: #0000ff;\"><strong>Beginn der<\/strong> <strong>Erforschung der Historie rund um das Grundst\u00fcck und seine ehemaligen Bewohner<\/strong><\/span><\/p>\n<p><a href=\"https:\/\/sonntagsches-haus.de\/wp-content\/uploads\/2018\/01\/DSCI2810__.jpg\"><img loading=\"lazy\" decoding=\"async\" class=\"size-thumbnail wp-image-2125 alignleft\" src=\"https:\/\/sonntagsches-haus.de\/wp-content\/uploads\/2018\/01\/DSCI2810__-150x150.jpg\" alt=\"\" width=\"150\" height=\"150\" \/><\/a>Im Januar haben wir angefangen im Stadtarchiv der Stadt Spremberg nach historischen Daten \u00fcber das Anwesen Burgstrasse 9 und seine Bewohner zu recherchieren. Nun m\u00fcssen die vielen Fakten erstmal durchgearbeitet werden.<\/p>\n<p>Wir danken Fr. Tonke f\u00fcr ihre tatkr\u00e4ftige Unterst\u00fctzung.<\/p>\n<h4><\/h4>\n<p>&nbsp;<\/p>\n","protected":false},"excerpt":{"rendered":"<p>Highlights 2018 31. Dezember 2018 Silvestervorfreude Am Vormittag\u00a0kamen 35 Stammg\u00e4ste vom Hotel Inselperle zu Besuch. Sie wollten gern das H\u00e4uschen kennenlernen und bei einem Gl\u00e4schen Gl\u00fchwein Geschichten aus seiner Vergangenheit und der Arbeit unseres Vereins erfahren. Das k\u00f6nnen wir gern wiederholen. 15. Dezember 2018 Spremberger Lichterfest am 3. Advent Am Samstag vor dem 3. Advent [&hellip;]<\/p>\n","protected":false},"author":1,"featured_media":0,"parent":990,"menu_order":0,"comment_status":"closed","ping_status":"closed","template":"","meta":{"footnotes":""},"_links":{"self":[{"href":"https:\/\/sonntagsches-haus.de\/index.php?rest_route=\/wp\/v2\/pages\/2999"}],"collection":[{"href":"https:\/\/sonntagsches-haus.de\/index.php?rest_route=\/wp\/v2\/pages"}],"about":[{"href":"https:\/\/sonntagsches-haus.de\/index.php?rest_route=\/wp\/v2\/types\/page"}],"author":[{"embeddable":true,"href":"https:\/\/sonntagsches-haus.de\/index.php?rest_route=\/wp\/v2\/users\/1"}],"replies":[{"embeddable":true,"href":"https:\/\/sonntagsches-haus.de\/index.php?rest_route=%2Fwp%2Fv2%2Fcomments&post=2999"}],"version-history":[{"count":3,"href":"https:\/\/sonntagsches-haus.de\/index.php?rest_route=\/wp\/v2\/pages\/2999\/revisions"}],"predecessor-version":[{"id":3067,"href":"https:\/\/sonntagsches-haus.de\/index.php?rest_route=\/wp\/v2\/pages\/2999\/revisions\/3067"}],"up":[{"embeddable":true,"href":"https:\/\/sonntagsches-haus.de\/index.php?rest_route=\/wp\/v2\/pages\/990"}],"wp:attachment":[{"href":"https:\/\/sonntagsches-haus.de\/index.php?rest_route=%2Fwp%2Fv2%2Fmedia&parent=2999"}],"curies":[{"name":"wp","href":"https:\/\/api.w.org\/{rel}","templated":true}]}}