{"id":3001,"date":"2025-02-13T10:21:08","date_gmt":"2025-02-13T09:21:08","guid":{"rendered":"https:\/\/sonntagsches-haus.de\/?page_id=3001"},"modified":"2025-02-13T11:41:40","modified_gmt":"2025-02-13T10:41:40","slug":"vereinsleben-rueckblick-auf-2019","status":"publish","type":"page","link":"https:\/\/sonntagsches-haus.de\/?page_id=3001","title":{"rendered":"Vereinsleben 2019"},"content":{"rendered":"<p>&nbsp;<\/p>\n<h1><strong><span style=\"color: #0000ff;\">Highlights 2019<\/span><\/strong><\/h1>\n<p><strong><a href=\"https:\/\/sonntagsches-haus.de\/wp-content\/uploads\/2020\/01\/Trauung.jpg\" target=\"_blank\" rel=\"noopener noreferrer\"><img loading=\"lazy\" decoding=\"async\" class=\"wp-image-2440 alignleft\" src=\"https:\/\/sonntagsches-haus.de\/wp-content\/uploads\/2020\/01\/Trauung-300x189.jpg\" alt=\"\" width=\"151\" height=\"95\" srcset=\"https:\/\/sonntagsches-haus.de\/wp-content\/uploads\/2020\/01\/Trauung-300x189.jpg 300w, https:\/\/sonntagsches-haus.de\/wp-content\/uploads\/2020\/01\/Trauung.jpg 526w\" sizes=\"(max-width: 151px) 100vw, 151px\" \/><\/a><span style=\"color: #0000ff;\">Neues Angebot:<\/span><\/strong><br \/>\nAb diesem Jahr\u00a0bieten wir auch Trauungen in unseren R\u00e4umen an, geeignet f\u00fcr\u00a0Trauungen in einem eher kleinen Rahmen.<br \/>\nWir gestalten mit Ihnen gemeinsam ein besonderes Ambiente f\u00fcr diesen besonderen Anlass.<\/p>\n<p>&nbsp;<\/p>\n<p><span style=\"color: #0000ff;\"><em>Dezember 2019<\/em><\/span><br \/>\n<strong><span style=\"color: #0000ff;\">Der Weihnachtsmann brachte &#8230;<br \/>\n<\/span><\/strong><a href=\"https:\/\/sonntagsches-haus.de\/wp-content\/uploads\/2020\/01\/IMG_20191215_173932_.jpg\" target=\"_blank\" rel=\"noopener noreferrer\"><img loading=\"lazy\" decoding=\"async\" class=\"alignleft wp-image-2452 \" src=\"https:\/\/sonntagsches-haus.de\/wp-content\/uploads\/2020\/01\/IMG_20191215_173932_-150x150.jpg\" alt=\"\" width=\"150\" height=\"150\" \/><\/a><br \/>\n&#8230; zur optischen und Wohlf\u00fchlaufwertung einen Teppich f\u00fcr die Stube im OG. Vielen Dank an die edlen Spender (Vereinsmitglieder).<\/p>\n<p>In der Adventszeit kamen viele Gruppen ins H\u00e4uschen, die hier den Jahresausklang im Kreis ihrer Familie, von Freunden, Kollegen oder\/ und VereinskameradInnen gefeiert haben, gerne bei Kaffee oder Gl\u00fchwein. Die Adventsstimmung im H\u00e4uschen wurde immer sehr gelobt, vor allem, wenn im K\u00fcchenherd ein Feuerchen loderte.<\/p>\n<p><em><span style=\"color: #0000ff;\">September 2019<\/span><\/em><br \/>\n<span style=\"color: #0000ff;\"><strong>Birnenernte<\/strong><\/span><br \/>\n<a href=\"https:\/\/sonntagsches-haus.de\/wp-content\/uploads\/2020\/01\/IMG-20190921__.jpg\"><img loading=\"lazy\" decoding=\"async\" class=\" wp-image-2451 alignleft\" src=\"https:\/\/sonntagsches-haus.de\/wp-content\/uploads\/2020\/01\/IMG-20190921__-150x150.jpg\" alt=\"\" width=\"150\" height=\"150\" \/><\/a><br \/>\nDie zweite Ernte von diesem Baum \u00fcberhaupt.<br \/>\nNach Pinselbest\u00e4ubung mangels Bienen im Fr\u00fchjahr, sah man im Sommer 12 Birnen. Zur Ernte waren es nur noch acht &#8211; aber was f\u00fcr welche &#8211; gro\u00df und s\u00fc\u00df und saftig.<br \/>\nIm sp\u00e4ten Herbst wurde eine vierte Etage an diesem Spalierbaum angelegt.<\/p>\n<p>&nbsp;<\/p>\n<p><em><span style=\"color: #0000ff;\">10. &#8211; 13. August 2019<\/span><\/em><br \/>\n<span style=\"color: #0000ff;\"><strong>Heimatfest<br \/>\n<\/strong><\/span><a href=\"https:\/\/sonntagsches-haus.de\/wp-content\/uploads\/2020\/01\/5660__.jpg\" target=\"_blank\" rel=\"noopener noreferrer\"><img loading=\"lazy\" decoding=\"async\" class=\"alignleft wp-image-2454\" src=\"https:\/\/sonntagsches-haus.de\/wp-content\/uploads\/2020\/01\/5660__-206x300.jpg\" alt=\"\" width=\"151\" height=\"220\" srcset=\"https:\/\/sonntagsches-haus.de\/wp-content\/uploads\/2020\/01\/5660__-206x300.jpg 206w, https:\/\/sonntagsches-haus.de\/wp-content\/uploads\/2020\/01\/5660__-704x1024.jpg 704w, https:\/\/sonntagsches-haus.de\/wp-content\/uploads\/2020\/01\/5660__-624x908.jpg 624w, https:\/\/sonntagsches-haus.de\/wp-content\/uploads\/2020\/01\/5660__.jpg 712w\" sizes=\"(max-width: 151px) 100vw, 151px\" \/><\/a><br \/>\nWir haben uns an der anl\u00e4\u00dflich Er\u00f6ffnung des Heimatfestes 2019 von den Schaustellern\u00a0auf dem Festplatz initiierten Stadtwette beteiligt. Es bestand die Aufforderung, dass m\u00f6glichst viele Spremberger im Kost\u00fcm zur Er\u00f6ffnungsveranstaltung kommen. Das Ergebnis war entt\u00e4uschend.\u00a0Hier haben die\u00a0Spremberger noch erhebliches Steigerungspotential.<br \/>\nWir unterst\u00fctzen gern.<\/p>\n<p>&nbsp;<\/p>\n<p>&nbsp;<\/p>\n<p><a href=\"https:\/\/sonntagsches-haus.de\/wp-content\/uploads\/2020\/01\/IMG_20190810_133115__.jpg\" target=\"_blank\" rel=\"noopener noreferrer\"><img loading=\"lazy\" decoding=\"async\" class=\"alignleft wp-image-2462\" src=\"https:\/\/sonntagsches-haus.de\/wp-content\/uploads\/2020\/01\/IMG_20190810_133115__-300x224.jpg\" alt=\"\" width=\"200\" height=\"149\" srcset=\"https:\/\/sonntagsches-haus.de\/wp-content\/uploads\/2020\/01\/IMG_20190810_133115__-300x224.jpg 300w, https:\/\/sonntagsches-haus.de\/wp-content\/uploads\/2020\/01\/IMG_20190810_133115__-768x573.jpg 768w, https:\/\/sonntagsches-haus.de\/wp-content\/uploads\/2020\/01\/IMG_20190810_133115__-1024x764.jpg 1024w, https:\/\/sonntagsches-haus.de\/wp-content\/uploads\/2020\/01\/IMG_20190810_133115__-624x465.jpg 624w, https:\/\/sonntagsches-haus.de\/wp-content\/uploads\/2020\/01\/IMG_20190810_133115__.jpg 1423w\" sizes=\"(max-width: 200px) 100vw, 200px\" \/><\/a><\/p>\n<p>Zum Heimatfest kamen wieder unz\u00e4hlige Besucher ins H\u00e4uschen. Vielen Dank an die gro\u00dfz\u00fcgigen Spender. Freunde vom KTS stellten im Erdgeschoss wieder ihre neuesten Sch\u00f6pfungen aus, die von vielen\u00a0Besuchern gew\u00fcrdigt wurden. Viele freuten sich auch \u00fcber die zwei Bienenk\u00f6rbe im Hof.<\/p>\n<p>&nbsp;<\/p>\n<p>&nbsp;<\/p>\n<p><em><span style=\"color: #0000ff;\">08. August 2019 &#8211; Vorabend zum Heimatfest<\/span><\/em><br \/>\n<strong><span style=\"color: #0000ff;\">Besuch und Ehrung durch die Spremberger Originale<\/span><\/strong><\/p>\n<p><a href=\"https:\/\/sonntagsches-haus.de\/wp-content\/uploads\/2020\/01\/3Familie-Frank-1__.jpg\" target=\"_blank\" rel=\"noopener noreferrer\"><img loading=\"lazy\" decoding=\"async\" class=\"wp-image-2456 alignleft\" src=\"https:\/\/sonntagsches-haus.de\/wp-content\/uploads\/2020\/01\/3Familie-Frank-1__-300x189.jpg\" alt=\"\" width=\"200\" height=\"126\" srcset=\"https:\/\/sonntagsches-haus.de\/wp-content\/uploads\/2020\/01\/3Familie-Frank-1__-300x189.jpg 300w, https:\/\/sonntagsches-haus.de\/wp-content\/uploads\/2020\/01\/3Familie-Frank-1__-768x485.jpg 768w, https:\/\/sonntagsches-haus.de\/wp-content\/uploads\/2020\/01\/3Familie-Frank-1__-1024x646.jpg 1024w, https:\/\/sonntagsches-haus.de\/wp-content\/uploads\/2020\/01\/3Familie-Frank-1__-624x394.jpg 624w, https:\/\/sonntagsches-haus.de\/wp-content\/uploads\/2020\/01\/3Familie-Frank-1__.jpg 1692w\" sizes=\"(max-width: 200px) 100vw, 200px\" \/><\/a><\/p>\n<p>Das war eine gro\u00dfe \u00dcberraschung. Wir f\u00fchlen uns geehrt und bedanken uns aufs Herzlichste.<br \/>\nDie Spremberger Originale f\u00f6rdern uns nicht nur mit ihren pers\u00f6nlichen Spenden, sondern auch durch die Mund- zu-Mund-Weitererz\u00e4hlpraxis. Besonderer\u00a0Dank gilt\u00a0den Stadtf\u00fchrerInnen.<\/p>\n<p>&nbsp;<\/p>\n<p>&nbsp;<\/p>\n<p><span style=\"color: #0000ff;\"><em>21. April &#8211; Ostersonntag 2019<br \/>\n<\/em><strong>Ostersonntag &#8211; Tag der offenen T\u00fcr<\/strong><\/span><\/p>\n<p><a href=\"https:\/\/sonntagsches-haus.de\/wp-content\/uploads\/2019\/05\/PANO_20190413_132933-e1557114553402.jpg\" target=\"_blank\" rel=\"noopener noreferrer\"><img loading=\"lazy\" decoding=\"async\" class=\"alignleft wp-image-2401 \" src=\"https:\/\/sonntagsches-haus.de\/wp-content\/uploads\/2019\/05\/PANO_20190413_132933-e1557114553402-150x150.jpg\" alt=\"\" width=\"150\" height=\"150\" \/><\/a>\u00a0Die Besucher konnten sich bei herrlichem Wetter Haus und Hof ansehen und sich vom\u00a0Stand der Bauarbeiten im Obergeschoss \u00fcberzeugen. Wer etwas Zeit mitbrachte, konnte auch\u00a0Kaffee und Kuchen am gro\u00dfen Tisch in der K\u00fcche genie\u00dfen.<\/p>\n<p>&nbsp;<\/p>\n<p>&nbsp;<\/p>\n<p><span style=\"color: #0000ff;\"><em>13. April 2019<br \/>\n<\/em><strong>Fr\u00fchlingsfest &#8211; Tag der offenen T\u00fcr<\/strong><\/span><\/p>\n<p><a href=\"https:\/\/sonntagsches-haus.de\/wp-content\/uploads\/2019\/05\/IMG_20190413_142923.jpg\" target=\"_blank\" rel=\"noopener noreferrer\"><img loading=\"lazy\" decoding=\"async\" class=\"wp-image-2398 alignleft\" src=\"https:\/\/sonntagsches-haus.de\/wp-content\/uploads\/2019\/05\/IMG_20190413_142923-150x150.jpg\" alt=\"\" width=\"149\" height=\"149\" \/><\/a>Der Birnbaum bl\u00fchte erstmals so \u00fcppig.<br \/>\nOb wir wohl in diesem Jahr mehr als nur eine Birne ernten werden?<\/p>\n<p>Leider kamen nur wenig Besucher, da im Veranstaltungskalender der Stadt ein falsches Datum (das vom Vorjahr) gedruckt war.<\/p>\n<p>&nbsp;<\/p>\n<p><span style=\"color: #0000ff;\"><em>09. M\u00e4rz 2019<\/em><\/span><br \/>\n<span style=\"color: #0000ff;\"><strong>Stadtf\u00fchrung mit Jutta von Kittlitz<\/strong><\/span><br \/>\n<a href=\"https:\/\/sonntagsches-haus.de\/wp-content\/uploads\/2019\/03\/Jutta-v.Kittlitz___2014.jpg\" target=\"_blank\" rel=\"noopener noreferrer\"><img loading=\"lazy\" decoding=\"async\" class=\"alignleft wp-image-2333 \" src=\"https:\/\/sonntagsches-haus.de\/wp-content\/uploads\/2019\/03\/Jutta-v.Kittlitz___2014-300x225.jpg\" alt=\"\" width=\"196\" height=\"147\" srcset=\"https:\/\/sonntagsches-haus.de\/wp-content\/uploads\/2019\/03\/Jutta-v.Kittlitz___2014-300x225.jpg 300w, https:\/\/sonntagsches-haus.de\/wp-content\/uploads\/2019\/03\/Jutta-v.Kittlitz___2014-768x575.jpg 768w, https:\/\/sonntagsches-haus.de\/wp-content\/uploads\/2019\/03\/Jutta-v.Kittlitz___2014-624x468.jpg 624w, https:\/\/sonntagsches-haus.de\/wp-content\/uploads\/2019\/03\/Jutta-v.Kittlitz___2014.jpg 993w\" sizes=\"(max-width: 196px) 100vw, 196px\" \/><\/a><\/p>\n<p>Anl\u00e4\u00dflich eines Klassentreffens kam eine Gruppe\u00a0&#8218;Alt&#8216;-Spremberger<br \/>\nbei ihrer Stadtf\u00fchrung auf ein Gl\u00e4schen Gl\u00fchwein und ein paar Geschichten ins alte H\u00e4uschen.<\/p>\n<p>&nbsp;<\/p>\n<p>&nbsp;<\/p>\n<p><em><span style=\"color: #0000ff;\">7. Februar 2019<\/span><\/em><br \/>\n<span style=\"color: #0000ff;\"><strong>Liebe Besucherinnen<br \/>\n<\/strong><\/span><a href=\"https:\/\/sonntagsches-haus.de\/wp-content\/uploads\/2019\/03\/IMG_20190207_104751__.jpg\" target=\"_blank\" rel=\"noopener noreferrer\"><img loading=\"lazy\" decoding=\"async\" class=\"wp-image-2328 alignleft\" src=\"https:\/\/sonntagsches-haus.de\/wp-content\/uploads\/2019\/03\/IMG_20190207_104751__-300x191.jpg\" alt=\"\" width=\"201\" height=\"128\" srcset=\"https:\/\/sonntagsches-haus.de\/wp-content\/uploads\/2019\/03\/IMG_20190207_104751__-300x191.jpg 300w, https:\/\/sonntagsches-haus.de\/wp-content\/uploads\/2019\/03\/IMG_20190207_104751__-768x489.jpg 768w, https:\/\/sonntagsches-haus.de\/wp-content\/uploads\/2019\/03\/IMG_20190207_104751__-1024x651.jpg 1024w, https:\/\/sonntagsches-haus.de\/wp-content\/uploads\/2019\/03\/IMG_20190207_104751__-624x397.jpg 624w, https:\/\/sonntagsches-haus.de\/wp-content\/uploads\/2019\/03\/IMG_20190207_104751__.jpg 1193w\" sizes=\"(max-width: 201px) 100vw, 201px\" \/><\/a><\/p>\n<p>Kaffeekr\u00e4nzchen mit\u00a0einer Gruppe \u00a0fr\u00f6hlicher Rentnerinnen<br \/>\nvon der Tagespflege der Volkssolidarit\u00e4t. In der Adventszeit waren sie wieder bei uns, weil\u00a0ihnen die Atmosph\u00e4re im H\u00e4uschen so gefallen hatte.<\/p>\n<p>&nbsp;<\/p>\n","protected":false},"excerpt":{"rendered":"<p>&nbsp; Highlights 2019 Neues Angebot: Ab diesem Jahr\u00a0bieten wir auch Trauungen in unseren R\u00e4umen an, geeignet f\u00fcr\u00a0Trauungen in einem eher kleinen Rahmen. Wir gestalten mit Ihnen gemeinsam ein besonderes Ambiente f\u00fcr diesen besonderen Anlass. &nbsp; Dezember 2019 Der Weihnachtsmann brachte &#8230; &#8230; zur optischen und Wohlf\u00fchlaufwertung einen Teppich f\u00fcr die Stube im OG. Vielen Dank [&hellip;]<\/p>\n","protected":false},"author":1,"featured_media":0,"parent":990,"menu_order":0,"comment_status":"closed","ping_status":"closed","template":"","meta":{"footnotes":""},"_links":{"self":[{"href":"https:\/\/sonntagsches-haus.de\/index.php?rest_route=\/wp\/v2\/pages\/3001"}],"collection":[{"href":"https:\/\/sonntagsches-haus.de\/index.php?rest_route=\/wp\/v2\/pages"}],"about":[{"href":"https:\/\/sonntagsches-haus.de\/index.php?rest_route=\/wp\/v2\/types\/page"}],"author":[{"embeddable":true,"href":"https:\/\/sonntagsches-haus.de\/index.php?rest_route=\/wp\/v2\/users\/1"}],"replies":[{"embeddable":true,"href":"https:\/\/sonntagsches-haus.de\/index.php?rest_route=%2Fwp%2Fv2%2Fcomments&post=3001"}],"version-history":[{"count":3,"href":"https:\/\/sonntagsches-haus.de\/index.php?rest_route=\/wp\/v2\/pages\/3001\/revisions"}],"predecessor-version":[{"id":3068,"href":"https:\/\/sonntagsches-haus.de\/index.php?rest_route=\/wp\/v2\/pages\/3001\/revisions\/3068"}],"up":[{"embeddable":true,"href":"https:\/\/sonntagsches-haus.de\/index.php?rest_route=\/wp\/v2\/pages\/990"}],"wp:attachment":[{"href":"https:\/\/sonntagsches-haus.de\/index.php?rest_route=%2Fwp%2Fv2%2Fmedia&parent=3001"}],"curies":[{"name":"wp","href":"https:\/\/api.w.org\/{rel}","templated":true}]}}