{"id":3003,"date":"2025-04-08T10:20:22","date_gmt":"2025-04-08T08:20:22","guid":{"rendered":"https:\/\/sonntagsches-haus.de\/?page_id=3003"},"modified":"2025-05-15T13:46:08","modified_gmt":"2025-05-15T11:46:08","slug":"vereinsleben-rueckblick-auf-2024","status":"publish","type":"page","link":"https:\/\/sonntagsches-haus.de\/?page_id=3003","title":{"rendered":"Vereinsleben 2024"},"content":{"rendered":"<h1 style=\"text-align: left;\"><span style=\"color: #0000ff;\">Highlights 2024<\/span><\/h1>\n<p><span style=\"color: #0000ff;\"><em>14. und 15. Dezember<\/em><strong><br \/>\nSpremberger Weihnacht\u00a0 \u00a0<\/strong><\/span><\/p>\n<p>An beiden Tagen gab es wieder reges Treiben im H\u00e4uschen. Viele Besucher, und sogar ein VIP-Promi.<\/p>\n<p><a href=\"https:\/\/sonntagsches-haus.de\/wp-content\/uploads\/2025\/02\/IMG-20241214-WA0005-2.jpg\" target=\"_blank\" rel=\"noopener\"><img loading=\"lazy\" decoding=\"async\" class=\"alignnone wp-image-3077\" src=\"https:\/\/sonntagsches-haus.de\/wp-content\/uploads\/2025\/02\/IMG-20241214-WA0005-2.jpg\" alt=\"\" width=\"202\" height=\"180\" srcset=\"https:\/\/sonntagsches-haus.de\/wp-content\/uploads\/2025\/02\/IMG-20241214-WA0005-2.jpg 664w, https:\/\/sonntagsches-haus.de\/wp-content\/uploads\/2025\/02\/IMG-20241214-WA0005-2-300x267.jpg 300w, https:\/\/sonntagsches-haus.de\/wp-content\/uploads\/2025\/02\/IMG-20241214-WA0005-2-624x556.jpg 624w\" sizes=\"(max-width: 202px) 100vw, 202px\" \/><\/a> \u00a0\u00a0<a href=\"https:\/\/sonntagsches-haus.de\/wp-content\/uploads\/2025\/02\/IMG-20241214-WA0008-2.jpg\" target=\"_blank\" rel=\"noopener\"><img loading=\"lazy\" decoding=\"async\" class=\"alignnone wp-image-3074\" src=\"https:\/\/sonntagsches-haus.de\/wp-content\/uploads\/2025\/02\/IMG-20241214-WA0008-2.jpg\" alt=\"\" width=\"124\" height=\"180\" srcset=\"https:\/\/sonntagsches-haus.de\/wp-content\/uploads\/2025\/02\/IMG-20241214-WA0008-2.jpg 649w, https:\/\/sonntagsches-haus.de\/wp-content\/uploads\/2025\/02\/IMG-20241214-WA0008-2-207x300.jpg 207w, https:\/\/sonntagsches-haus.de\/wp-content\/uploads\/2025\/02\/IMG-20241214-WA0008-2-624x903.jpg 624w\" sizes=\"(max-width: 124px) 100vw, 124px\" \/><\/a>\u00a0 \u00a0<img loading=\"lazy\" decoding=\"async\" class=\"alignnone wp-image-3075\" src=\"https:\/\/sonntagsches-haus.de\/wp-content\/uploads\/2025\/02\/IMG-20241214-WA0007-2-300x187.jpg\" alt=\"\" width=\"289\" height=\"180\" srcset=\"https:\/\/sonntagsches-haus.de\/wp-content\/uploads\/2025\/02\/IMG-20241214-WA0007-2-300x187.jpg 300w, https:\/\/sonntagsches-haus.de\/wp-content\/uploads\/2025\/02\/IMG-20241214-WA0007-2-1024x637.jpg 1024w, https:\/\/sonntagsches-haus.de\/wp-content\/uploads\/2025\/02\/IMG-20241214-WA0007-2-768x478.jpg 768w, https:\/\/sonntagsches-haus.de\/wp-content\/uploads\/2025\/02\/IMG-20241214-WA0007-2-624x388.jpg 624w, https:\/\/sonntagsches-haus.de\/wp-content\/uploads\/2025\/02\/IMG-20241214-WA0007-2.jpg 1154w\" sizes=\"(max-width: 289px) 100vw, 289px\" \/>\u00a0\u00a0<a href=\"https:\/\/sonntagsches-haus.de\/wp-content\/uploads\/2025\/02\/IMG-20241214-WA0010-2.jpg\" target=\"_blank\" rel=\"noopener\"><img loading=\"lazy\" decoding=\"async\" class=\"alignnone wp-image-3076\" src=\"https:\/\/sonntagsches-haus.de\/wp-content\/uploads\/2025\/02\/IMG-20241214-WA0010-2.jpg\" alt=\"\" width=\"256\" height=\"180\" srcset=\"https:\/\/sonntagsches-haus.de\/wp-content\/uploads\/2025\/02\/IMG-20241214-WA0010-2.jpg 1024w, https:\/\/sonntagsches-haus.de\/wp-content\/uploads\/2025\/02\/IMG-20241214-WA0010-2-300x211.jpg 300w, https:\/\/sonntagsches-haus.de\/wp-content\/uploads\/2025\/02\/IMG-20241214-WA0010-2-768x540.jpg 768w, https:\/\/sonntagsches-haus.de\/wp-content\/uploads\/2025\/02\/IMG-20241214-WA0010-2-624x439.jpg 624w\" sizes=\"(max-width: 256px) 100vw, 256px\" \/><\/a><\/p>\n<p>&nbsp;<\/p>\n<p><span style=\"color: #0000ff;\"><em>10. u. 11. August 2024<\/em><\/span><br \/>\n<span style=\"color: #0000ff;\"><strong>Heimatfest<\/strong><\/span><\/p>\n<p><a href=\"https:\/\/sonntagsches-haus.de\/wp-content\/uploads\/2025\/02\/IMG_20240810_161556-scaled.jpg\" target=\"_blank\" rel=\"noopener\"><img loading=\"lazy\" decoding=\"async\" class=\"wp-image-2924 alignnone\" src=\"https:\/\/sonntagsches-haus.de\/wp-content\/uploads\/2025\/02\/IMG_20240810_161556-150x150.jpg\" alt=\"\" width=\"191\" height=\"191\" \/><\/a> \u00a0<a href=\"https:\/\/sonntagsches-haus.de\/wp-content\/uploads\/2025\/02\/IMG_20240812_113114-scaled.jpg\" target=\"_blank\" rel=\"noopener\"><img loading=\"lazy\" decoding=\"async\" class=\"wp-image-2923 alignnone\" src=\"https:\/\/sonntagsches-haus.de\/wp-content\/uploads\/2025\/02\/IMG_20240812_113114-150x150.jpg\" alt=\"\" width=\"190\" height=\"190\" \/><\/a> \u00a0<img loading=\"lazy\" decoding=\"async\" class=\"alignnone wp-image-2927\" src=\"https:\/\/sonntagsches-haus.de\/wp-content\/uploads\/2025\/02\/IMG_20240810_161455-150x150.jpg\" alt=\"\" width=\"192\" height=\"192\" \/>\u00a0 \u00a0<img loading=\"lazy\" decoding=\"async\" class=\"alignnone wp-image-2981\" src=\"https:\/\/sonntagsches-haus.de\/wp-content\/uploads\/2025\/02\/IMG_20240810_154011-150x150.jpg\" alt=\"\" width=\"191\" height=\"191\" \/><br \/>\nZum Heimatfest haben wieder die Freunde vom Spremberger Kreativ-Treff einige ihrer neuen Exponate ausgestellt.<\/p>\n<p><strong><span style=\"color: #0000ff;\">Im Juni 2024 kamen wieder liebe Stammg\u00e4ste.<br \/>\n<\/span><\/strong><a href=\"https:\/\/sonntagsches-haus.de\/wp-content\/uploads\/2025\/02\/IMG_20240617_114510-scaled.jpg\" target=\"_blank\" rel=\"noopener\"><img loading=\"lazy\" decoding=\"async\" class=\"alignleft wp-image-2930\" src=\"https:\/\/sonntagsches-haus.de\/wp-content\/uploads\/2025\/02\/IMG_20240617_114510-scaled.jpg\" alt=\"\" width=\"276\" height=\"207\" srcset=\"https:\/\/sonntagsches-haus.de\/wp-content\/uploads\/2025\/02\/IMG_20240617_114510-scaled.jpg 2560w, https:\/\/sonntagsches-haus.de\/wp-content\/uploads\/2025\/02\/IMG_20240617_114510-300x225.jpg 300w, https:\/\/sonntagsches-haus.de\/wp-content\/uploads\/2025\/02\/IMG_20240617_114510-1024x768.jpg 1024w, https:\/\/sonntagsches-haus.de\/wp-content\/uploads\/2025\/02\/IMG_20240617_114510-768x576.jpg 768w, https:\/\/sonntagsches-haus.de\/wp-content\/uploads\/2025\/02\/IMG_20240617_114510-1536x1152.jpg 1536w, https:\/\/sonntagsches-haus.de\/wp-content\/uploads\/2025\/02\/IMG_20240617_114510-2048x1536.jpg 2048w, https:\/\/sonntagsches-haus.de\/wp-content\/uploads\/2025\/02\/IMG_20240617_114510-624x468.jpg 624w\" sizes=\"(max-width: 276px) 100vw, 276px\" \/><\/a><br \/>\nEin- bis zweimal im Jahr besuchen uns die Senioren aus der Tagespflege der Volkssolidarit\u00e4t, wor\u00fcber wir uns immer ganz besonders freuen.<\/p>\n<h3><\/h3>\n<p><strong><span style=\"color: #0000ff;\"><br \/>\nMai 2024<\/span><\/strong><\/p>\n<p><a href=\"https:\/\/sonntagsches-haus.de\/wp-content\/uploads\/2025\/02\/IMG_20240530_111757-scaled.jpg\" target=\"_blank\" rel=\"noopener\"><img loading=\"lazy\" decoding=\"async\" class=\"wp-image-2934 size-thumbnail alignnone\" src=\"https:\/\/sonntagsches-haus.de\/wp-content\/uploads\/2025\/02\/IMG_20240530_111757-150x150.jpg\" alt=\"\" width=\"150\" height=\"150\" \/><\/a> \u00a0 \u00a0<a href=\"https:\/\/sonntagsches-haus.de\/wp-content\/uploads\/2025\/02\/IMG_20241015_162931.jpg\" target=\"_blank\" rel=\"noopener\"><img loading=\"lazy\" decoding=\"async\" class=\"alignnone wp-image-2935 size-thumbnail\" src=\"https:\/\/sonntagsches-haus.de\/wp-content\/uploads\/2025\/02\/IMG_20241015_162931-150x150.jpg\" alt=\"\" width=\"150\" height=\"150\" \/><\/a><\/p>\n<p>&nbsp;<\/p>\n<p><span style=\"color: #0000ff;\"><strong>Stadtf\u00fchrungen<\/strong><\/span><\/p>\n<p><img loading=\"lazy\" decoding=\"async\" class=\"alignleft wp-image-2954\" src=\"https:\/\/sonntagsches-haus.de\/wp-content\/uploads\/2025\/02\/IMG-20240525-WA0000-2.jpg\" alt=\"\" width=\"453\" height=\"311\" srcset=\"https:\/\/sonntagsches-haus.de\/wp-content\/uploads\/2025\/02\/IMG-20240525-WA0000-2.jpg 1299w, https:\/\/sonntagsches-haus.de\/wp-content\/uploads\/2025\/02\/IMG-20240525-WA0000-2-300x206.jpg 300w, https:\/\/sonntagsches-haus.de\/wp-content\/uploads\/2025\/02\/IMG-20240525-WA0000-2-1024x702.jpg 1024w, https:\/\/sonntagsches-haus.de\/wp-content\/uploads\/2025\/02\/IMG-20240525-WA0000-2-768x527.jpg 768w, https:\/\/sonntagsches-haus.de\/wp-content\/uploads\/2025\/02\/IMG-20240525-WA0000-2-624x428.jpg 624w\" sizes=\"(max-width: 453px) 100vw, 453px\" \/><span style=\"font-size: 1rem;\">Oft kommt die Stadtf\u00fchrerin, unsere liebe Freundin Veronika Dubau, alias &#8218;Jutta von Kittlitz&#8216;, bei ihren Rundg\u00e4ngen durch die Altstadt mit ihren Besuchern auch in unser altes H\u00e4uschen.<br \/>\nZweimal im Jahr f\u00fchrte sie sogar eine\u00a0 Theatralischen Stadtf\u00fchrung durch, die am alten H\u00e4uschen startet.<\/span><\/p>\n<p><a href=\"https:\/\/sonntagsches-haus.de\/wp-content\/uploads\/2025\/02\/IMG-20240530-WA0003.jpg\" target=\"_blank\" rel=\"noopener\"><img loading=\"lazy\" decoding=\"async\" class=\"alignnone wp-image-2974\" src=\"https:\/\/sonntagsches-haus.de\/wp-content\/uploads\/2025\/02\/IMG-20240530-WA0003-1024x576.jpg\" alt=\"\" width=\"305\" height=\"172\" srcset=\"https:\/\/sonntagsches-haus.de\/wp-content\/uploads\/2025\/02\/IMG-20240530-WA0003-1024x576.jpg 1024w, https:\/\/sonntagsches-haus.de\/wp-content\/uploads\/2025\/02\/IMG-20240530-WA0003-300x169.jpg 300w, https:\/\/sonntagsches-haus.de\/wp-content\/uploads\/2025\/02\/IMG-20240530-WA0003-768x432.jpg 768w, https:\/\/sonntagsches-haus.de\/wp-content\/uploads\/2025\/02\/IMG-20240530-WA0003-624x351.jpg 624w, https:\/\/sonntagsches-haus.de\/wp-content\/uploads\/2025\/02\/IMG-20240530-WA0003.jpg 1280w\" sizes=\"(max-width: 305px) 100vw, 305px\" \/><\/a> \u00a0 \u00a0<a href=\"https:\/\/sonntagsches-haus.de\/wp-content\/uploads\/2025\/02\/IMG-20240530-WA0007.jpg\" target=\"_blank\" rel=\"noopener\"><img loading=\"lazy\" decoding=\"async\" class=\"alignnone wp-image-2975\" src=\"https:\/\/sonntagsches-haus.de\/wp-content\/uploads\/2025\/02\/IMG-20240530-WA0007-169x300.jpg\" alt=\"\" width=\"98\" height=\"174\" srcset=\"https:\/\/sonntagsches-haus.de\/wp-content\/uploads\/2025\/02\/IMG-20240530-WA0007-169x300.jpg 169w, https:\/\/sonntagsches-haus.de\/wp-content\/uploads\/2025\/02\/IMG-20240530-WA0007-576x1024.jpg 576w, https:\/\/sonntagsches-haus.de\/wp-content\/uploads\/2025\/02\/IMG-20240530-WA0007-624x1109.jpg 624w, https:\/\/sonntagsches-haus.de\/wp-content\/uploads\/2025\/02\/IMG-20240530-WA0007.jpg 720w\" sizes=\"(max-width: 98px) 100vw, 98px\" \/><\/a><\/p>\n<p>&nbsp;<\/p>\n","protected":false},"excerpt":{"rendered":"<p>Highlights 2024 14. und 15. Dezember Spremberger Weihnacht\u00a0 \u00a0 An beiden Tagen gab es wieder reges Treiben im H\u00e4uschen. Viele Besucher, und sogar ein VIP-Promi. \u00a0\u00a0\u00a0 \u00a0\u00a0\u00a0 &nbsp; 10. u. 11. August 2024 Heimatfest \u00a0 \u00a0\u00a0 \u00a0 Zum Heimatfest haben wieder die Freunde vom Spremberger Kreativ-Treff einige ihrer neuen Exponate ausgestellt. Im Juni 2024 kamen [&hellip;]<\/p>\n","protected":false},"author":1,"featured_media":0,"parent":990,"menu_order":0,"comment_status":"closed","ping_status":"closed","template":"","meta":{"footnotes":""},"_links":{"self":[{"href":"https:\/\/sonntagsches-haus.de\/index.php?rest_route=\/wp\/v2\/pages\/3003"}],"collection":[{"href":"https:\/\/sonntagsches-haus.de\/index.php?rest_route=\/wp\/v2\/pages"}],"about":[{"href":"https:\/\/sonntagsches-haus.de\/index.php?rest_route=\/wp\/v2\/types\/page"}],"author":[{"embeddable":true,"href":"https:\/\/sonntagsches-haus.de\/index.php?rest_route=\/wp\/v2\/users\/1"}],"replies":[{"embeddable":true,"href":"https:\/\/sonntagsches-haus.de\/index.php?rest_route=%2Fwp%2Fv2%2Fcomments&post=3003"}],"version-history":[{"count":19,"href":"https:\/\/sonntagsches-haus.de\/index.php?rest_route=\/wp\/v2\/pages\/3003\/revisions"}],"predecessor-version":[{"id":3098,"href":"https:\/\/sonntagsches-haus.de\/index.php?rest_route=\/wp\/v2\/pages\/3003\/revisions\/3098"}],"up":[{"embeddable":true,"href":"https:\/\/sonntagsches-haus.de\/index.php?rest_route=\/wp\/v2\/pages\/990"}],"wp:attachment":[{"href":"https:\/\/sonntagsches-haus.de\/index.php?rest_route=%2Fwp%2Fv2%2Fmedia&parent=3003"}],"curies":[{"name":"wp","href":"https:\/\/api.w.org\/{rel}","templated":true}]}}