{"id":37,"date":"2020-05-30T10:52:15","date_gmt":"2020-05-30T08:52:15","guid":{"rendered":"http:\/\/sonntag.ara.uberspace.de\/wordpress\/?page_id=37"},"modified":"2025-02-13T11:11:42","modified_gmt":"2025-02-13T10:11:42","slug":"restaurierung","status":"publish","type":"page","link":"https:\/\/sonntagsches-haus.de\/?page_id=37","title":{"rendered":"Restaurierung"},"content":{"rendered":"<p style=\"text-align: justify;\">Seit Jahrhunderten waren \u00fcberall dort, wo witterungsbest\u00e4ndiges Holz f\u00fcr den Hausbau zur Verf\u00fcgung stand, Fachwerkh\u00e4user \u00fcblich. Deswegen geh\u00f6ren sie in vielen Gegenden trotz Stadtbr\u00e4nden und anderer Widrigkeiten zu den \u00e4ltesten erhaltenen Bauwerken in Europa, abgesehen von Sakralbauwerken.<\/p>\n<p style=\"text-align: justify;\">Das Fachwerkhaus in der Burgstrasse 9 ist das \u00e4lteste erhaltene Wohnhaus der Stadt Spremberg und eines der letzten seiner Art\u00a0in der Stadt.<\/p>\n<p><a href=\"https:\/\/sonntagsches-haus.de\/wp-content\/uploads\/2012\/10\/ALIM2811.jpg\" target=\"_blank\" rel=\"noopener noreferrer\"><img loading=\"lazy\" decoding=\"async\" class=\"alignleft wp-image-904\" title=\"Modell SONNTAGSCHES HAUS SPREMBERG 1:100\" src=\"https:\/\/sonntagsches-haus.de\/wp-content\/uploads\/2012\/10\/ALIM2811-225x300.jpg\" alt=\"PENTACON DIGITAL CAMERA\" width=\"400\" height=\"533\" srcset=\"https:\/\/sonntagsches-haus.de\/wp-content\/uploads\/2012\/10\/ALIM2811-225x300.jpg 225w, https:\/\/sonntagsches-haus.de\/wp-content\/uploads\/2012\/10\/ALIM2811-624x832.jpg 624w, https:\/\/sonntagsches-haus.de\/wp-content\/uploads\/2012\/10\/ALIM2811.jpg 768w\" sizes=\"(max-width: 400px) 100vw, 400px\" \/><\/a><\/p>\n<p style=\"text-align: left;\"><strong><span style=\"color: #0000ff;\"><a style=\"color: #0000ff;\" title=\"Hausbeschreibung\" href=\"https:\/\/sonntagsches-haus.de\/?page_id=51\" target=\"_blank\" rel=\"noopener noreferrer\">Hausbeschreibung<\/a><\/span><\/strong><\/p>\n<p><span style=\"color: #0000ff;\"><span style=\"color: #333333;\"><strong>Restaurierungsarbeiten<\/strong><br \/>\n1. Phase durch Kreis Spremberg\u00a0 <\/span>\u00a0<strong><a style=\"color: #0000ff;\" href=\"https:\/\/sonntagsches-haus.de\/?page_id=53\">1992\/ 94<\/a><\/strong><\/span><\/p>\n<p style=\"text-align: left;\">2. Phase durch Kreis Spree-Neisse\u00a0\u00a0<strong> <span style=\"color: #0000ff;\"><a style=\"color: #0000ff;\" href=\"https:\/\/sonntagsches-haus.de\/?page_id=1159\">1997 \/ 98 <\/a><\/span><\/strong><\/p>\n<p>3. Phase\u00a0durch die Interessengemeinschaft:<br \/>\n<strong><span style=\"color: #0000ff;\">\u00a0 \u00a0 \u00a0 \u00a0 \u00a0 \u00a0 \u00a0 \u00a0 \u00a0 \u00a0 \u00a0 \u00a0 \u00a0 \u00a0<a style=\"color: #0000ff;\" title=\"\u00dcbernahme durch die Interessengemeinschaft 2012\" href=\"https:\/\/sonntagsches-haus.de\/?page_id=56\" target=\"_blank\" rel=\"noopener noreferrer\">&#8211; 2012\u00a0<\/a><\/span><\/strong><\/p>\n<p style=\"text-align: justify;\"><strong><span style=\"color: #0000ff;\">\u00a0 \u00a0 \u00a0 \u00a0 \u00a0 \u00a0 \u00a0 \u00a0 \u00a0 \u00a0 \u00a0 \u00a0 \u00a0 \u00a0<a style=\"color: #0000ff;\" title=\"Restaurierungsarbeiten 2013\" href=\"https:\/\/sonntagsches-haus.de\/?page_id=189\" target=\"_blank\" rel=\"noopener noreferrer\">&#8211; 2013<\/a><\/span><\/strong><\/p>\n<p style=\"text-align: justify;\"><strong><span style=\"color: #0000ff;\">\u00a0 \u00a0\u00a0 \u00a0\u00a0 \u00a0\u00a0 \u00a0\u00a0 \u00a0\u00a0 \u00a0\u00a0 \u00a0\u00a0 \u00a0\u00a0 \u00a0\u00a0<a style=\"color: #0000ff;\" title=\"Restaurierungsarbeiten 2014\" href=\"https:\/\/sonntagsches-haus.de\/?page_id=808\" target=\"_blank\" rel=\"noopener noreferrer\">&#8211;\u00a02014<\/a><\/span><\/strong><\/p>\n<p style=\"text-align: justify;\"><strong><span style=\"color: #0000ff;\">\u00a0 \u00a0 \u00a0 \u00a0 \u00a0 \u00a0 \u00a0 \u00a0 \u00a0 \u00a0 \u00a0 \u00a0 \u00a0 \u00a0<a style=\"color: #0000ff;\" title=\"2015\" href=\"https:\/\/sonntagsches-haus.de\/?page_id=1384\" target=\"_blank\" rel=\"noopener noreferrer\">&#8211; 2015<\/a><\/span><\/strong><\/p>\n<p>\u00a0 \u00a0 \u00a0 \u00a0 \u00a0 \u00a0 \u00a0 \u00a0 \u00a0 \u00a0 \u00a0 \u00a0 \u00a0 \u00a0<span style=\"color: #0000ff;\"><strong><a style=\"color: #0000ff;\" href=\"https:\/\/sonntagsches-haus.de\/?page_id=1641\">&#8211; 2016<\/a><\/strong><\/span><\/p>\n<p><strong><span style=\"color: #0000ff;\">\u00a0 \u00a0 \u00a0 \u00a0 \u00a0 \u00a0 \u00a0 \u00a0 \u00a0 \u00a0 \u00a0 \u00a0 \u00a0 \u00a0<a style=\"color: #0000ff;\" href=\"https:\/\/sonntagsches-haus.de\/?page_id=2076\" target=\"_blank\" rel=\"noopener noreferrer\">&#8211; 2017<\/a><\/span><\/strong><\/p>\n<p><strong><span style=\"color: #0000ff;\">\u00a0 \u00a0 \u00a0 \u00a0 \u00a0 \u00a0 \u00a0 \u00a0 \u00a0 \u00a0 \u00a0 \u00a0 \u00a0 \u00a0<a style=\"color: #0000ff;\" href=\"https:\/\/sonntagsches-haus.de\/?page_id=2140&amp;preview_id=2140&amp;preview_nonce=952ec9316b&amp;_thumbnail_id=-1&amp;preview=true\" target=\"_blank\" rel=\"noopener noreferrer\">&#8211; 2018<\/a><\/span><\/strong><\/p>\n<p><strong><span style=\"color: #0000ff;\">\u00a0 \u00a0 \u00a0 \u00a0 \u00a0 \u00a0 \u00a0 \u00a0 \u00a0 \u00a0 \u00a0 \u00a0 \u00a0 \u00a0 <a style=\"color: #0000ff;\" href=\"https:\/\/sonntagsches-haus.de\/?page_id=2354\" target=\"_blank\" rel=\"noopener noreferrer\">&#8211; 2019<\/a><\/span><\/strong><\/p>\n<p>&nbsp;<\/p>\n<p>&nbsp;<\/p>\n<p style=\"text-align: justify;\"><a title=\"nach oben Restaurierung\" href=\"https:\/\/sonntagsches-haus.de\/?page_id=37\"><img loading=\"lazy\" decoding=\"async\" class=\"alignnone wp-image-1008 size-full\" src=\"https:\/\/sonntagsches-haus.de\/wp-content\/uploads\/2014\/09\/nach-oben.jpg\" alt=\"nach oben\" width=\"101\" height=\"42\" \/><\/a><\/p>\n","protected":false},"excerpt":{"rendered":"<p>Seit Jahrhunderten waren \u00fcberall dort, wo witterungsbest\u00e4ndiges Holz f\u00fcr den Hausbau zur Verf\u00fcgung stand, Fachwerkh\u00e4user \u00fcblich. Deswegen geh\u00f6ren sie in vielen Gegenden trotz Stadtbr\u00e4nden und anderer Widrigkeiten zu den \u00e4ltesten erhaltenen Bauwerken in Europa, abgesehen von Sakralbauwerken. Das Fachwerkhaus in der Burgstrasse 9 ist das \u00e4lteste erhaltene Wohnhaus der Stadt Spremberg und eines der letzten [&hellip;]<\/p>\n","protected":false},"author":1,"featured_media":0,"parent":0,"menu_order":3,"comment_status":"closed","ping_status":"closed","template":"","meta":{"footnotes":""},"_links":{"self":[{"href":"https:\/\/sonntagsches-haus.de\/index.php?rest_route=\/wp\/v2\/pages\/37"}],"collection":[{"href":"https:\/\/sonntagsches-haus.de\/index.php?rest_route=\/wp\/v2\/pages"}],"about":[{"href":"https:\/\/sonntagsches-haus.de\/index.php?rest_route=\/wp\/v2\/types\/page"}],"author":[{"embeddable":true,"href":"https:\/\/sonntagsches-haus.de\/index.php?rest_route=\/wp\/v2\/users\/1"}],"replies":[{"embeddable":true,"href":"https:\/\/sonntagsches-haus.de\/index.php?rest_route=%2Fwp%2Fv2%2Fcomments&post=37"}],"version-history":[{"count":54,"href":"https:\/\/sonntagsches-haus.de\/index.php?rest_route=\/wp\/v2\/pages\/37\/revisions"}],"predecessor-version":[{"id":3050,"href":"https:\/\/sonntagsches-haus.de\/index.php?rest_route=\/wp\/v2\/pages\/37\/revisions\/3050"}],"wp:attachment":[{"href":"https:\/\/sonntagsches-haus.de\/index.php?rest_route=%2Fwp%2Fv2%2Fmedia&parent=37"}],"curies":[{"name":"wp","href":"https:\/\/api.w.org\/{rel}","templated":true}]}}