{"id":51,"date":"2016-06-30T20:37:34","date_gmt":"2016-06-30T18:37:34","guid":{"rendered":"http:\/\/sonntag.ara.uberspace.de\/wordpress\/?page_id=51"},"modified":"2020-09-21T20:55:53","modified_gmt":"2020-09-21T18:55:53","slug":"hausbeschreibung","status":"publish","type":"page","link":"https:\/\/sonntagsches-haus.de\/?page_id=51","title":{"rendered":"Hausbeschreibung"},"content":{"rendered":"<div id=\"attachment_588\" style=\"width: 160px\" class=\"wp-caption alignleft\"><a href=\"https:\/\/sonntagsches-haus.de\/wp-content\/uploads\/2012\/11\/Hoffassade_vorher.jpg\" target=\"_blank\" rel=\"noopener noreferrer\"><img loading=\"lazy\" decoding=\"async\" aria-describedby=\"caption-attachment-588\" class=\"wp-image-588 size-thumbnail\" src=\"https:\/\/sonntagsches-haus.de\/wp-content\/uploads\/2012\/11\/Hoffassade_vorher-150x150.jpg\" alt=\"\" width=\"150\" height=\"150\" \/><\/a><p id=\"caption-attachment-588\" class=\"wp-caption-text\">EG: Nordwand 2011<\/p><\/div>\n<div id=\"attachment_582\" style=\"width: 160px\" class=\"wp-caption alignleft\"><a href=\"https:\/\/sonntagsches-haus.de\/wp-content\/uploads\/2012\/11\/EG_2011.jpg\" target=\"_blank\" rel=\"noopener noreferrer\"><img loading=\"lazy\" decoding=\"async\" aria-describedby=\"caption-attachment-582\" class=\"wp-image-582 size-thumbnail\" src=\"https:\/\/sonntagsches-haus.de\/wp-content\/uploads\/2012\/11\/EG_2011-150x150.jpg\" alt=\"\" width=\"150\" height=\"150\" \/><\/a><p id=\"caption-attachment-582\" class=\"wp-caption-text\">EG: K\u00fcche 2011<\/p><\/div>\n<div id=\"attachment_1096\" style=\"width: 160px\" class=\"wp-caption alignleft\"><a href=\"https:\/\/sonntagsches-haus.de\/wp-content\/uploads\/2014\/09\/DSCI0025_.jpg\" target=\"_blank\" rel=\"noopener noreferrer\"><img loading=\"lazy\" decoding=\"async\" aria-describedby=\"caption-attachment-1096\" class=\"wp-image-1096 size-thumbnail\" src=\"https:\/\/sonntagsches-haus.de\/wp-content\/uploads\/2014\/09\/DSCI0025_-150x150.jpg\" alt=\"\" width=\"150\" height=\"150\" \/><\/a><p id=\"caption-attachment-1096\" class=\"wp-caption-text\">EG: K\u00fcchenfu\u00dfboden<\/p><\/div>\n<p style=\"text-align: left;\">Drei\u00a0 Au\u00dfenw\u00e4nde im<strong> Erdgeschoss <\/strong>bestehen aus\u00a0\u00a0Massivw\u00e4nden in kalkverputzter Ziegelbauweise. Fachwerk finden wir\u00a0jedoch in der Innenquerwand und der ostseitigen\u00a0Giebelwand (siehe unten), die neben dem Nachbarhaus steht.<br \/>\nAls Fu\u00dfboden sind Ziegel flach im Verband verlegt. Das Alter des Fu\u00dfbodens ist unbekannt.<\/p>\n<p style=\"text-align: justify;\">.<span style=\"color: #ffffff;\">.<\/span><br \/>\n<span style=\"color: #ffffff;\"> .<\/span><\/p>\n<div id=\"attachment_590\" style=\"width: 160px\" class=\"wp-caption alignleft\"><a href=\"https:\/\/sonntagsches-haus.de\/wp-content\/uploads\/2012\/11\/Erkerraum.jpg\" target=\"_blank\" rel=\"noopener noreferrer\"><img loading=\"lazy\" decoding=\"async\" aria-describedby=\"caption-attachment-590\" class=\"wp-image-590 size-thumbnail\" src=\"https:\/\/sonntagsches-haus.de\/wp-content\/uploads\/2012\/11\/Erkerraum-150x150.jpg\" alt=\"PENTACON DIGITAL CAMERA\" width=\"150\" height=\"150\" \/><\/a><p id=\"caption-attachment-590\" class=\"wp-caption-text\">OG: Erkerraum 2011<\/p><\/div>\n<div id=\"attachment_458\" style=\"width: 160px\" class=\"wp-caption alignleft\"><a href=\"https:\/\/sonntagsches-haus.de\/wp-content\/uploads\/2012\/11\/OG_2011.jpg\" target=\"_blank\" rel=\"noopener noreferrer\"><img loading=\"lazy\" decoding=\"async\" aria-describedby=\"caption-attachment-458\" class=\"wp-image-458 size-thumbnail\" src=\"https:\/\/sonntagsches-haus.de\/wp-content\/uploads\/2012\/11\/OG_2011-150x150.jpg\" alt=\"OG 2011\" width=\"150\" height=\"150\" \/><\/a><p id=\"caption-attachment-458\" class=\"wp-caption-text\">OG: Gro\u00dfe Stube 2011<\/p><\/div>\n<p style=\"text-align: justify;\"><strong>Das erste Obergeschoss <\/strong>ist in Fachwerkbauweise errichtet. Es besteht aus einem tragenden Fachwerk und Gefachen, die mit Ziegeln ausgemauert wurden und au\u00dfen mit einem zweilagigen Kalkputz versehen sind.<br \/>\nDie Zwischendecken sind traditionelle Holzbalkendecken, ausgefacht mit Lehmstakung und urspr\u00fcnglich dar\u00fcber liegender Holzdielung.\u00a0Die Dielung wurde im Zuge der Restaurierungsarbeiten 1993 entfernt und 2016 erneuert. Innenw\u00e4nde und Decken der Stube sowie im Treppenhaus wurden 2015 \/ 16 \u00a0neu mit Lehm verputzt.<\/p>\n<p style=\"text-align: justify;\">.<\/p>\n<p style=\"text-align: justify;\">.<\/p>\n<div id=\"attachment_652\" style=\"width: 160px\" class=\"wp-caption alignleft\"><a href=\"https:\/\/sonntagsches-haus.de\/wp-content\/uploads\/2012\/11\/Ostwand.jpg\" target=\"_blank\" rel=\"noopener noreferrer\"><img loading=\"lazy\" decoding=\"async\" aria-describedby=\"caption-attachment-652\" class=\"wp-image-652 size-thumbnail\" src=\"https:\/\/sonntagsches-haus.de\/wp-content\/uploads\/2012\/11\/Ostwand-150x150.jpg\" alt=\"Ostwand\" width=\"150\" height=\"150\" \/><\/a><p id=\"caption-attachment-652\" class=\"wp-caption-text\">Fachwerk Ostwand in Lehm-Stakenbauweise 2011<\/p><\/div>\n<p style=\"text-align: justify;\">Die Besonderheit der <strong>ostseitigen Giebelwand<\/strong>, die nur von der Hausinnenseite sichtbar ist, besteht darin, dass\u00a0sie im Gegensatz zu den drei anderen Au\u00dfenw\u00e4nden vom Erdgeschoss bis zum Dach als Fachwerk in Lehm- Stakenbauweise ausgef\u00fchrt ist. Das hei\u00dft, die Gefache sind hier\u00a0anders als in den anderen W\u00e4nden mit Holzstaken und Lehm-Stroh-Gemisch gef\u00fcllt.\u00a0 Ein Balken vom Erker aus dieser Wand\u00a0wurde\u00a01994 dendrochronologisch untersucht und auf 1580 datiert.<br \/>\nDaraus\u00a0kann man schliessen,\u00a0dass die Ostwand der \u00e4lteste Teil des Hauses ist und vom urspr\u00fcnglichen Haus erhalten blieb. Es ist anzunehmen, dass\u00a0 andere Komponenten des Hauses im Laufe der Jahre teilweise erneuert wurden, so \u00a0vermutlich geschehen im 17. Jahrhundert. .<br \/>\nEs ist bekannt, dass dieses\u00a0\u00a0Jahrhundert\u00a0f\u00fcr die Spremberger B\u00fcrger von Not und Elend gepr\u00e4gt war. Es gab schlimme Hochwasser und Stadtbr\u00e4nde, im\u00a0Drei\u00dfigj\u00e4hrigen Krieg w\u00fcteten Schwedentruppen in der\u00a0Stadt und\u00a0zweimal grassierte hier die Pest.<\/p>\n<p style=\"text-align: justify;\">.<\/p>\n<div id=\"attachment_1540\" style=\"width: 190px\" class=\"wp-caption alignright\"><a href=\"https:\/\/sonntagsches-haus.de\/wp-content\/uploads\/2012\/11\/1893.jpg\" target=\"_blank\" rel=\"noopener noreferrer\"><img loading=\"lazy\" decoding=\"async\" aria-describedby=\"caption-attachment-1540\" class=\"wp-image-1540 size-medium\" src=\"https:\/\/sonntagsches-haus.de\/wp-content\/uploads\/2012\/11\/1893-180x300.jpg\" alt=\"\" width=\"180\" height=\"300\" srcset=\"https:\/\/sonntagsches-haus.de\/wp-content\/uploads\/2012\/11\/1893-180x300.jpg 180w, https:\/\/sonntagsches-haus.de\/wp-content\/uploads\/2012\/11\/1893.jpg 432w\" sizes=\"(max-width: 180px) 100vw, 180px\" \/><\/a><p id=\"caption-attachment-1540\" class=\"wp-caption-text\">1893<\/p><\/div>\n<div id=\"attachment_1549\" style=\"width: 160px\" class=\"wp-caption alignleft\"><a href=\"https:\/\/sonntagsches-haus.de\/wp-content\/uploads\/2015\/09\/DSCI0303-2.jpg\" target=\"_blank\" rel=\"noopener noreferrer\"><img loading=\"lazy\" decoding=\"async\" aria-describedby=\"caption-attachment-1549\" class=\"wp-image-1549 size-thumbnail\" src=\"https:\/\/sonntagsches-haus.de\/wp-content\/uploads\/2015\/09\/DSCI0303-2-150x150.jpg\" alt=\"\" width=\"150\" height=\"150\" \/><\/a><p id=\"caption-attachment-1549\" class=\"wp-caption-text\">Haust\u00fcr von 1820<\/p><\/div>\n<div id=\"attachment_1550\" style=\"width: 160px\" class=\"wp-caption alignleft\"><a href=\"https:\/\/sonntagsches-haus.de\/wp-content\/uploads\/2015\/09\/DSCI5346-3.jpg\" target=\"_blank\" rel=\"noopener noreferrer\"><img loading=\"lazy\" decoding=\"async\" aria-describedby=\"caption-attachment-1550\" class=\"wp-image-1550 size-thumbnail\" src=\"https:\/\/sonntagsches-haus.de\/wp-content\/uploads\/2015\/09\/DSCI5346-3-150x150.jpg\" alt=\"\" width=\"150\" height=\"150\" \/><\/a><p id=\"caption-attachment-1550\" class=\"wp-caption-text\">EG: fenster von 1820<\/p><\/div>\n<p>Die Haust\u00fcr und die Fenster im Erdgescho\u00df stammen von etwa 1820. Es ist anzunehmen, \u00a0dass auch\u00a0in dieser\u00a0Zeit eine umfangreiche Grundsanierung am Haus stattgefunden hat. Vielleicht stammt die Treppe auch aus dieser Zeit. Bis in die 1930er Jahre waren diese Fenster\u00a0noch\u00a0im Obergeschoss zu sehen. Das genaue Jahr des Einbaus der derzeit vorhandenen\u00a0Fenster ist unbekannt.<\/p>\n<p>.<br \/>\nEs ist nicht \u00fcberliefert, wann das Fachwerkh\u00e4uschen erstmals au\u00dfen verputzt wurde, vermutlich im 19. Jahrhundert. Ein Foto belegt, dass es bereits vor 1893\u00a0 geschehen ist.\u00a0Traditionell wurde Putz damals mit Wei\u00dfkalk gestrichen.<\/p>\n<p style=\"text-align: justify;\"><a title=\"nach oben Hausbeschreibung\" href=\"https:\/\/sonntagsches-haus.de\/?page_id=51\"><img loading=\"lazy\" decoding=\"async\" class=\"alignnone size-full wp-image-1008\" src=\"https:\/\/sonntagsches-haus.de\/wp-content\/uploads\/2014\/09\/nach-oben.jpg\" alt=\"nach oben\" width=\"101\" height=\"42\" \/><\/a><\/p>\n","protected":false},"excerpt":{"rendered":"<p>Drei\u00a0 Au\u00dfenw\u00e4nde im Erdgeschoss bestehen aus\u00a0\u00a0Massivw\u00e4nden in kalkverputzter Ziegelbauweise. Fachwerk finden wir\u00a0jedoch in der Innenquerwand und der ostseitigen\u00a0Giebelwand (siehe unten), die neben dem Nachbarhaus steht. Als Fu\u00dfboden sind Ziegel flach im Verband verlegt. Das Alter des Fu\u00dfbodens ist unbekannt. .. . Das erste Obergeschoss ist in Fachwerkbauweise errichtet. Es besteht aus einem tragenden Fachwerk und [&hellip;]<\/p>\n","protected":false},"author":1,"featured_media":0,"parent":37,"menu_order":1,"comment_status":"closed","ping_status":"closed","template":"","meta":{"footnotes":""},"_links":{"self":[{"href":"https:\/\/sonntagsches-haus.de\/index.php?rest_route=\/wp\/v2\/pages\/51"}],"collection":[{"href":"https:\/\/sonntagsches-haus.de\/index.php?rest_route=\/wp\/v2\/pages"}],"about":[{"href":"https:\/\/sonntagsches-haus.de\/index.php?rest_route=\/wp\/v2\/types\/page"}],"author":[{"embeddable":true,"href":"https:\/\/sonntagsches-haus.de\/index.php?rest_route=\/wp\/v2\/users\/1"}],"replies":[{"embeddable":true,"href":"https:\/\/sonntagsches-haus.de\/index.php?rest_route=%2Fwp%2Fv2%2Fcomments&post=51"}],"version-history":[{"count":57,"href":"https:\/\/sonntagsches-haus.de\/index.php?rest_route=\/wp\/v2\/pages\/51\/revisions"}],"predecessor-version":[{"id":2619,"href":"https:\/\/sonntagsches-haus.de\/index.php?rest_route=\/wp\/v2\/pages\/51\/revisions\/2619"}],"up":[{"embeddable":true,"href":"https:\/\/sonntagsches-haus.de\/index.php?rest_route=\/wp\/v2\/pages\/37"}],"wp:attachment":[{"href":"https:\/\/sonntagsches-haus.de\/index.php?rest_route=%2Fwp%2Fv2%2Fmedia&parent=51"}],"curies":[{"name":"wp","href":"https:\/\/api.w.org\/{rel}","templated":true}]}}