{"id":53,"date":"2012-11-13T14:39:45","date_gmt":"2012-11-13T13:39:45","guid":{"rendered":"http:\/\/sonntag.ara.uberspace.de\/wordpress\/?page_id=53"},"modified":"2020-09-21T19:15:57","modified_gmt":"2020-09-21T17:15:57","slug":"erste-restaurierung-1993","status":"publish","type":"page","link":"https:\/\/sonntagsches-haus.de\/?page_id=53","title":{"rendered":"1992 \/ 1993"},"content":{"rendered":"<p style=\"text-align: justify;\">Der ehemalige Kreis Spremberg hatte Haus und Grundst\u00fcck 1992\u00a0 von den damaligen Besitzern\u00a0erworben, um es f\u00fcr Ausstellungen und touristische Zwecke zu nutzen. So begannen 1993 aufwendige Sanierungsarbeiten zur Sicherung der Bausubstanz. Mit der Ausf\u00fchrung war die Firma &#8218;Restaurierung Andreas Schulz&#8216; aus Jamlitz beauftragt worden.<\/p>\n<p style=\"text-align: justify;\">Eine der ersten Ma\u00dfnahmen war das Entfernen des Putzes, um das Fachwerk zum Befund freizulegen. Danach wurden insbesondere an der Giebel- und an der Nordseite schadhafte, vor allem tragwerksrelevante Teile des Fachwerks und Teile der Decken erneuert. Der Erker wurde im Obergescho\u00df v\u00f6llig neu aufgebaut, der Hausanbau hofseitig wurde jedoch abgerissen. <em>(Fotos: A. Schulz)<\/em><\/p>\n<style id=\"bwg-style-0\">    #bwg_container1_0 #bwg_container2_0 .bwg-container-0.bwg-standard-thumbnails {      width: 754px;              justify-content: center;        margin:0 auto !important;              background-color: rgba(255, 255, 255, 0.00);            padding-left: 4px;      padding-top: 4px;      max-width: 100%;            }        #bwg_container1_0 #bwg_container2_0 .bwg-container-0.bwg-standard-thumbnails .bwg-item {    justify-content: flex-start;      max-width: 150px;            width: 150px !important;          }    #bwg_container1_0 #bwg_container2_0 .bwg-container-0.bwg-standard-thumbnails .bwg-item a {       margin-right: 4px;       margin-bottom: 4px;    }    #bwg_container1_0 #bwg_container2_0 .bwg-container-0.bwg-standard-thumbnails .bwg-item0 {      padding: 0px;            background-color:rgba(255,255,255, 0.30);      border: 0px none #CCCCCC;      opacity: 1.00;      border-radius: 0;      box-shadow: 0px 0px 0px #888888;    }    #bwg_container1_0 #bwg_container2_0 .bwg-container-0.bwg-standard-thumbnails .bwg-item1 img {      max-height: none;      max-width: none;      padding: 0 !important;    }        @media only screen and (min-width: 480px) {      #bwg_container1_0 #bwg_container2_0 .bwg-container-0.bwg-standard-thumbnails .bwg-item0 {        transition: all 0.3s ease 0s;-webkit-transition: all 0.3s ease 0s;      }      #bwg_container1_0 #bwg_container2_0 .bwg-container-0.bwg-standard-thumbnails .bwg-item0:hover {        -ms-transform: scale(1.1);        -webkit-transform: scale(1.1);        transform: scale(1.1);      }    }          #bwg_container1_0 #bwg_container2_0 .bwg-container-0.bwg-standard-thumbnails .bwg-item1 {      padding-top: 100%;    }        #bwg_container1_0 #bwg_container2_0 .bwg-container-0.bwg-standard-thumbnails .bwg-title2,    #bwg_container1_0 #bwg_container2_0 .bwg-container-0.bwg-standard-thumbnails .bwg-ecommerce2 {      color: #CCCCCC;      font-family: segoe ui;      font-size: 16px;      font-weight: bold;      padding: 2px;      text-shadow: 0px 0px 0px #888888;      max-height: 100%;    }    #bwg_container1_0 #bwg_container2_0 .bwg-container-0.bwg-standard-thumbnails .bwg-thumb-description span {    color: #323A45;    font-family: Ubuntu;    font-size: 12px;    max-height: 100%;    word-wrap: break-word;    }    #bwg_container1_0 #bwg_container2_0 .bwg-container-0.bwg-standard-thumbnails .bwg-play-icon2 {      font-size: 32px;    }    #bwg_container1_0 #bwg_container2_0 .bwg-container-0.bwg-standard-thumbnails .bwg-ecommerce2 {      font-size: 19.2px;      color: #CCCCCC;    }    <\/style>    <div id=\"bwg_container1_0\"         class=\"bwg_container bwg_thumbnail bwg_thumbnails \"         data-right-click-protection=\"0\"         data-bwg=\"0\"         data-scroll=\"0\"         data-gallery-type=\"thumbnails\"         data-gallery-view-type=\"thumbnails\"         data-current-url=\"\/index.php?rest_route=%2Fwp%2Fv2%2Fpages%2F53\"         data-lightbox-url=\"https:\/\/sonntagsches-haus.de\/wp-admin\/admin-ajax.php?action=GalleryBox&#038;current_view=0&#038;gallery_id=1&#038;tag=0&#038;theme_id=1&#038;shortcode_id=1&#038;sort_by=order&#038;order_by=asc&#038;current_url=%2Findex.php%3Frest_route%3D%252Fwp%252Fv2%252Fpages%252F53\"         data-gallery-id=\"1\"         data-popup-width=\"800\"         data-popup-height=\"800\"         data-is-album=\"gallery\"         data-buttons-position=\"bottom\">      <div id=\"bwg_container2_0\">             <div id=\"ajax_loading_0\" class=\"bwg_loading_div_1\">      <div class=\"bwg_loading_div_2\">        <div class=\"bwg_loading_div_3\">          <div id=\"loading_div_0\" class=\"bwg_spider_ajax_loading\">          <\/div>        <\/div>      <\/div>    <\/div>            <form id=\"gal_front_form_0\"              class=\"bwg-hidden\"              method=\"post\"              action=\"#\"              data-current=\"0\"              data-shortcode-id=\"1\"              data-gallery-type=\"thumbnails\"              data-gallery-id=\"1\"              data-tag=\"0\"              data-album-id=\"0\"              data-theme-id=\"1\"              data-ajax-url=\"https:\/\/sonntagsches-haus.de\/wp-admin\/admin-ajax.php?action=bwg_frontend_data\">          <div id=\"bwg_container3_0\" class=\"bwg-background bwg-background-0\">                <div data-max-count=\"5\"         data-thumbnail-width=\"150\"         data-bwg=\"0\"         data-gallery-id=\"1\"         data-lightbox-url=\"https:\/\/sonntagsches-haus.de\/wp-admin\/admin-ajax.php?action=GalleryBox&amp;current_view=0&amp;gallery_id=1&amp;tag=0&amp;theme_id=1&amp;shortcode_id=1&amp;sort_by=order&amp;order_by=asc&amp;current_url=%2Findex.php%3Frest_route%3D%252Fwp%252Fv2%252Fpages%252F53\"         id=\"bwg_thumbnails_0\"         class=\"bwg-container-0 bwg-thumbnails bwg-standard-thumbnails bwg-container bwg-border-box\">            <div class=\"bwg-item\">        <a class=\"bwg-a \"  data-elementor-open-lightbox=\"no\">                <div class=\"bwg-item0 \">          <div class=\"bwg-item1 \">            <div class=\"bwg-item2\">              <img decoding=\"async\" class=\"skip-lazy bwg_standart_thumb_img_0 \"                   data-id=\"1\"                   data-width=\"\"                   data-height=\"\"                   data-src=\"https:\/\/sonntagsches-haus.de\/wp-content\/uploads\/photo-gallery\/thumb\/01_002_S\u00fcdseite_Putz%20wird%20entfernt.jpg\"                   src=\"https:\/\/sonntagsches-haus.de\/wp-content\/uploads\/photo-gallery\/thumb\/01_002_S\u00fcdseite_Putz%20wird%20entfernt.jpg\"                   alt=\"01_002_S\u00fcdseite_Putz wird entfernt\"                   title=\"01_002_S\u00fcdseite_Putz wird entfernt\" \/>            <\/div>            <div class=\"\">                                                      <\/div>          <\/div>        <\/div>                        <\/a>              <\/div>            <div class=\"bwg-item\">        <a class=\"bwg-a \"  data-elementor-open-lightbox=\"no\">                <div class=\"bwg-item0 \">          <div class=\"bwg-item1 \">            <div class=\"bwg-item2\">              <img decoding=\"async\" class=\"skip-lazy bwg_standart_thumb_img_0 \"                   data-id=\"2\"                   data-width=\"300\"                   data-height=\"198\"                   data-src=\"https:\/\/sonntagsches-haus.de\/wp-content\/uploads\/photo-gallery\/thumb\/06_030_Giebelseite_Fachwerksfreilegung.jpg\"                   src=\"https:\/\/sonntagsches-haus.de\/wp-content\/uploads\/photo-gallery\/thumb\/06_030_Giebelseite_Fachwerksfreilegung.jpg\"                   alt=\"06_030_Giebelseite_Fachwerksfreilegung\"                   title=\"06_030_Giebelseite_Fachwerksfreilegung\" \/>            <\/div>            <div class=\"\">                                                      <\/div>          <\/div>        <\/div>                        <\/a>              <\/div>            <div class=\"bwg-item\">        <a class=\"bwg-a \"  data-elementor-open-lightbox=\"no\">                <div class=\"bwg-item0 \">          <div class=\"bwg-item1 \">            <div class=\"bwg-item2\">              <img decoding=\"async\" class=\"skip-lazy bwg_standart_thumb_img_0 \"                   data-id=\"3\"                   data-width=\"\"                   data-height=\"\"                   data-src=\"https:\/\/sonntagsches-haus.de\/wp-content\/uploads\/photo-gallery\/thumb\/09_044_Erker%20Neuaufbau.jpg\"                   src=\"https:\/\/sonntagsches-haus.de\/wp-content\/uploads\/photo-gallery\/thumb\/09_044_Erker%20Neuaufbau.jpg\"                   alt=\"09_044_Erker Neuaufbau\"                   title=\"09_044_Erker Neuaufbau\" \/>            <\/div>            <div class=\"\">                                                      <\/div>          <\/div>        <\/div>                        <\/a>              <\/div>            <div class=\"bwg-item\">        <a class=\"bwg-a \"  data-elementor-open-lightbox=\"no\">                <div class=\"bwg-item0 \">          <div class=\"bwg-item1 \">            <div class=\"bwg-item2\">              <img decoding=\"async\" class=\"skip-lazy bwg_standart_thumb_img_0 \"                   data-id=\"4\"                   data-width=\"\"                   data-height=\"\"                   data-src=\"https:\/\/sonntagsches-haus.de\/wp-content\/uploads\/photo-gallery\/thumb\/10_056_Hof%20Vorbereitung%20f\u00fcr%20Deckensanierung.jpg\"                   src=\"https:\/\/sonntagsches-haus.de\/wp-content\/uploads\/photo-gallery\/thumb\/10_056_Hof%20Vorbereitung%20f\u00fcr%20Deckensanierung.jpg\"                   alt=\"10_056_Hof Vorbereitung f\u00fcr Deckensanierung\"                   title=\"10_056_Hof Vorbereitung f\u00fcr Deckensanierung\" \/>            <\/div>            <div class=\"\">                                                      <\/div>          <\/div>        <\/div>                        <\/a>              <\/div>            <div class=\"bwg-item\">        <a class=\"bwg-a \"  data-elementor-open-lightbox=\"no\">                <div class=\"bwg-item0 \">          <div class=\"bwg-item1 \">            <div class=\"bwg-item2\">              <img decoding=\"async\" class=\"skip-lazy bwg_standart_thumb_img_0 \"                   data-id=\"5\"                   data-width=\"\"                   data-height=\"\"                   data-src=\"https:\/\/sonntagsches-haus.de\/wp-content\/uploads\/photo-gallery\/thumb\/11_047_Erker%20Decke%20von%20unten.jpg\"                   src=\"https:\/\/sonntagsches-haus.de\/wp-content\/uploads\/photo-gallery\/thumb\/11_047_Erker%20Decke%20von%20unten.jpg\"                   alt=\"11_047_Erker Decke von unten\"                   title=\"11_047_Erker Decke von unten\" \/>            <\/div>            <div class=\"\">                                                      <\/div>          <\/div>        <\/div>                        <\/a>              <\/div>          <\/div>    <style>      \/*pagination styles*\/      #bwg_container1_0 #bwg_container2_0 .tablenav-pages_0 {\t\t\t\ttext-align: center;\t\t\t\tfont-size: 12px;\t\t\t\tfont-family: segoe ui;\t\t\t\tfont-weight: bold;\t\t\t\tcolor: #666666;\t\t\t\tmargin: 6px 0 4px;\t\t\t\tdisplay: block;      }      @media only screen and (max-width : 320px) {      #bwg_container1_0 #bwg_container2_0 .displaying-num_0 {     \t display: none;      }      }      #bwg_container1_0 #bwg_container2_0 .displaying-num_0 {\t\t\t\tfont-size: 12px;\t\t\t\tfont-family: segoe ui;\t\t\t\tfont-weight: bold;\t\t\t\tcolor: #666666;\t\t\t\tmargin-right: 10px;\t\t\t\tvertical-align: middle;      }      #bwg_container1_0 #bwg_container2_0 .paging-input_0 {\t\t\t\tfont-size: 12px;\t\t\t\tfont-family: segoe ui;\t\t\t\tfont-weight: bold;\t\t\t\tcolor: #666666;\t\t\t\tvertical-align: middle;      }      #bwg_container1_0 #bwg_container2_0 .tablenav-pages_0 a.disabled,      #bwg_container1_0 #bwg_container2_0 .tablenav-pages_0 a.disabled:hover,      #bwg_container1_0 #bwg_container2_0 .tablenav-pages_0 a.disabled:focus,\t\t\t#bwg_container1_0 #bwg_container2_0 .tablenav-pages_0 input.bwg_current_page {\t\t\t\tcursor: default;\t\t\t\tcolor: rgba(102, 102, 102, 0.5);      }      #bwg_container1_0 #bwg_container2_0 .tablenav-pages_0 a,      #bwg_container1_0 #bwg_container2_0 .tablenav-pages_0 input.bwg_current_page {\t\t\t\tcursor: pointer;\t\t\t\ttext-align: center;\t\t\t\tfont-size: 12px;\t\t\t\tfont-family: segoe ui;\t\t\t\tfont-weight: bold;\t\t\t\tcolor: #666666;\t\t\t\ttext-decoration: none;\t\t\t\tpadding: 3px 6px;\t\t\t\tmargin: 0;\t\t\t\tborder-radius: 0;\t\t\t\tborder-style: solid;\t\t\t\tborder-width: 1px;\t\t\t\tborder-color: #E3E3E3;\t\t\t\t\t\t\t\tbackground-color: rgba(255, 255, 255, 1.00);\t\t\t\tbox-shadow: 0;\t\t\t\ttransition: all 0.3s ease 0s;-webkit-transition: all 0.3s ease 0s;      }      <\/style>      <span class=\"bwg_nav_cont_0\">              <div class=\"tablenav-pages_0\">                  <\/div>                <input type=\"hidden\" id=\"page_number_0\" name=\"page_number_0\" value=\"1\" \/>      <script type=\"text\/javascript\">        if( jQuery('.bwg_nav_cont_0').length > 1 ) {          jQuery('.bwg_nav_cont_0').first().remove()        }        function spider_page_0(cur, x, y, load_more) {          if (typeof load_more == \"undefined\") {            var load_more = false;          }          if (jQuery(cur).hasClass('disabled')) {            return false;          }          var items_county_0 = 1;          switch (y) {            case 1:              if (x >= items_county_0) {                document.getElementById('page_number_0').value = items_county_0;              }              else {                document.getElementById('page_number_0').value = x + 1;              }              break;            case 2:              document.getElementById('page_number_0').value = items_county_0;              break;            case -1:              if (x == 1) {                document.getElementById('page_number_0').value = 1;              }              else {                document.getElementById('page_number_0').value = x - 1;              }              break;            case -2:              document.getElementById('page_number_0').value = 1;              break;\t\t\t\t\t\tcase 0:              document.getElementById('page_number_0').value = x;              break;            default:              document.getElementById('page_number_0').value = 1;          }          bwg_ajax('gal_front_form_0', '0', 'bwg_thumbnails_0', '0', '', 'gallery', 0, '', '', load_more, '', 1);        }                    jQuery('.first-page-0').on('click', function () {              spider_page_0(this, 1, -2, 'numeric');              return false;            });            jQuery('.prev-page-0').on('click', function () {              spider_page_0(this, 1, -1, 'numeric');              return false;            });            jQuery('.next-page-0').on('click', function () {              spider_page_0(this, 1, 1, 'numeric');              return false;            });            jQuery('.last-page-0').on('click', function () {              spider_page_0(this, 1, 2, 'numeric');              return false;            });        \t\t\t\t\/* Change page on input enter. *\/        function bwg_change_page_0( e, that ) {          if (  e.key == 'Enter' ) {            var to_page = parseInt(jQuery(that).val());            var pages_count = jQuery(that).parents(\".pagination-links\").data(\"pages-count\");            var current_url_param = jQuery(that).attr('data-url-info');            if (to_page > pages_count) {              to_page = 1;            }\t \t\t\t\t\t\t\t\t\t\t\t\tspider_page_0(this, to_page, 0, 'numeric');\t\t\t\t\t\t\treturn false;\t\t\t\t\t\t          }          return true;        }        jQuery('.bwg_load_btn_0').on('click', function () {            spider_page_0(this, 1, 1, true);            return false;        });      <\/script>      <\/span>                <\/div>        <\/form>              <\/div>    <\/div>    <script>      if (document.readyState === 'complete') {        if( typeof bwg_main_ready == 'function' ) {          if ( jQuery(\"#bwg_container1_0\").height() ) {            bwg_main_ready(jQuery(\"#bwg_container1_0\"));          }        }      } else {        document.addEventListener('DOMContentLoaded', function() {          if( typeof bwg_main_ready == 'function' ) {            if ( jQuery(\"#bwg_container1_0\").height() ) {             bwg_main_ready(jQuery(\"#bwg_container1_0\"));            }          }        });      }    <\/script>    \n<p>Auf ein erneutes Verputzen wurde verzichtet. Damit war das Geb\u00e4ude vermutlich wie bei der Erbauung fachwerksichtig, mit hellem Kalk-Gefacheputz und relativ dunklen lein\u00f6llasierten Balken.<\/p>\n<p style=\"text-align: justify;\">Durch die Kreisgebietsreform 1993 verlor die Stadt Spremberg die Kreisverwaltung und ging im Landkreis Spree-Nei\u00dfe (SPN) auf. F\u00fcr das H\u00e4uschen bedeutete das, dass die Finanzierung der Restaurierungssarbeiten in Frage gestellt waren. 1994 wurden die Arbeiten j\u00e4h abgebrochen\u00a0 und die Baustelle unber\u00e4umt hinterlassen, leider bevor die defekte Dachhaut und die Dachentw\u00e4sserung wiederhergestellt waren. Das f\u00fchrte in wenigen Folgejahren zu entsprechenden Bausch\u00e4den.<\/p>\n<p style=\"text-align: justify;\"><a title=\"nach oben Re 93\" href=\"https:\/\/sonntagsches-haus.de\/?page_id=53\"><img loading=\"lazy\" decoding=\"async\" class=\"alignnone size-full wp-image-1008\" src=\"https:\/\/sonntagsches-haus.de\/wp-content\/uploads\/2014\/09\/nach-oben.jpg\" alt=\"nach oben\" width=\"101\" height=\"42\" \/><\/a><\/p>\n","protected":false},"excerpt":{"rendered":"<p>Der ehemalige Kreis Spremberg hatte Haus und Grundst\u00fcck 1992\u00a0 von den damaligen Besitzern\u00a0erworben, um es f\u00fcr Ausstellungen und touristische Zwecke zu nutzen. So begannen 1993 aufwendige Sanierungsarbeiten zur Sicherung der Bausubstanz. Mit der Ausf\u00fchrung war die Firma &#8218;Restaurierung Andreas Schulz&#8216; aus Jamlitz beauftragt worden. Eine der ersten Ma\u00dfnahmen war das Entfernen des Putzes, um das [&hellip;]<\/p>\n","protected":false},"author":1,"featured_media":0,"parent":37,"menu_order":2,"comment_status":"closed","ping_status":"closed","template":"","meta":{"footnotes":""},"_links":{"self":[{"href":"https:\/\/sonntagsches-haus.de\/index.php?rest_route=\/wp\/v2\/pages\/53"}],"collection":[{"href":"https:\/\/sonntagsches-haus.de\/index.php?rest_route=\/wp\/v2\/pages"}],"about":[{"href":"https:\/\/sonntagsches-haus.de\/index.php?rest_route=\/wp\/v2\/types\/page"}],"author":[{"embeddable":true,"href":"https:\/\/sonntagsches-haus.de\/index.php?rest_route=\/wp\/v2\/users\/1"}],"replies":[{"embeddable":true,"href":"https:\/\/sonntagsches-haus.de\/index.php?rest_route=%2Fwp%2Fv2%2Fcomments&post=53"}],"version-history":[{"count":31,"href":"https:\/\/sonntagsches-haus.de\/index.php?rest_route=\/wp\/v2\/pages\/53\/revisions"}],"predecessor-version":[{"id":2610,"href":"https:\/\/sonntagsches-haus.de\/index.php?rest_route=\/wp\/v2\/pages\/53\/revisions\/2610"}],"up":[{"embeddable":true,"href":"https:\/\/sonntagsches-haus.de\/index.php?rest_route=\/wp\/v2\/pages\/37"}],"wp:attachment":[{"href":"https:\/\/sonntagsches-haus.de\/index.php?rest_route=%2Fwp%2Fv2%2Fmedia&parent=53"}],"curies":[{"name":"wp","href":"https:\/\/api.w.org\/{rel}","templated":true}]}}