{"id":56,"date":"2012-11-13T14:41:57","date_gmt":"2012-11-13T13:41:57","guid":{"rendered":"http:\/\/sonntag.ara.uberspace.de\/wordpress\/?page_id=56"},"modified":"2020-09-21T20:34:05","modified_gmt":"2020-09-21T18:34:05","slug":"ubernahme-durch-interessengemeinschaft-2012","status":"publish","type":"page","link":"https:\/\/sonntagsches-haus.de\/?page_id=56","title":{"rendered":"2012"},"content":{"rendered":"<p style=\"text-align: justify;\">Nach dem Erwerb des H\u00e4uschens durch die Interessengemeinschaft galt es f\u00fcr uns als Erstes und Wichtigstes, das Bauwerk vor weiterem Verfall zu sichern, von oben nach unten und von au\u00dfen nach innen.<\/p>\n<p style=\"text-align: justify;\">Doch zuvor mussten einige b\u00fcrokratische H\u00fcrden gemeistert werden:<\/p>\n<ul style=\"text-align: justify;\">\n<li>bauordnungsrechtlicher Antrag: wurde genehmigt<\/li>\n<li>Antrag auf denkmalrechtliche Zustimmung: wurde genehmigt<\/li>\n<li>Antrag auf sanierungsrechtliche Genehmigung: wurde genehmigt<\/li>\n<li>Munitionsfreigabescheinigung: wurde \u00fcbergeben<\/li>\n<\/ul>\n<p style=\"text-align: justify;\"><strong>Was wir 2012\u00a0geschafft haben:<\/strong><\/p>\n<p style=\"text-align: justify;\">\u00a0&#8211; Reparatur der Dachhaut und Dachentw\u00e4sserung<br \/>\n&#8211; Wiederherstellung der Regenabdeckung am Sockelgeschoss mit Ziegeln aus dem Bestand<br \/>\n&#8211; Ausbesserung der Fassadensch\u00e4den<br \/>\n&#8211; Pflege der \u00e4u\u00dferen Fachwerkbalken<br \/>\n&#8211; Reparatur und Pflege\u00a0der Fensterl\u00e4den im EG, der Au\u00dfent\u00fcren, des Zauns und der Fenster im OG<br \/>\n&#8211; Wiederbeschaffung, Aufarbeitung und Einbau der originalen Haust\u00fcr<br \/>\n&#8211; S\u00e4ubern und Wiederherrichten des Vorgartens<\/p>\n<p><a href=\"https:\/\/sonntagsches-haus.de\/wp-content\/uploads\/2012\/11\/Dachdecker.jpg\" target=\"_blank\" rel=\"noopener noreferrer\"><img loading=\"lazy\" decoding=\"async\" class=\"alignnone wp-image-475 size-thumbnail\" title=\"Erneuerung der Dachentw\u00e4sserung\" src=\"https:\/\/sonntagsches-haus.de\/wp-content\/uploads\/2012\/11\/Dachdecker-150x150.jpg\" alt=\"Dachdecker\" width=\"150\" height=\"150\" \/><\/a>\u00a0\u00a0<a href=\"https:\/\/sonntagsches-haus.de\/wp-content\/uploads\/2012\/11\/Fassadenarbeiten.jpg\" target=\"_blank\" rel=\"noopener noreferrer\"><img loading=\"lazy\" decoding=\"async\" class=\"alignnone wp-image-477 size-thumbnail\" title=\"Anstrich Obergescho\u00df\" src=\"https:\/\/sonntagsches-haus.de\/wp-content\/uploads\/2012\/11\/Fassadenarbeiten-150x150.jpg\" alt=\"Fassadenarbeiten\" width=\"150\" height=\"150\" \/><\/a>\u00a0 <a href=\"https:\/\/sonntagsches-haus.de\/wp-content\/uploads\/2012\/11\/Fassadensanierung.jpg\" target=\"_blank\" rel=\"noopener noreferrer\"><img loading=\"lazy\" decoding=\"async\" class=\"alignnone\" title=\"Neuverputzung Erdgescho\u00df\" src=\"https:\/\/sonntagsches-haus.de\/wp-content\/uploads\/2012\/11\/Fassadensanierung-150x150.jpg\" alt=\"Fassadensanierung\" width=\"150\" height=\"150\" \/><\/a>\u00a0 <a href=\"https:\/\/sonntagsches-haus.de\/wp-content\/uploads\/2012\/11\/Vorgartenarbeiten.jpg\" target=\"_blank\" rel=\"noopener noreferrer\"><img loading=\"lazy\" decoding=\"async\" class=\"alignnone wp-image-478 size-thumbnail\" title=\"Neuanlage Vorgarten\" src=\"https:\/\/sonntagsches-haus.de\/wp-content\/uploads\/2012\/11\/Vorgartenarbeiten-150x150.jpg\" alt=\"Vorgartenarbeiten\" width=\"150\" height=\"150\" \/><\/a>\u00a0 <a href=\"https:\/\/sonntagsches-haus.de\/wp-content\/uploads\/2012\/11\/Hauszuwegung.jpg\" target=\"_blank\" rel=\"noopener noreferrer\"><img loading=\"lazy\" decoding=\"async\" class=\"alignnone wp-image-479 size-thumbnail\" title=\"Erneuerung Hauszuweg\" src=\"https:\/\/sonntagsches-haus.de\/wp-content\/uploads\/2012\/11\/Hauszuwegung-150x150.jpg\" alt=\"Hauszuwegung\" width=\"150\" height=\"150\" \/><\/a>\u00a0 <a href=\"https:\/\/sonntagsches-haus.de\/wp-content\/uploads\/2012\/11\/Haust\u00fcr.jpg\" target=\"_blank\" rel=\"noopener noreferrer\"><img loading=\"lazy\" decoding=\"async\" class=\"alignnone wp-image-480 size-thumbnail\" title=\"Restaurierung Hauseingangst\u00fcr\" src=\"https:\/\/sonntagsches-haus.de\/wp-content\/uploads\/2012\/11\/Haust\u00fcr-150x150.jpg\" alt=\"Haust\u00fcr\" width=\"150\" height=\"150\" \/><\/a><\/p>\n<p>&nbsp;<\/p>\n<p><a title=\"nach oben Re 2012\" href=\"https:\/\/sonntagsches-haus.de\/?page_id=56\"><img loading=\"lazy\" decoding=\"async\" class=\"alignnone size-full wp-image-1008\" src=\"https:\/\/sonntagsches-haus.de\/wp-content\/uploads\/2014\/09\/nach-oben.jpg\" alt=\"nach oben\" width=\"101\" height=\"42\" \/><\/a><\/p>\n<pre>Copyright: Die Fotos sind urheberrechtlich gesch\u00fctzt. Die Verwendung ohne Zustimmung der Urheber ist nicht zul\u00e4ssig.<\/pre>\n","protected":false},"excerpt":{"rendered":"<p>Nach dem Erwerb des H\u00e4uschens durch die Interessengemeinschaft galt es f\u00fcr uns als Erstes und Wichtigstes, das Bauwerk vor weiterem Verfall zu sichern, von oben nach unten und von au\u00dfen nach innen. Doch zuvor mussten einige b\u00fcrokratische H\u00fcrden gemeistert werden: bauordnungsrechtlicher Antrag: wurde genehmigt Antrag auf denkmalrechtliche Zustimmung: wurde genehmigt Antrag auf sanierungsrechtliche Genehmigung: wurde [&hellip;]<\/p>\n","protected":false},"author":1,"featured_media":0,"parent":37,"menu_order":3,"comment_status":"closed","ping_status":"closed","template":"","meta":{"footnotes":""},"_links":{"self":[{"href":"https:\/\/sonntagsches-haus.de\/index.php?rest_route=\/wp\/v2\/pages\/56"}],"collection":[{"href":"https:\/\/sonntagsches-haus.de\/index.php?rest_route=\/wp\/v2\/pages"}],"about":[{"href":"https:\/\/sonntagsches-haus.de\/index.php?rest_route=\/wp\/v2\/types\/page"}],"author":[{"embeddable":true,"href":"https:\/\/sonntagsches-haus.de\/index.php?rest_route=\/wp\/v2\/users\/1"}],"replies":[{"embeddable":true,"href":"https:\/\/sonntagsches-haus.de\/index.php?rest_route=%2Fwp%2Fv2%2Fcomments&post=56"}],"version-history":[{"count":25,"href":"https:\/\/sonntagsches-haus.de\/index.php?rest_route=\/wp\/v2\/pages\/56\/revisions"}],"predecessor-version":[{"id":2612,"href":"https:\/\/sonntagsches-haus.de\/index.php?rest_route=\/wp\/v2\/pages\/56\/revisions\/2612"}],"up":[{"embeddable":true,"href":"https:\/\/sonntagsches-haus.de\/index.php?rest_route=\/wp\/v2\/pages\/37"}],"wp:attachment":[{"href":"https:\/\/sonntagsches-haus.de\/index.php?rest_route=%2Fwp%2Fv2%2Fmedia&parent=56"}],"curies":[{"name":"wp","href":"https:\/\/api.w.org\/{rel}","templated":true}]}}