{"id":602,"date":"2016-12-21T10:32:29","date_gmt":"2016-12-21T09:32:29","guid":{"rendered":"http:\/\/sonntagsches-haus.de\/?page_id=602"},"modified":"2020-09-21T19:11:14","modified_gmt":"2020-09-21T17:11:14","slug":"hausgeschichte","status":"publish","type":"page","link":"https:\/\/sonntagsches-haus.de\/?page_id=602","title":{"rendered":"Hausgeschichte"},"content":{"rendered":"<div id=\"attachment_1540\" style=\"width: 190px\" class=\"wp-caption alignright\"><a href=\"https:\/\/sonntagsches-haus.de\/wp-content\/uploads\/2012\/11\/1893.jpg\" target=\"_blank\" rel=\"noopener noreferrer\"><img loading=\"lazy\" decoding=\"async\" aria-describedby=\"caption-attachment-1540\" class=\"wp-image-1540 size-medium\" src=\"https:\/\/sonntagsches-haus.de\/wp-content\/uploads\/2012\/11\/1893-180x300.jpg\" alt=\"Foto von 1893, Autor unbekannt\" width=\"180\" height=\"300\" srcset=\"https:\/\/sonntagsches-haus.de\/wp-content\/uploads\/2012\/11\/1893-180x300.jpg 180w, https:\/\/sonntagsches-haus.de\/wp-content\/uploads\/2012\/11\/1893.jpg 432w\" sizes=\"(max-width: 180px) 100vw, 180px\" \/><\/a><p id=\"caption-attachment-1540\" class=\"wp-caption-text\">Foto von 1893, Autor unbekannt<\/p><\/div>\n<p><span style=\"color: #333333;\">Aus Holzuntersuchungen\u00a0w\u00e4hrend der Sanierungsarbeiten\u00a01993\/94 wei\u00df man, dass\u00a0das Haus <\/span><span style=\"color: #333333;\">um 1580 erbaut wurde. Sicher\u00a0wurde es in den mehr als 400 Jahren von Zeit zu Zeit in Teilen erneuert.\u00a0Vom urspr\u00fcnglichen Haus\u00a0sind jedoch\u00a0die ostseitige\u00a0Giebelwand und die Mittelwand mit Schornstein gr\u00f6\u00dftenteils erhalten.\u00a0F\u00fcr diese Annahme\u00a0spricht, dass diese W\u00e4nde <\/span>in Lehm-Staken-Bauweise ausgef\u00fchrt sind. Die\u00a0Gefache der drei anderen Fachwerk- Au\u00dfenw\u00e4nde dagegen sind mit Ziegeln\u00a0ausgemauert.<\/p>\n<p>Eine grundhafte Erneuerung\u00a0geschah m\u00f6glicherweise\u00a0nach dem\u00a0Drei\u00dfigj\u00e4hrigen Krieg als eine neue Generation das Haus \u00fcbernahm. In diesem Jahrhundert gab es viel Not und Elend in der Stadt. Wir wissen von drei gro\u00dfen Stadtbr\u00e4nden, von Hochwassern und davon, dass zweimal die Pest in der Stadt w\u00fctete, 1626 und 1680 noch einmal. Au\u00dferdem haben die\u00a0Schweden im Drei\u00dfigj\u00e4hrigen Krieg die Stadt gepl\u00fcndert und die Bev\u00f6lkerung aufs \u00dcbelste drangsaliert. Was dem H\u00e4uschen und seinen Bewohner geschah, ist nicht \u00fcberliefert. Erstmals erw\u00e4hnt ist das H\u00e4uschen in einem Dokument,\u00a0in dem\u00a0berichtet wird, dass es\u00a0den gro\u00dfen Stadtbrand im Jahr 1705 unbeschadet \u00fcberstanden hat\u00a0und,\u00a0dass\u00a0 es damals bereits in seiner heutigen\u00a0Form\u00a0bestand.<\/p>\n<p>Ein Foto von 1893 belegt, dass das Haus schon damals\u00a0verputzt war. Die\u00a0historischen Fenster, die Haust\u00fcr und ein Wandschrank stammen\u00a0von 1820.<br \/>\nIm Jahr\u00a01993 wurde das Fachwerk als\u00a0Teilma\u00dfnahme zu Beginn\u00a0der\u00a0Sanierungsarbeiten wieder\u00a0freigelegt und der\u00a0nicht denkmalgesch\u00fctzte Hausanbau vom Ende des\u00a019. Jahrhunderts\u00a0zur\u00fcck gebaut.<\/p>\n<div id=\"attachment_1242\" style=\"width: 310px\" class=\"wp-caption alignleft\"><a href=\"https:\/\/sonntagsches-haus.de\/wp-content\/uploads\/2013\/08\/Hist_Bild.jpg\" target=\"_blank\" rel=\"noopener noreferrer\"><img loading=\"lazy\" decoding=\"async\" aria-describedby=\"caption-attachment-1242\" class=\"wp-image-1242 size-medium\" title=\"Blick vom Portenplatz in die Burgstra\u00dfe\" src=\"https:\/\/sonntagsches-haus.de\/wp-content\/uploads\/2013\/08\/Hist_Bild-300x186.jpg\" alt=\"Hist_Bild\" width=\"300\" height=\"186\" srcset=\"https:\/\/sonntagsches-haus.de\/wp-content\/uploads\/2013\/08\/Hist_Bild-300x186.jpg 300w, https:\/\/sonntagsches-haus.de\/wp-content\/uploads\/2013\/08\/Hist_Bild.jpg 499w\" sizes=\"(max-width: 300px) 100vw, 300px\" \/><\/a><p id=\"caption-attachment-1242\" class=\"wp-caption-text\">Foto um 1910, Autor unbekannt<\/p><\/div>\n<p style=\"text-align: left;\">Den 2.Weltkrieg,\u00a0in dem die Innenstadt\u00a0Sprembergs zu fast 70 Prozent zerst\u00f6rt wurde, hat das H\u00e4uschen\u00a0\u00fcberstanden, ebenso\u00a0die Zeit des Verfalls der Altbausubstanz in den DDR-Jahren. Bis\u00a0etwa\u00a01973 geh\u00f6rte Spremberg zum Bergbauschutzgebiet als Vorbehaltsfl\u00e4che f\u00fcr Braunkohleabbau. Die Stadt Spremberg sollte dem Braunkohlebergbau geopfert werden. In dieser Zeit gab es keine Baugenehmigung und fast keinen Grund zur Erhaltung vorhandener Bausubstanz. Die damalige Besitzerin, Frau Sonntag, hatte das Grundst\u00fcck so gut erhalten wie es ihr m\u00f6glich war und sinnvoll erschien.\u00a0Sie hatte das Haus 1942 von ihrem Vater \u00fcberschrieben bekommen und lebte\u00a0hier mit ihrer Tochter\u00a0bis 1987. Dann musste sie es aus Altersgr\u00fcnden\u00a0verlassen und \u00fcbergab es\u00a0der \u00a0Verwandtschaft.<\/p>\n<div id=\"attachment_1254\" style=\"width: 310px\" class=\"wp-caption alignright\"><a href=\"https:\/\/sonntagsches-haus.de\/wp-content\/uploads\/2013\/08\/Histr-Foto-3.png\" target=\"_blank\" rel=\"noopener noreferrer\"><img loading=\"lazy\" decoding=\"async\" aria-describedby=\"caption-attachment-1254\" class=\"wp-image-1254 size-medium\" title=\"Blick vom Burglehn zum H\u00e4uschen\" src=\"https:\/\/sonntagsches-haus.de\/wp-content\/uploads\/2013\/08\/Histr-Foto-3-300x196.png\" alt=\"Histr Foto 3\" width=\"300\" height=\"196\" srcset=\"https:\/\/sonntagsches-haus.de\/wp-content\/uploads\/2013\/08\/Histr-Foto-3-300x196.png 300w, https:\/\/sonntagsches-haus.de\/wp-content\/uploads\/2013\/08\/Histr-Foto-3-624x409.png 624w, https:\/\/sonntagsches-haus.de\/wp-content\/uploads\/2013\/08\/Histr-Foto-3.png 907w\" sizes=\"(max-width: 300px) 100vw, 300px\" \/><\/a><p id=\"caption-attachment-1254\" class=\"wp-caption-text\">Foto: Autor unbekannt<\/p><\/div>\n<p style=\"text-align: left;\">Nach der politischen\u00a0Wende erwarb\u00a01992\u00a0 der damalige Kreis Spremberg das Haus. \u00a0Man hatte die Absicht es f\u00fcr Ausstellungen und touristische Zwecke zu nutzen. Dazu musste es grundhaft saniert\u00a0werden.\u00a01993 begann die\u00a0 <a href=\"https:\/\/sonntagsches-haus.de\/?page_id=53\"><span style=\"color: #0000ff;\">erste Phase\u00a0der Restaurierung<\/span><\/a>.\u00a0Leider wurden die Arbeiten 1994 als Folge der Brandenburger Kreisgebietsreform\u00a0abrupt eingestellt.\u00a0Spremberg verlor seinen Status als Kreisstadt und eine weitere\u00a0Finanzierung war durch den neuen Kreis Spree-Nei\u00dfe nicht mehr gegeben. Bedauerlicherweise war die Dachsanierung zu dem Zeitpunkt noch nicht abgeschlossen. Die Baustelle wurde nicht ber\u00e4umt. Im Haus und im Innenhof blieben\u00a0Unmengen unsortierter Bauabf\u00e4lle zur\u00fcck.<\/p>\n<p style=\"text-align: left;\">Die Hofmauer\u00a0wurde im Zuge von grundhaften Kanal- und\u00a0Strassenbauarbeiten in der\u00a0Burgstrasse\u00a0im Jahr 1997 erneuert. (<span style=\"color: #0000ff;\"><a style=\"color: #0000ff;\" title=\"Zweite Phase der Sanierungsarbeiten\" href=\"https:\/\/sonntagsches-haus.de\/?page_id=1159\" target=\"_blank\" rel=\"noopener noreferrer\">zweite Phase der Sanierungsarbeiten<\/a><\/span>).<br \/>\nBei der Gelegenheit wurden die\u00a0Nebengeb\u00e4ude im Grundst\u00fcck\u00a0auf Grund\u00a0gravierender Bausch\u00e4den\u00a0 ersatzlos zur\u00fcck gebaut.\u00a0 Auch hiervon\u00a0blieben Unmengen\u00a0Bauschutt und Mischabfall im Hof zur\u00fcc<span style=\"color: #333333;\">k.<br \/>\n(<em>Fotos: A. Schulz<\/em>)<\/span><\/p>\n<style id=\"bwg-style-0\">    #bwg_container1_0 #bwg_container2_0 .bwg-container-0.bwg-standard-thumbnails {      width: 904px;              justify-content: center;        margin:0 auto !important;              background-color: rgba(255, 255, 255, 0.00);            padding-left: 4px;      padding-top: 4px;      max-width: 100%;            }        #bwg_container1_0 #bwg_container2_0 .bwg-container-0.bwg-standard-thumbnails .bwg-item {    justify-content: flex-start;      max-width: 180px;            width: 180px !important;          }    #bwg_container1_0 #bwg_container2_0 .bwg-container-0.bwg-standard-thumbnails .bwg-item a {       margin-right: 4px;       margin-bottom: 4px;    }    #bwg_container1_0 #bwg_container2_0 .bwg-container-0.bwg-standard-thumbnails .bwg-item0 {      padding: 0px;            background-color:rgba(255,255,255, 0.30);      border: 0px none #CCCCCC;      opacity: 1.00;      border-radius: 0;      box-shadow: 0px 0px 0px #888888;    }    #bwg_container1_0 #bwg_container2_0 .bwg-container-0.bwg-standard-thumbnails .bwg-item1 img {      max-height: none;      max-width: none;      padding: 0 !important;    }        @media only screen and (min-width: 480px) {      #bwg_container1_0 #bwg_container2_0 .bwg-container-0.bwg-standard-thumbnails .bwg-item0 {        transition: all 0.3s ease 0s;-webkit-transition: all 0.3s ease 0s;      }      #bwg_container1_0 #bwg_container2_0 .bwg-container-0.bwg-standard-thumbnails .bwg-item0:hover {        -ms-transform: scale(1.1);        -webkit-transform: scale(1.1);        transform: scale(1.1);      }    }          #bwg_container1_0 #bwg_container2_0 .bwg-container-0.bwg-standard-thumbnails .bwg-item1 {      padding-top: 100%;    }        #bwg_container1_0 #bwg_container2_0 .bwg-container-0.bwg-standard-thumbnails .bwg-title2,    #bwg_container1_0 #bwg_container2_0 .bwg-container-0.bwg-standard-thumbnails .bwg-ecommerce2 {      color: #CCCCCC;      font-family: segoe ui;      font-size: 16px;      font-weight: bold;      padding: 2px;      text-shadow: 0px 0px 0px #888888;      max-height: 100%;    }    #bwg_container1_0 #bwg_container2_0 .bwg-container-0.bwg-standard-thumbnails .bwg-thumb-description span {    color: #323A45;    font-family: Ubuntu;    font-size: 12px;    max-height: 100%;    word-wrap: break-word;    }    #bwg_container1_0 #bwg_container2_0 .bwg-container-0.bwg-standard-thumbnails .bwg-play-icon2 {      font-size: 32px;    }    #bwg_container1_0 #bwg_container2_0 .bwg-container-0.bwg-standard-thumbnails .bwg-ecommerce2 {      font-size: 19.2px;      color: #CCCCCC;    }    <\/style>    <div id=\"bwg_container1_0\"         class=\"bwg_container bwg_thumbnail bwg_thumbnails \"         data-right-click-protection=\"0\"         data-bwg=\"0\"         data-scroll=\"0\"         data-gallery-type=\"thumbnails\"         data-gallery-view-type=\"thumbnails\"         data-current-url=\"\/index.php?rest_route=%2Fwp%2Fv2%2Fpages%2F602\"         data-lightbox-url=\"https:\/\/sonntagsches-haus.de\/wp-admin\/admin-ajax.php?action=GalleryBox&#038;current_view=0&#038;gallery_id=2&#038;tag=0&#038;theme_id=1&#038;shortcode_id=2&#038;sort_by=order&#038;order_by=asc&#038;current_url=%2Findex.php%3Frest_route%3D%252Fwp%252Fv2%252Fpages%252F602\"         data-gallery-id=\"2\"         data-popup-width=\"800\"         data-popup-height=\"800\"         data-is-album=\"gallery\"         data-buttons-position=\"bottom\">      <div id=\"bwg_container2_0\">             <div id=\"ajax_loading_0\" class=\"bwg_loading_div_1\">      <div class=\"bwg_loading_div_2\">        <div class=\"bwg_loading_div_3\">          <div id=\"loading_div_0\" class=\"bwg_spider_ajax_loading\">          <\/div>        <\/div>      <\/div>    <\/div>            <form id=\"gal_front_form_0\"              class=\"bwg-hidden\"              method=\"post\"              action=\"#\"              data-current=\"0\"              data-shortcode-id=\"2\"              data-gallery-type=\"thumbnails\"              data-gallery-id=\"2\"              data-tag=\"0\"              data-album-id=\"0\"              data-theme-id=\"1\"              data-ajax-url=\"https:\/\/sonntagsches-haus.de\/wp-admin\/admin-ajax.php?action=bwg_frontend_data\">          <div id=\"bwg_container3_0\" class=\"bwg-background bwg-background-0\">                <div data-max-count=\"5\"         data-thumbnail-width=\"180\"         data-bwg=\"0\"         data-gallery-id=\"2\"         data-lightbox-url=\"https:\/\/sonntagsches-haus.de\/wp-admin\/admin-ajax.php?action=GalleryBox&amp;current_view=0&amp;gallery_id=2&amp;tag=0&amp;theme_id=1&amp;shortcode_id=2&amp;sort_by=order&amp;order_by=asc&amp;current_url=%2Findex.php%3Frest_route%3D%252Fwp%252Fv2%252Fpages%252F602\"         id=\"bwg_thumbnails_0\"         class=\"bwg-container-0 bwg-thumbnails bwg-standard-thumbnails bwg-container bwg-border-box\">            <div class=\"bwg-item\">        <a class=\"bwg-a \"  data-elementor-open-lightbox=\"no\">                <div class=\"bwg-item0 \">          <div class=\"bwg-item1 \">            <div class=\"bwg-item2\">              <img decoding=\"async\" class=\"skip-lazy bwg_standart_thumb_img_0 \"                   data-id=\"7\"                   data-width=\"\"                   data-height=\"\"                   data-src=\"https:\/\/sonntagsches-haus.de\/wp-content\/uploads\/photo-gallery\/thumb\/08_009_Hof%20Nebengeb\u00e4ude%20mit%20Pultdach.jpg\"                   src=\"https:\/\/sonntagsches-haus.de\/wp-content\/uploads\/photo-gallery\/thumb\/08_009_Hof%20Nebengeb\u00e4ude%20mit%20Pultdach.jpg\"                   alt=\"08_009_Hof Nebengeb\u00e4ude mit Pultdach\"                   title=\"08_009_Hof Nebengeb\u00e4ude mit Pultdach\" \/>            <\/div>            <div class=\"\">                                                      <\/div>          <\/div>        <\/div>                        <\/a>              <\/div>            <div class=\"bwg-item\">        <a class=\"bwg-a \"  data-elementor-open-lightbox=\"no\">                <div class=\"bwg-item0 \">          <div class=\"bwg-item1 \">            <div class=\"bwg-item2\">              <img decoding=\"async\" class=\"skip-lazy bwg_standart_thumb_img_0 \"                   data-id=\"6\"                   data-width=\"\"                   data-height=\"\"                   data-src=\"https:\/\/sonntagsches-haus.de\/wp-content\/uploads\/photo-gallery\/thumb\/07_007_Hoffassade%20K\u00fcchenanbau.jpg\"                   src=\"https:\/\/sonntagsches-haus.de\/wp-content\/uploads\/photo-gallery\/thumb\/07_007_Hoffassade%20K\u00fcchenanbau.jpg\"                   alt=\"07_007_Hoffassade K\u00fcchenanbau\"                   title=\"07_007_Hoffassade K\u00fcchenanbau\" \/>            <\/div>            <div class=\"\">                                                      <\/div>          <\/div>        <\/div>                        <\/a>              <\/div>            <div class=\"bwg-item\">        <a class=\"bwg-a \"  data-elementor-open-lightbox=\"no\">                <div class=\"bwg-item0 \">          <div class=\"bwg-item1 \">            <div class=\"bwg-item2\">              <img decoding=\"async\" class=\"skip-lazy bwg_standart_thumb_img_0 \"                   data-id=\"10\"                   data-width=\"300\"                   data-height=\"213\"                   data-src=\"https:\/\/sonntagsches-haus.de\/wp-content\/uploads\/photo-gallery\/thumb\/10_010_Hof_Toiletten.jpg\"                   src=\"https:\/\/sonntagsches-haus.de\/wp-content\/uploads\/photo-gallery\/thumb\/10_010_Hof_Toiletten.jpg\"                   alt=\"10_010_Hof_Toiletten\"                   title=\"10_010_Hof_Toiletten\" \/>            <\/div>            <div class=\"\">                                                      <\/div>          <\/div>        <\/div>                        <\/a>              <\/div>            <div class=\"bwg-item\">        <a class=\"bwg-a \"  data-elementor-open-lightbox=\"no\">                <div class=\"bwg-item0 \">          <div class=\"bwg-item1 \">            <div class=\"bwg-item2\">              <img decoding=\"async\" class=\"skip-lazy bwg_standart_thumb_img_0 \"                   data-id=\"8\"                   data-width=\"\"                   data-height=\"\"                   data-src=\"https:\/\/sonntagsches-haus.de\/wp-content\/uploads\/photo-gallery\/thumb\/09_011_EG%20K\u00fcchenanbau.jpg\"                   src=\"https:\/\/sonntagsches-haus.de\/wp-content\/uploads\/photo-gallery\/thumb\/09_011_EG%20K\u00fcchenanbau.jpg\"                   alt=\"09_011_EG K\u00fcchenanbau\"                   title=\"09_011_EG K\u00fcchenanbau\" \/>            <\/div>            <div class=\"\">                                                      <\/div>          <\/div>        <\/div>                        <\/a>              <\/div>            <div class=\"bwg-item\">        <a class=\"bwg-a \"  data-elementor-open-lightbox=\"no\">                <div class=\"bwg-item0 \">          <div class=\"bwg-item1 \">            <div class=\"bwg-item2\">              <img decoding=\"async\" class=\"skip-lazy bwg_standart_thumb_img_0 \"                   data-id=\"9\"                   data-width=\"\"                   data-height=\"\"                   data-src=\"https:\/\/sonntagsches-haus.de\/wp-content\/uploads\/photo-gallery\/thumb\/11_011_EG%20Vorraum%20zum%20Hof.jpg\"                   src=\"https:\/\/sonntagsches-haus.de\/wp-content\/uploads\/photo-gallery\/thumb\/11_011_EG%20Vorraum%20zum%20Hof.jpg\"                   alt=\"11_011_EG Vorraum zum Hof\"                   title=\"11_011_EG Vorraum zum Hof\" \/>            <\/div>            <div class=\"\">                                                      <\/div>          <\/div>        <\/div>                        <\/a>              <\/div>          <\/div>    <style>      \/*pagination styles*\/      #bwg_container1_0 #bwg_container2_0 .tablenav-pages_0 {\t\t\t\ttext-align: center;\t\t\t\tfont-size: 12px;\t\t\t\tfont-family: segoe ui;\t\t\t\tfont-weight: bold;\t\t\t\tcolor: #666666;\t\t\t\tmargin: 6px 0 4px;\t\t\t\tdisplay: block;      }      @media only screen and (max-width : 320px) {      #bwg_container1_0 #bwg_container2_0 .displaying-num_0 {     \t display: none;      }      }      #bwg_container1_0 #bwg_container2_0 .displaying-num_0 {\t\t\t\tfont-size: 12px;\t\t\t\tfont-family: segoe ui;\t\t\t\tfont-weight: bold;\t\t\t\tcolor: #666666;\t\t\t\tmargin-right: 10px;\t\t\t\tvertical-align: middle;      }      #bwg_container1_0 #bwg_container2_0 .paging-input_0 {\t\t\t\tfont-size: 12px;\t\t\t\tfont-family: segoe ui;\t\t\t\tfont-weight: bold;\t\t\t\tcolor: #666666;\t\t\t\tvertical-align: middle;      }      #bwg_container1_0 #bwg_container2_0 .tablenav-pages_0 a.disabled,      #bwg_container1_0 #bwg_container2_0 .tablenav-pages_0 a.disabled:hover,      #bwg_container1_0 #bwg_container2_0 .tablenav-pages_0 a.disabled:focus,\t\t\t#bwg_container1_0 #bwg_container2_0 .tablenav-pages_0 input.bwg_current_page {\t\t\t\tcursor: default;\t\t\t\tcolor: rgba(102, 102, 102, 0.5);      }      #bwg_container1_0 #bwg_container2_0 .tablenav-pages_0 a,      #bwg_container1_0 #bwg_container2_0 .tablenav-pages_0 input.bwg_current_page {\t\t\t\tcursor: pointer;\t\t\t\ttext-align: center;\t\t\t\tfont-size: 12px;\t\t\t\tfont-family: segoe ui;\t\t\t\tfont-weight: bold;\t\t\t\tcolor: #666666;\t\t\t\ttext-decoration: none;\t\t\t\tpadding: 3px 6px;\t\t\t\tmargin: 0;\t\t\t\tborder-radius: 0;\t\t\t\tborder-style: solid;\t\t\t\tborder-width: 1px;\t\t\t\tborder-color: #E3E3E3;\t\t\t\t\t\t\t\tbackground-color: rgba(255, 255, 255, 1.00);\t\t\t\tbox-shadow: 0;\t\t\t\ttransition: all 0.3s ease 0s;-webkit-transition: all 0.3s ease 0s;      }      <\/style>      <span class=\"bwg_nav_cont_0\">              <div class=\"tablenav-pages_0\">                  <\/div>                <input type=\"hidden\" id=\"page_number_0\" name=\"page_number_0\" value=\"1\" \/>      <script type=\"text\/javascript\">        if( jQuery('.bwg_nav_cont_0').length > 1 ) {          jQuery('.bwg_nav_cont_0').first().remove()        }        function spider_page_0(cur, x, y, load_more) {          if (typeof load_more == \"undefined\") {            var load_more = false;          }          if (jQuery(cur).hasClass('disabled')) {            return false;          }          var items_county_0 = 1;          switch (y) {            case 1:              if (x >= items_county_0) {                document.getElementById('page_number_0').value = items_county_0;              }              else {                document.getElementById('page_number_0').value = x + 1;              }              break;            case 2:              document.getElementById('page_number_0').value = items_county_0;              break;            case -1:              if (x == 1) {                document.getElementById('page_number_0').value = 1;              }              else {                document.getElementById('page_number_0').value = x - 1;              }              break;            case -2:              document.getElementById('page_number_0').value = 1;              break;\t\t\t\t\t\tcase 0:              document.getElementById('page_number_0').value = x;              break;            default:              document.getElementById('page_number_0').value = 1;          }          bwg_ajax('gal_front_form_0', '0', 'bwg_thumbnails_0', '0', '', 'gallery', 0, '', '', load_more, '', 1);        }                    jQuery('.first-page-0').on('click', function () {              spider_page_0(this, 1, -2, 'numeric');              return false;            });            jQuery('.prev-page-0').on('click', function () {              spider_page_0(this, 1, -1, 'numeric');              return false;            });            jQuery('.next-page-0').on('click', function () {              spider_page_0(this, 1, 1, 'numeric');              return false;            });            jQuery('.last-page-0').on('click', function () {              spider_page_0(this, 1, 2, 'numeric');              return false;            });        \t\t\t\t\/* Change page on input enter. *\/        function bwg_change_page_0( e, that ) {          if (  e.key == 'Enter' ) {            var to_page = parseInt(jQuery(that).val());            var pages_count = jQuery(that).parents(\".pagination-links\").data(\"pages-count\");            var current_url_param = jQuery(that).attr('data-url-info');            if (to_page > pages_count) {              to_page = 1;            }\t \t\t\t\t\t\t\t\t\t\t\t\tspider_page_0(this, to_page, 0, 'numeric');\t\t\t\t\t\t\treturn false;\t\t\t\t\t\t          }          return true;        }        jQuery('.bwg_load_btn_0').on('click', function () {            spider_page_0(this, 1, 1, true);            return false;        });      <\/script>      <\/span>                <\/div>        <\/form>              <\/div>    <\/div>    <script>      if (document.readyState === 'complete') {        if( typeof bwg_main_ready == 'function' ) {          if ( jQuery(\"#bwg_container1_0\").height() ) {            bwg_main_ready(jQuery(\"#bwg_container1_0\"));          }        }      } else {        document.addEventListener('DOMContentLoaded', function() {          if( typeof bwg_main_ready == 'function' ) {            if ( jQuery(\"#bwg_container1_0\").height() ) {             bwg_main_ready(jQuery(\"#bwg_container1_0\"));            }          }        });      }    <\/script>    \n<div id=\"attachment_1275\" style=\"width: 310px\" class=\"wp-caption alignleft\"><a href=\"https:\/\/sonntagsches-haus.de\/wp-content\/uploads\/2013\/08\/Hofmauer.png\" target=\"_blank\" rel=\"noopener noreferrer\"><img loading=\"lazy\" decoding=\"async\" aria-describedby=\"caption-attachment-1275\" class=\"wp-image-1275 size-medium\" src=\"https:\/\/sonntagsches-haus.de\/wp-content\/uploads\/2013\/08\/Hofmauer-300x198.png\" alt=\"Hofmauer 1997\" width=\"300\" height=\"198\" srcset=\"https:\/\/sonntagsches-haus.de\/wp-content\/uploads\/2013\/08\/Hofmauer-300x198.png 300w, https:\/\/sonntagsches-haus.de\/wp-content\/uploads\/2013\/08\/Hofmauer-624x413.png 624w, https:\/\/sonntagsches-haus.de\/wp-content\/uploads\/2013\/08\/Hofmauer.png 976w\" sizes=\"(max-width: 300px) 100vw, 300px\" \/><\/a><p id=\"caption-attachment-1275\" class=\"wp-caption-text\">Hofmauer 1997, Foto: Dr. Kantor<\/p><\/div>\n<p>&nbsp;<\/p>\n<p>&nbsp;<\/p>\n<p>Da das Haus in seinem unfertigen Bauzustand nicht genutzt werden konnte, verkaufte der Kreis Spree-Nei\u00dfe das Objekt 1998 an einen Immobilienmakler.\u00a0 Leider unternahm er keine Schritte zur Fortsetzung der Sanierungsarbeiten.<\/p>\n<p>2006\u00a0gab es das Bestreben einer geb\u00fcrtigen Sprembergerin, das H\u00e4uschen f\u00fcr sich zu Wohnzwecken nutzbar zu machen, aber sie hat ihr Vorhaben nach unseren jetzigen Erkenntnissen nach etwa einem halben Jahr wieder aufgegeben.<br \/>\nAber w\u00e4hrend dieser Zeit\u00a0wurde immerhin die M\u00f6glichkeit\u00a0eines Abwasseranschlusses geschaffen und eine Frischwasserleitung ins Haus neu verlegt, jedoch noch ohne Abnahmem\u00f6glichkeit.<\/p>\n<p>Das Haus stand weitere Jahre leer und ungenutzt, war von Verfall und Vandalismus bedroht.<\/p>\n<p>In diesem\u00a0Zustand des Hauses einer verlassenen Baustelle von 1994 \u00fcbernahm unsere Interessengemeinschaft das Objekt zur Jahreswende 2011\/2012. Nach Erwerb und Einholung aller erforderlichen beh\u00f6rdlichen Genehmigungen\u00a0startete im Januar 2012 die <span style=\"color: #0000ff;\"><a style=\"color: #0000ff;\" title=\"Dritte Phase der Sanierungsarbeiten\" href=\"https:\/\/sonntagsches-haus.de\/?page_id=56\" target=\"_blank\" rel=\"noopener noreferrer\">dritte Phase der Sanierungsarbeiten.<\/a><br \/>\n<span style=\"color: #333333;\">Die Interessengemeinschaft SONNTAGSCHES HAUS SPREMBERG<\/span><\/span> m\u00f6chte das Haus unter Ber\u00fccksichtigung des Denkmalschutzes und bautechnischer Gesichtspunkte f\u00fcr weitere Generationen erhalten.<br \/>\nDer 2015 gegr\u00fcndete gemeinn\u00fctzige Verein soll neues kulturelles Leben ins H\u00e4uschen bringen.<\/p>\n<p><a title=\"nach oben Hausgeschichte\" href=\"https:\/\/sonntagsches-haus.de\/?page_id=602\"><img loading=\"lazy\" decoding=\"async\" class=\"alignnone size-full wp-image-1008\" src=\"https:\/\/sonntagsches-haus.de\/wp-content\/uploads\/2014\/09\/nach-oben.jpg\" alt=\"nach oben\" width=\"101\" height=\"42\" \/><\/a><\/p>\n","protected":false},"excerpt":{"rendered":"<p>Aus Holzuntersuchungen\u00a0w\u00e4hrend der Sanierungsarbeiten\u00a01993\/94 wei\u00df man, dass\u00a0das Haus um 1580 erbaut wurde. Sicher\u00a0wurde es in den mehr als 400 Jahren von Zeit zu Zeit in Teilen erneuert.\u00a0Vom urspr\u00fcnglichen Haus\u00a0sind jedoch\u00a0die ostseitige\u00a0Giebelwand und die Mittelwand mit Schornstein gr\u00f6\u00dftenteils erhalten.\u00a0F\u00fcr diese Annahme\u00a0spricht, dass diese W\u00e4nde in Lehm-Staken-Bauweise ausgef\u00fchrt sind. Die\u00a0Gefache der drei anderen Fachwerk- Au\u00dfenw\u00e4nde dagegen sind [&hellip;]<\/p>\n","protected":false},"author":1,"featured_media":0,"parent":18,"menu_order":1,"comment_status":"closed","ping_status":"closed","template":"page-templates\/full-width.php","meta":{"footnotes":""},"_links":{"self":[{"href":"https:\/\/sonntagsches-haus.de\/index.php?rest_route=\/wp\/v2\/pages\/602"}],"collection":[{"href":"https:\/\/sonntagsches-haus.de\/index.php?rest_route=\/wp\/v2\/pages"}],"about":[{"href":"https:\/\/sonntagsches-haus.de\/index.php?rest_route=\/wp\/v2\/types\/page"}],"author":[{"embeddable":true,"href":"https:\/\/sonntagsches-haus.de\/index.php?rest_route=\/wp\/v2\/users\/1"}],"replies":[{"embeddable":true,"href":"https:\/\/sonntagsches-haus.de\/index.php?rest_route=%2Fwp%2Fv2%2Fcomments&post=602"}],"version-history":[{"count":136,"href":"https:\/\/sonntagsches-haus.de\/index.php?rest_route=\/wp\/v2\/pages\/602\/revisions"}],"predecessor-version":[{"id":2606,"href":"https:\/\/sonntagsches-haus.de\/index.php?rest_route=\/wp\/v2\/pages\/602\/revisions\/2606"}],"up":[{"embeddable":true,"href":"https:\/\/sonntagsches-haus.de\/index.php?rest_route=\/wp\/v2\/pages\/18"}],"wp:attachment":[{"href":"https:\/\/sonntagsches-haus.de\/index.php?rest_route=%2Fwp%2Fv2%2Fmedia&parent=602"}],"curies":[{"name":"wp","href":"https:\/\/api.w.org\/{rel}","templated":true}]}}