{"id":808,"date":"2014-11-24T09:05:32","date_gmt":"2014-11-24T08:05:32","guid":{"rendered":"http:\/\/sonntagsches-haus.de\/?page_id=808"},"modified":"2020-09-21T20:46:19","modified_gmt":"2020-09-21T18:46:19","slug":"restaurierungsarbeiten-2014","status":"publish","type":"page","link":"https:\/\/sonntagsches-haus.de\/?page_id=808","title":{"rendered":"2014"},"content":{"rendered":"<p>Februar &#8211; April:<br \/>\n&#8211; Fortsetzung Vorbereitung Elektroanschl\u00fcsse im Erdgeschoss, Verlegung Kabel, Anbau Steckdosen, Schalter und Lampen<br \/>\n&#8211; Fortsetzung der Hofentr\u00fcmplung, Entsorgung Bauschutt, Unrat und Wildwuchs<br \/>\n&#8211; Hofquerschachtung zur Suche nach Resten der alten Stadtmauer,<br \/>\nErgebnis: die alte Stadtmauer verlief an der n\u00f6rdlichen Grundst\u00fccksgrenze, das Wohnhaus stand nicht direkt an der Stadtmauer;<\/p>\n<p><a href=\"https:\/\/sonntagsches-haus.de\/wp-content\/uploads\/2014\/02\/02_14-011.jpg\" target=\"_blank\" rel=\"noopener noreferrer\"><img loading=\"lazy\" decoding=\"async\" class=\"alignnone wp-image-871 size-thumbnail\" title=\"Aufr\u00e4umarbeiten Hof Nordseite\" src=\"https:\/\/sonntagsches-haus.de\/wp-content\/uploads\/2014\/02\/02_14-011-150x150.jpg\" alt=\"02_14 011\" width=\"150\" height=\"150\" \/><\/a>\u00a0\u00a0<a href=\"https:\/\/sonntagsches-haus.de\/wp-content\/uploads\/2014\/02\/03_14-004.jpg\" target=\"_blank\" rel=\"noopener noreferrer\"><img loading=\"lazy\" decoding=\"async\" class=\"alignnone wp-image-876 size-thumbnail\" title=\"Erstes Planung im Hof\" src=\"https:\/\/sonntagsches-haus.de\/wp-content\/uploads\/2014\/02\/03_14-004-150x150.jpg\" alt=\"03_14 004\" width=\"150\" height=\"150\" \/><\/a>\u00a0\u00a0<a href=\"https:\/\/sonntagsches-haus.de\/wp-content\/uploads\/2014\/02\/03_14-002.jpg\" target=\"_blank\" rel=\"noopener noreferrer\"><img loading=\"lazy\" decoding=\"async\" class=\"alignnone wp-image-875 size-thumbnail\" title=\"Reste der ehemaligen Stadtmauer\" src=\"https:\/\/sonntagsches-haus.de\/wp-content\/uploads\/2014\/02\/03_14-002-150x150.jpg\" alt=\"03_14 002\" width=\"150\" height=\"150\" \/><\/a><\/p>\n<p>Mai:<br \/>\n&#8211; Abschluss Elektroarbeiten im Erdgeschoss, alle Kabel und Anschl\u00fcsse sind verlegt und angeklemmt;\u00a0das war die Voraussetzung, um im Flur weiterzuarbeiten;<br \/>\n&#8211; Beginn der Hofgestaltung durch Ausgleich Gel\u00e4ndeh\u00f6he und Schaffung erster planer Fl\u00e4chen<br \/>\n&#8211; Simulation des Verlaufs der alten Stadtmauer unter Verwendung der im Grundst\u00fcck gefundenen Feldsteine<\/p>\n<p><a href=\"https:\/\/sonntagsches-haus.de\/wp-content\/uploads\/2014\/02\/DSCI0004.jpg\" target=\"_blank\" rel=\"noopener noreferrer\"><img loading=\"lazy\" decoding=\"async\" class=\"alignnone wp-image-964 size-thumbnail\" title=\"Ber\u00e4umung Hof am Erker\" src=\"https:\/\/sonntagsches-haus.de\/wp-content\/uploads\/2014\/02\/03_14-0011-150x150.jpg\" alt=\"03_14 001\" width=\"150\" height=\"150\" \/><\/a><a href=\"https:\/\/sonntagsches-haus.de\/wp-content\/uploads\/2014\/02\/DSCI0004.jpg\" target=\"_blank\" rel=\"noopener noreferrer\">\u00a0 <\/a><a href=\"https:\/\/sonntagsches-haus.de\/wp-content\/uploads\/2014\/02\/Sickermulde.jpg\" target=\"_blank\" rel=\"noopener noreferrer\"><img loading=\"lazy\" decoding=\"async\" class=\"alignnone wp-image-913 size-thumbnail\" title=\"Ber\u00e4umung Hofmitte\" src=\"https:\/\/sonntagsches-haus.de\/wp-content\/uploads\/2014\/02\/Sickermulde-150x150.jpg\" alt=\"\" width=\"150\" height=\"150\" \/><\/a><a href=\"https:\/\/sonntagsches-haus.de\/wp-content\/uploads\/2014\/02\/DSCI0004.jpg\" target=\"_blank\" rel=\"noopener noreferrer\">\u00a0 <\/a><a href=\"https:\/\/sonntagsches-haus.de\/wp-content\/uploads\/2014\/02\/DSCI0004.jpg\" target=\"_blank\" rel=\"noopener noreferrer\"><img loading=\"lazy\" decoding=\"async\" class=\"alignnone wp-image-958 size-thumbnail\" title=\"Simulation ehemalige Stadtmauer\" src=\"https:\/\/sonntagsches-haus.de\/wp-content\/uploads\/2014\/02\/DSCI0004-150x150.jpg\" alt=\"DSCI0004\" width=\"150\" height=\"150\" \/><\/a>\u00a0 <a href=\"https:\/\/sonntagsches-haus.de\/wp-content\/uploads\/2014\/02\/06_14-Hof_Stadtmauer.jpg\" target=\"_blank\" rel=\"noopener noreferrer\"><img loading=\"lazy\" decoding=\"async\" class=\"alignnone wp-image-961 size-thumbnail\" title=\"Simulation ehemalige Stadtmauer\" src=\"https:\/\/sonntagsches-haus.de\/wp-content\/uploads\/2014\/02\/06_14-Hof_Stadtmauer-150x150.jpg\" alt=\"06_14 Hof_Stadtmauer\" width=\"150\" height=\"150\" \/><\/a><\/p>\n<p>Juni:<br \/>\n&#8211; Anlegen Versickerungsmulde und -streifen f\u00fcr anfallendes Regenwasser auf der Hofseite<br \/>\n&#8211; Ber\u00e4umung Terrasse und Aufstellen einer Regenwassertonne<br \/>\n&#8211; Anbringen von zwei Schauk\u00e4sten mit Fotos von den einzelnen Restaurierungsphasen<\/p>\n<p><a href=\"https:\/\/sonntagsches-haus.de\/wp-content\/uploads\/2014\/02\/DSCI5914.jpg\" target=\"_blank\" rel=\"noopener noreferrer\"><img loading=\"lazy\" decoding=\"async\" class=\"alignnone wp-image-908 size-thumbnail\" title=\"Herstellung Sickermulde\" src=\"https:\/\/sonntagsches-haus.de\/wp-content\/uploads\/2014\/02\/DSCI5914-150x150.jpg\" alt=\"DSCI5914\" width=\"150\" height=\"150\" \/><\/a>\u00a0\u00a0<a href=\"https:\/\/sonntagsches-haus.de\/wp-content\/uploads\/2014\/02\/DSCI0024.jpg\" target=\"_blank\" rel=\"noopener noreferrer\"><img loading=\"lazy\" decoding=\"async\" class=\"alignnone wp-image-960 size-thumbnail\" title=\"Herstellung Versickerungsstreifen\" src=\"https:\/\/sonntagsches-haus.de\/wp-content\/uploads\/2014\/02\/DSCI0024-150x150.jpg\" alt=\"DSCI0024\" width=\"150\" height=\"150\" \/><\/a>\u00a0\u00a0<a href=\"https:\/\/sonntagsches-haus.de\/wp-content\/uploads\/2014\/02\/DSCI0008.jpg\" target=\"_blank\" rel=\"noopener noreferrer\"><img loading=\"lazy\" decoding=\"async\" class=\"alignnone wp-image-959 size-thumbnail\" title=\"Auskleidung Versickerungsmulde mit Feldsteinen\" src=\"https:\/\/sonntagsches-haus.de\/wp-content\/uploads\/2014\/02\/DSCI0008-150x150.jpg\" alt=\"DSCI0008\" width=\"150\" height=\"150\" \/><\/a>\u00a0\u00a0<a href=\"https:\/\/sonntagsches-haus.de\/wp-content\/uploads\/2014\/02\/DSCI5923.jpg\" target=\"_blank\" rel=\"noopener noreferrer\"><img loading=\"lazy\" decoding=\"async\" class=\"alignnone wp-image-909 size-thumbnail\" title=\"Ber\u00e4umung Terrasse\" src=\"https:\/\/sonntagsches-haus.de\/wp-content\/uploads\/2014\/02\/DSCI5923-150x150.jpg\" alt=\"DSCI5923\" width=\"150\" height=\"150\" \/><\/a>\u00a0 <a href=\"https:\/\/sonntagsches-haus.de\/wp-content\/uploads\/2014\/02\/DSCI5937.jpg\" target=\"_blank\" rel=\"noopener noreferrer\"><img loading=\"lazy\" decoding=\"async\" class=\"alignnone wp-image-912 size-thumbnail\" title=\"Vorarbeiten f\u00fcr Fu\u00dfboden Terrasse\" src=\"https:\/\/sonntagsches-haus.de\/wp-content\/uploads\/2014\/02\/DSCI5937-150x150.jpg\" alt=\"DSCI5937\" width=\"150\" height=\"150\" \/><\/a><\/p>\n<p>Juli:<br \/>\n&#8211; Gestaltung der Schauk\u00e4sten zum Brandenburg-Tag in Spremberg<br \/>\n&#8211; Anbringung des offiziellen Denkmalschildes<\/p>\n<p><a href=\"https:\/\/sonntagsches-haus.de\/wp-content\/uploads\/2014\/09\/DSCI0021__.jpg\" target=\"_blank\" rel=\"noopener noreferrer\"><img loading=\"lazy\" decoding=\"async\" class=\"alignnone wp-image-1086 size-thumbnail\" title=\"Schauk\u00e4sten\" src=\"https:\/\/sonntagsches-haus.de\/wp-content\/uploads\/2014\/09\/DSCI0021__-150x150.jpg\" alt=\"DSCI0021__\" width=\"150\" height=\"150\" \/><\/a>\u00a0\u00a0<a href=\"https:\/\/sonntagsches-haus.de\/wp-content\/uploads\/2014\/02\/DSCI0165__.jpg\" target=\"_blank\" rel=\"noopener noreferrer\"><img loading=\"lazy\" decoding=\"async\" class=\"alignnone wp-image-973 size-thumbnail\" title=\"Infotafel und Denkmalschild\" src=\"https:\/\/sonntagsches-haus.de\/wp-content\/uploads\/2014\/02\/DSCI0165__-150x150.jpg\" alt=\"DSCI0165__\" width=\"150\" height=\"150\" \/><\/a><\/p>\n<p>August:<br \/>\n&#8211; Versickerungsmulde funktioniert<br \/>\n&#8211; Vervollkommnung K\u00fccheneinrichtung, Fertigstellung Regale u.a.<\/p>\n<p><a href=\"https:\/\/sonntagsches-haus.de\/wp-content\/uploads\/2014\/09\/DSCI0130_.jpg\" target=\"_blank\" rel=\"noopener noreferrer\"><img loading=\"lazy\" decoding=\"async\" class=\"alignnone wp-image-1101 size-thumbnail\" title=\"Versickerungsmulde funktioniert\" src=\"https:\/\/sonntagsches-haus.de\/wp-content\/uploads\/2014\/09\/DSCI0130_-150x150.jpg\" alt=\"DSCI0130_\" width=\"150\" height=\"150\" \/><\/a>\u00a0\u00a0<a href=\"https:\/\/sonntagsches-haus.de\/wp-content\/uploads\/2014\/09\/DSCI0077_.jpg\" target=\"_blank\" rel=\"noopener noreferrer\"><img loading=\"lazy\" decoding=\"async\" class=\"alignnone wp-image-1109 size-thumbnail\" title=\"Arbeiten an K\u00fcchenregal\" src=\"https:\/\/sonntagsches-haus.de\/wp-content\/uploads\/2014\/09\/DSCI0077_-150x150.jpg\" alt=\"DSCI0077_\" width=\"150\" height=\"150\" \/><\/a><\/p>\n<p>September:<br \/>\n&#8211; Anbau eines Elektro-Heizk\u00f6rpers in der Wohnk\u00fcche im EG, ab jetzt kann geheizt werden<br \/>\n&#8211; Verlegen der Fu\u00dfbodenklinker unter Erker und in zuk\u00fcnftiger Toilette<br \/>\n&#8211; Alte Hintert\u00fcr wurde aufgearbeitet und ohne Funktion wieder eingeh\u00e4ngt<br \/>\n&#8211; Verlegen von Dielen im kleinen Erkerst\u00fcbchen im OG<\/p>\n<p><a href=\"https:\/\/sonntagsches-haus.de\/wp-content\/uploads\/2014\/09\/DSCI0027_.jpg\" target=\"_blank\" rel=\"noopener noreferrer\"><img loading=\"lazy\" decoding=\"async\" class=\"alignnone wp-image-1098 size-thumbnail\" title=\"Erster Heizk\u00f6rper \" src=\"https:\/\/sonntagsches-haus.de\/wp-content\/uploads\/2014\/09\/DSCI0027_-150x150.jpg\" alt=\"DSCI0027_\" width=\"150\" height=\"150\" \/><\/a>\u00a0\u00a0<a href=\"https:\/\/sonntagsches-haus.de\/wp-content\/uploads\/2014\/02\/DSCI0003__.jpg\" target=\"_blank\" rel=\"noopener noreferrer\"><img loading=\"lazy\" decoding=\"async\" class=\"alignnone wp-image-984 size-thumbnail\" title=\"Fu\u00dfbodenarbeiten unter Erker\" src=\"https:\/\/sonntagsches-haus.de\/wp-content\/uploads\/2014\/02\/DSCI0003__-150x150.jpg\" alt=\"DSCI0003__\" width=\"150\" height=\"150\" \/><\/a>\u00a0\u00a0<a href=\"https:\/\/sonntagsches-haus.de\/wp-content\/uploads\/2014\/09\/DSCI0084_.jpg\" target=\"_blank\" rel=\"noopener noreferrer\"><img loading=\"lazy\" decoding=\"async\" class=\"alignnone wp-image-1057 size-thumbnail\" title=\"neuer Klinkerboden im Hausversorgungsraum\" src=\"https:\/\/sonntagsches-haus.de\/wp-content\/uploads\/2014\/09\/DSCI0084_-150x150.jpg\" alt=\"DSCI0084_\" width=\"150\" height=\"150\" \/><\/a>\u00a0\u00a0<a href=\"https:\/\/sonntagsches-haus.de\/wp-content\/uploads\/2014\/09\/DSCI0082_.jpg\" target=\"_blank\" rel=\"noopener noreferrer\"><img loading=\"lazy\" decoding=\"async\" class=\"alignnone wp-image-1056 size-thumbnail\" title=\"alte Hintert\u00fcr saniert, noch ohne Fenster\" src=\"https:\/\/sonntagsches-haus.de\/wp-content\/uploads\/2014\/09\/DSCI0082_-150x150.jpg\" alt=\"Alte Hintert\u00fcr\" width=\"150\" height=\"150\" \/><\/a>\u00a0\u00a0<a href=\"https:\/\/sonntagsches-haus.de\/wp-content\/uploads\/2014\/09\/DSCI0071_.jpg\" target=\"_blank\" rel=\"noopener noreferrer\"><img loading=\"lazy\" decoding=\"async\" class=\"alignnone wp-image-1055 size-thumbnail\" title=\"neuer Dielenboden im Erkerst\u00fcbchen\" src=\"https:\/\/sonntagsches-haus.de\/wp-content\/uploads\/2014\/09\/DSCI0071_-150x150.jpg\" alt=\"DSCI0071_\" width=\"150\" height=\"150\" \/><\/a><\/p>\n<p>Oktober:<br \/>\n&#8211; vorl\u00e4ufige Fertigstellung Erkerst\u00fcbchen als Lagerraum<br \/>\n&#8211; Detailplanung und Beginn der Instandsetzungsarbeiten im OG Stube<br \/>\n&#8211; F\u00fcllen und Abdichten der Ritzen zwischen Fenstern und Hauswand im OG mit Hanf<br \/>\n&#8211; Beginn der Reinigung des K\u00fcchenfu\u00dfbodens im EG, in den Fugen kommt unter Erde und Lehm wei\u00dfer Sand zum Vorschein<br \/>\n<span style=\"line-height: 1.714285714; font-size: 1rem;\">&#8211; Fortsetzung Einbauarbeiten Toilette nach Fertigstellung des Fu\u00dfbodens<br \/>\n<\/span><\/p>\n<p><a href=\"https:\/\/sonntagsches-haus.de\/wp-content\/uploads\/2014\/09\/DSCI0014_.jpg\" target=\"_blank\" rel=\"noopener noreferrer\"><img loading=\"lazy\" decoding=\"async\" class=\"alignnone wp-image-1105 size-thumbnail\" title=\"Erkerst\u00fcbchen als Lagerraum\" src=\"https:\/\/sonntagsches-haus.de\/wp-content\/uploads\/2014\/09\/DSCI0014_-150x150.jpg\" alt=\"DSCI0014_\" width=\"150\" height=\"150\" \/><\/a>\u00a0\u00a0<a href=\"https:\/\/sonntagsches-haus.de\/wp-content\/uploads\/2014\/09\/DSCI0018_.jpg\" target=\"_blank\" rel=\"noopener noreferrer\"><img loading=\"lazy\" decoding=\"async\" class=\"alignnone wp-image-1095 size-thumbnail\" title=\"Abdichtung Fenster OG mit Hanf\" src=\"https:\/\/sonntagsches-haus.de\/wp-content\/uploads\/2014\/09\/DSCI0018_-150x150.jpg\" alt=\"DSCI0018_\" width=\"150\" height=\"150\" \/><\/a>\u00a0\u00a0<a href=\"https:\/\/sonntagsches-haus.de\/wp-content\/uploads\/2014\/09\/DSCI0032.jpg\" target=\"_blank\" rel=\"noopener noreferrer\"><img loading=\"lazy\" decoding=\"async\" class=\"alignnone wp-image-1107 size-thumbnail\" title=\"S\u00e4uberung K\u00fcchenfu\u00dfboden\" src=\"https:\/\/sonntagsches-haus.de\/wp-content\/uploads\/2014\/09\/DSCI0032-150x150.jpg\" alt=\"DSCI0032\" width=\"150\" height=\"150\" \/><\/a><\/p>\n<p>November:<br \/>\n&#8211; vorl\u00e4ufiger Abschlu\u00df Einbauarbeiten Toilettenbecken, noch ohne Sp\u00fclkasten<\/p>\n<p><a href=\"https:\/\/sonntagsches-haus.de\/wp-content\/uploads\/2014\/09\/DSCI6322.jpg\" target=\"_blank\" rel=\"noopener noreferrer\"><img loading=\"lazy\" decoding=\"async\" class=\"alignnone wp-image-1129 size-thumbnail\" title=\"eingebautes Toilettenbecken im Hausversorgungsraum\" src=\"https:\/\/sonntagsches-haus.de\/wp-content\/uploads\/2014\/09\/DSCI6322-150x150.jpg\" alt=\"DSCI6322\" width=\"150\" height=\"150\" \/><\/a><\/p>\n<p>Dezember:<br \/>\n&#8211; Aufr\u00e4umarbeiten zur Vorbereitung des Tages der Offenen T\u00fcr am 3. Advent<br \/>\n&#8211; anschlie\u00dfend Winterpause<\/p>\n<p><a title=\"nach oben Re 2014\" href=\"https:\/\/sonntagsches-haus.de\/?page_id=808\"><img loading=\"lazy\" decoding=\"async\" class=\"alignnone size-full wp-image-1008\" src=\"https:\/\/sonntagsches-haus.de\/wp-content\/uploads\/2014\/09\/nach-oben.jpg\" alt=\"nach oben\" width=\"101\" height=\"42\" \/><\/a><\/p>\n","protected":false},"excerpt":{"rendered":"<p>Februar &#8211; April: &#8211; Fortsetzung Vorbereitung Elektroanschl\u00fcsse im Erdgeschoss, Verlegung Kabel, Anbau Steckdosen, Schalter und Lampen &#8211; Fortsetzung der Hofentr\u00fcmplung, Entsorgung Bauschutt, Unrat und Wildwuchs &#8211; Hofquerschachtung zur Suche nach Resten der alten Stadtmauer, Ergebnis: die alte Stadtmauer verlief an der n\u00f6rdlichen Grundst\u00fccksgrenze, das Wohnhaus stand nicht direkt an der Stadtmauer; \u00a0\u00a0\u00a0\u00a0 Mai: &#8211; Abschluss [&hellip;]<\/p>\n","protected":false},"author":1,"featured_media":0,"parent":37,"menu_order":5,"comment_status":"closed","ping_status":"closed","template":"","meta":{"footnotes":""},"_links":{"self":[{"href":"https:\/\/sonntagsches-haus.de\/index.php?rest_route=\/wp\/v2\/pages\/808"}],"collection":[{"href":"https:\/\/sonntagsches-haus.de\/index.php?rest_route=\/wp\/v2\/pages"}],"about":[{"href":"https:\/\/sonntagsches-haus.de\/index.php?rest_route=\/wp\/v2\/types\/page"}],"author":[{"embeddable":true,"href":"https:\/\/sonntagsches-haus.de\/index.php?rest_route=\/wp\/v2\/users\/1"}],"replies":[{"embeddable":true,"href":"https:\/\/sonntagsches-haus.de\/index.php?rest_route=%2Fwp%2Fv2%2Fcomments&post=808"}],"version-history":[{"count":62,"href":"https:\/\/sonntagsches-haus.de\/index.php?rest_route=\/wp\/v2\/pages\/808\/revisions"}],"predecessor-version":[{"id":2614,"href":"https:\/\/sonntagsches-haus.de\/index.php?rest_route=\/wp\/v2\/pages\/808\/revisions\/2614"}],"up":[{"embeddable":true,"href":"https:\/\/sonntagsches-haus.de\/index.php?rest_route=\/wp\/v2\/pages\/37"}],"wp:attachment":[{"href":"https:\/\/sonntagsches-haus.de\/index.php?rest_route=%2Fwp%2Fv2%2Fmedia&parent=808"}],"curies":[{"name":"wp","href":"https:\/\/api.w.org\/{rel}","templated":true}]}}