{"id":990,"date":"2026-03-02T08:20:19","date_gmt":"2026-03-02T07:20:19","guid":{"rendered":"http:\/\/sonntagsches-haus.de\/?page_id=990"},"modified":"2026-03-03T12:26:17","modified_gmt":"2026-03-03T11:26:17","slug":"aktuelles","status":"publish","type":"page","link":"https:\/\/sonntagsches-haus.de\/?page_id=990","title":{"rendered":"Aktuelles"},"content":{"rendered":"<h3><span style=\"color: #0000ff;\"><strong>\u00a0aus dem Vereinsleben.<br \/>\n<\/strong><\/span><\/h3>\n<p><span style=\"color: #333333;\"><em>(Aufgrund der EU- Datenschutzgrundverordnung vom 25.05.2018 verzichten wir seitdem\u00a0 weitestgehend auf Fotos mit Personen sowie das Nennen von Namen. F\u00fcr in unserer Homepage\u00a0 ver\u00f6ffentlichte Fotos gibt es Einverst\u00e4ndiserkl\u00e4rungen. <\/em><em>)<\/em><\/span><\/p>\n<h1><span style=\"color: #ff0000;\">Die n\u00e4chsten Tage der &#8218;Offenen T\u00fcr&#8216; sind:<\/span><\/h1>\n<h2 style=\"padding-left: 40px;\"><strong><span style=\"color: #ff0000;\">&#8211; zum Fr\u00fchlingsfest:\u00a0 \u00a0 Sa. u. So., 28. u. 29. M\u00e4rz,\u00a0 von 13 bis 17 Uhr<br \/>\n&#8211; zum Heimatfest:\u00a0 \u00a0 \u00a0 \u00a0 Sa.,\u00a0 \u00a0 \u00a0 \u00a0 \u00a0 \u00a0 08. Aug.,\u00a0 \u00a0 \u00a0 \u00a0 \u00a0 \u00a0 \u00a0 \u00a0 \u00a0 \u00a0 \u00a0 &#8211; &#8220; &#8211;<br \/>\n&#8211; zum\u00a0 Herbstfest:\u00a0 \u00a0 \u00a0 \u00a0 Sa. u. So., 26. u. 27. Sep.,\u00a0 \u00a0 \u00a0 \u00a0 \u00a0 \u00a0&#8211; &#8220; &#8211;<br \/>\n&#8211; zum Lichterfest:\u00a0 \u00a0 \u00a0 \u00a0 \u00a0Sa. u. So., 12. u. 13. Dez.,\u00a0 \u00a0 \u00a0 \u00a0 \u00a0 &#8211; &#8220; &#8211;<\/span><\/strong><\/h2>\n<h2><\/h2>\n<p>&nbsp;<\/p>\n<p><em><strong><span style=\"color: #333333;\">Das neue Jahr 2026 bringt einige Ver\u00e4nderungen mit sich:<\/span><\/strong><\/em><br \/>\n<em><strong><span style=\"color: #333333;\">das H\u00e4uschen soll aus Altersgr\u00fcnden verkauft werden.<br \/>\nEs wird ein neuer Eigent\u00fcmer gesucht. Sicher braucht das viel Zeit.<br \/>\n<\/span><\/strong><\/em><em><strong><span style=\"color: #333333;\">Bis dahin arbeitet unser Verein wie gewohnt weiter.<\/span><\/strong><\/em><\/p>\n<p><a href=\"https:\/\/sonntagsches-haus.de\/wp-content\/uploads\/2026\/02\/20260125_155046-2.jpg\" target=\"_blank\" rel=\"noopener\"><img loading=\"lazy\" decoding=\"async\" class=\"alignnone wp-image-3140 \" src=\"https:\/\/sonntagsches-haus.de\/wp-content\/uploads\/2026\/02\/20260125_155046-2-300x228.jpg\" alt=\"\" width=\"339\" height=\"258\" srcset=\"https:\/\/sonntagsches-haus.de\/wp-content\/uploads\/2026\/02\/20260125_155046-2-300x228.jpg 300w, https:\/\/sonntagsches-haus.de\/wp-content\/uploads\/2026\/02\/20260125_155046-2-1024x777.jpg 1024w, https:\/\/sonntagsches-haus.de\/wp-content\/uploads\/2026\/02\/20260125_155046-2-768x583.jpg 768w, https:\/\/sonntagsches-haus.de\/wp-content\/uploads\/2026\/02\/20260125_155046-2-1536x1166.jpg 1536w, https:\/\/sonntagsches-haus.de\/wp-content\/uploads\/2026\/02\/20260125_155046-2-2048x1554.jpg 2048w, https:\/\/sonntagsches-haus.de\/wp-content\/uploads\/2026\/02\/20260125_155046-2-624x474.jpg 624w\" sizes=\"(max-width: 339px) 100vw, 339px\" \/><\/a><\/p>\n<h3><\/h3>\n<h3><\/h3>\n<h3><\/h3>\n<h3>Highlights 2025<\/h3>\n<p><span style=\"color: #0000ff;\"><em>13. und 14. Dezember<\/em><\/span><br \/>\n<strong><span style=\"color: #0000ff;\">Tage der &#8218;Offenen T\u00fcr&#8216; zum Weihnachtsmarkt<\/span><\/strong><\/p>\n<p><span style=\"color: #333333;\">Es kamen an beiden Tagen jeweils wieder mehr als 100 Besucher, die sich gern das H\u00e4uschen\u00a0 anschauten und f\u00fcr einen Kaffee oder Gl\u00fchwein in der K\u00fcche Platz nahmen. Wir danken f\u00fcr die freundlichen Begegnungen und Spenden.<\/span><\/p>\n<p><img loading=\"lazy\" decoding=\"async\" class=\"alignnone wp-image-3126 \" src=\"https:\/\/sonntagsches-haus.de\/wp-content\/uploads\/2026\/02\/IMG-20251214-WA0013-300x169.jpg\" alt=\"\" width=\"328\" height=\"185\" srcset=\"https:\/\/sonntagsches-haus.de\/wp-content\/uploads\/2026\/02\/IMG-20251214-WA0013-300x169.jpg 300w, https:\/\/sonntagsches-haus.de\/wp-content\/uploads\/2026\/02\/IMG-20251214-WA0013-1024x576.jpg 1024w, https:\/\/sonntagsches-haus.de\/wp-content\/uploads\/2026\/02\/IMG-20251214-WA0013-768x432.jpg 768w, https:\/\/sonntagsches-haus.de\/wp-content\/uploads\/2026\/02\/IMG-20251214-WA0013-1536x864.jpg 1536w, https:\/\/sonntagsches-haus.de\/wp-content\/uploads\/2026\/02\/IMG-20251214-WA0013-624x351.jpg 624w, https:\/\/sonntagsches-haus.de\/wp-content\/uploads\/2026\/02\/IMG-20251214-WA0013.jpg 1599w\" sizes=\"(max-width: 328px) 100vw, 328px\" \/>\u00a0\u00a0\u00a0 <img loading=\"lazy\" decoding=\"async\" class=\"alignnone wp-image-3127 \" src=\"https:\/\/sonntagsches-haus.de\/wp-content\/uploads\/2026\/02\/IMG-20251214-WA0014-300x225.jpg\" alt=\"\" width=\"243\" height=\"182\" srcset=\"https:\/\/sonntagsches-haus.de\/wp-content\/uploads\/2026\/02\/IMG-20251214-WA0014-300x225.jpg 300w, https:\/\/sonntagsches-haus.de\/wp-content\/uploads\/2026\/02\/IMG-20251214-WA0014-1024x768.jpg 1024w, https:\/\/sonntagsches-haus.de\/wp-content\/uploads\/2026\/02\/IMG-20251214-WA0014-768x576.jpg 768w, https:\/\/sonntagsches-haus.de\/wp-content\/uploads\/2026\/02\/IMG-20251214-WA0014-1536x1152.jpg 1536w, https:\/\/sonntagsches-haus.de\/wp-content\/uploads\/2026\/02\/IMG-20251214-WA0014-624x468.jpg 624w, https:\/\/sonntagsches-haus.de\/wp-content\/uploads\/2026\/02\/IMG-20251214-WA0014.jpg 1600w\" sizes=\"(max-width: 243px) 100vw, 243px\" \/>\u00a0\u00a0 <a href=\"https:\/\/sonntagsches-haus.de\/wp-content\/uploads\/2026\/02\/IMG-20250828-WA0016-rotated.jpg\" target=\"_blank\" rel=\"noopener\"><img loading=\"lazy\" decoding=\"async\" class=\"alignnone wp-image-3128 size-thumbnail\" src=\"https:\/\/sonntagsches-haus.de\/wp-content\/uploads\/2026\/02\/IMG-20250828-WA0016-150x150.jpg\" alt=\"\" width=\"150\" height=\"150\" \/><\/a> \u00a0 \u00a0<a href=\"https:\/\/sonntagsches-haus.de\/wp-content\/uploads\/2026\/02\/IMG-20251213-WA0017.jpg\" target=\"_blank\" rel=\"noopener\"><img loading=\"lazy\" decoding=\"async\" class=\"alignnone wp-image-3129 size-thumbnail\" src=\"https:\/\/sonntagsches-haus.de\/wp-content\/uploads\/2026\/02\/IMG-20251213-WA0017-150x150.jpg\" alt=\"\" width=\"150\" height=\"150\" \/><\/a><\/p>\n<p>&nbsp;<\/p>\n<p><span style=\"color: #0000ff;\"><em>27. und 28. September 2025<\/em><\/span><br \/>\n<strong><span style=\"color: #0000ff;\">Tage der &#8218;Offenen T\u00fcr&#8216; zum Herbstfest<\/span><\/strong><\/p>\n<p><a href=\"https:\/\/sonntagsches-haus.de\/wp-content\/uploads\/2025\/10\/IMG-20250927-WA0012-3.jpg\" target=\"_blank\" rel=\"noopener\"><img loading=\"lazy\" decoding=\"async\" class=\"alignnone wp-image-3114\" src=\"https:\/\/sonntagsches-haus.de\/wp-content\/uploads\/2025\/10\/IMG-20250927-WA0012-3-300x278.jpg\" alt=\"\" width=\"248\" height=\"230\" srcset=\"https:\/\/sonntagsches-haus.de\/wp-content\/uploads\/2025\/10\/IMG-20250927-WA0012-3-300x278.jpg 300w, https:\/\/sonntagsches-haus.de\/wp-content\/uploads\/2025\/10\/IMG-20250927-WA0012-3-1024x948.jpg 1024w, https:\/\/sonntagsches-haus.de\/wp-content\/uploads\/2025\/10\/IMG-20250927-WA0012-3-768x711.jpg 768w, https:\/\/sonntagsches-haus.de\/wp-content\/uploads\/2025\/10\/IMG-20250927-WA0012-3-624x578.jpg 624w, https:\/\/sonntagsches-haus.de\/wp-content\/uploads\/2025\/10\/IMG-20250927-WA0012-3.jpg 1369w\" sizes=\"(max-width: 248px) 100vw, 248px\" \/><\/a> <a href=\"https:\/\/sonntagsches-haus.de\/wp-content\/uploads\/2025\/10\/IMG-20250927-WA0017.jpg\" target=\"_blank\" rel=\"noopener\"> \u00a0 <\/a><a href=\"https:\/\/sonntagsches-haus.de\/wp-content\/uploads\/2025\/10\/IMG-20250927-WA0017.jpg\" target=\"_blank\" rel=\"noopener\"><img loading=\"lazy\" decoding=\"async\" class=\"alignnone wp-image-3115\" src=\"https:\/\/sonntagsches-haus.de\/wp-content\/uploads\/2025\/10\/IMG-20250927-WA0017-187x300.jpg\" alt=\"\" width=\"144\" height=\"230\" srcset=\"https:\/\/sonntagsches-haus.de\/wp-content\/uploads\/2025\/10\/IMG-20250927-WA0017-187x300.jpg 187w, https:\/\/sonntagsches-haus.de\/wp-content\/uploads\/2025\/10\/IMG-20250927-WA0017-639x1024.jpg 639w, https:\/\/sonntagsches-haus.de\/wp-content\/uploads\/2025\/10\/IMG-20250927-WA0017-768x1230.jpg 768w, https:\/\/sonntagsches-haus.de\/wp-content\/uploads\/2025\/10\/IMG-20250927-WA0017-624x999.jpg 624w, https:\/\/sonntagsches-haus.de\/wp-content\/uploads\/2025\/10\/IMG-20250927-WA0017.jpg 896w\" sizes=\"(max-width: 144px) 100vw, 144px\" \/><\/a> \u00a0\u00a0 <a href=\"https:\/\/sonntagsches-haus.de\/wp-content\/uploads\/2025\/10\/IMG_20250927_142954-scaled.jpg\" target=\"_blank\" rel=\"noopener\"><img loading=\"lazy\" decoding=\"async\" class=\"alignnone wp-image-3117\" src=\"https:\/\/sonntagsches-haus.de\/wp-content\/uploads\/2025\/10\/IMG_20250927_142954-300x225.jpg\" alt=\"\" width=\"307\" height=\"230\" srcset=\"https:\/\/sonntagsches-haus.de\/wp-content\/uploads\/2025\/10\/IMG_20250927_142954-300x225.jpg 300w, https:\/\/sonntagsches-haus.de\/wp-content\/uploads\/2025\/10\/IMG_20250927_142954-1024x768.jpg 1024w, https:\/\/sonntagsches-haus.de\/wp-content\/uploads\/2025\/10\/IMG_20250927_142954-768x576.jpg 768w, https:\/\/sonntagsches-haus.de\/wp-content\/uploads\/2025\/10\/IMG_20250927_142954-1536x1152.jpg 1536w, https:\/\/sonntagsches-haus.de\/wp-content\/uploads\/2025\/10\/IMG_20250927_142954-2048x1536.jpg 2048w, https:\/\/sonntagsches-haus.de\/wp-content\/uploads\/2025\/10\/IMG_20250927_142954-624x468.jpg 624w\" sizes=\"(max-width: 307px) 100vw, 307px\" \/><\/a>\u00a0 <a href=\"https:\/\/sonntagsches-haus.de\/wp-content\/uploads\/2025\/10\/IMG-20250930-WA0000.jpg\" target=\"_blank\" rel=\"noopener\"><img loading=\"lazy\" decoding=\"async\" class=\"alignnone wp-image-3119\" src=\"https:\/\/sonntagsches-haus.de\/wp-content\/uploads\/2025\/10\/IMG-20250930-WA0000-169x300.jpg\" alt=\"\" width=\"129\" height=\"230\" srcset=\"https:\/\/sonntagsches-haus.de\/wp-content\/uploads\/2025\/10\/IMG-20250930-WA0000-169x300.jpg 169w, https:\/\/sonntagsches-haus.de\/wp-content\/uploads\/2025\/10\/IMG-20250930-WA0000-577x1024.jpg 577w, https:\/\/sonntagsches-haus.de\/wp-content\/uploads\/2025\/10\/IMG-20250930-WA0000-768x1364.jpg 768w, https:\/\/sonntagsches-haus.de\/wp-content\/uploads\/2025\/10\/IMG-20250930-WA0000-865x1536.jpg 865w, https:\/\/sonntagsches-haus.de\/wp-content\/uploads\/2025\/10\/IMG-20250930-WA0000-624x1108.jpg 624w, https:\/\/sonntagsches-haus.de\/wp-content\/uploads\/2025\/10\/IMG-20250930-WA0000.jpg 1153w\" sizes=\"(max-width: 129px) 100vw, 129px\" \/><\/a><\/p>\n<p><a href=\"https:\/\/sonntagsches-haus.de\/wp-content\/uploads\/2025\/10\/IMG-20250928-WA0011-2.jpg\" target=\"_blank\" rel=\"noopener\"><img loading=\"lazy\" decoding=\"async\" class=\"alignnone wp-image-3120\" src=\"https:\/\/sonntagsches-haus.de\/wp-content\/uploads\/2025\/10\/IMG-20250928-WA0011-2-300x241.jpg\" alt=\"\" width=\"287\" height=\"230\" srcset=\"https:\/\/sonntagsches-haus.de\/wp-content\/uploads\/2025\/10\/IMG-20250928-WA0011-2-300x241.jpg 300w, https:\/\/sonntagsches-haus.de\/wp-content\/uploads\/2025\/10\/IMG-20250928-WA0011-2-1024x821.jpg 1024w, https:\/\/sonntagsches-haus.de\/wp-content\/uploads\/2025\/10\/IMG-20250928-WA0011-2-768x616.jpg 768w, https:\/\/sonntagsches-haus.de\/wp-content\/uploads\/2025\/10\/IMG-20250928-WA0011-2-624x500.jpg 624w, https:\/\/sonntagsches-haus.de\/wp-content\/uploads\/2025\/10\/IMG-20250928-WA0011-2.jpg 1200w\" sizes=\"(max-width: 287px) 100vw, 287px\" \/><\/a><\/p>\n<p><span style=\"color: #0000ff;\"><em>09. und 10. August 2025<\/em><\/span><br \/>\n<strong><span style=\"color: #0000ff;\">Heimatfest in Spremberg<br \/>\n<\/span><\/strong><span style=\"color: #0000ff;\">(keine Bilder)<\/span><\/p>\n<p>&nbsp;<\/p>\n<p><span style=\"color: #0000ff;\"><em>10. Mai 2025<\/em><\/span><br \/>\n<strong><span style=\"color: #0000ff;\">Theatralische Stadtf\u00fchrung mit &#8218;Jutta von Kittlitz&#8216;<\/span><\/strong><\/p>\n<p><a href=\"https:\/\/sonntagsches-haus.de\/wp-content\/uploads\/2025\/05\/02_am-Haeuschen.jpg\" target=\"_blank\" rel=\"noopener\"><img loading=\"lazy\" decoding=\"async\" class=\"alignnone wp-image-3099\" src=\"https:\/\/sonntagsches-haus.de\/wp-content\/uploads\/2025\/05\/02_am-Haeuschen-300x180.jpg\" alt=\"\" width=\"283\" height=\"170\" srcset=\"https:\/\/sonntagsches-haus.de\/wp-content\/uploads\/2025\/05\/02_am-Haeuschen-300x180.jpg 300w, https:\/\/sonntagsches-haus.de\/wp-content\/uploads\/2025\/05\/02_am-Haeuschen-1024x615.jpg 1024w, https:\/\/sonntagsches-haus.de\/wp-content\/uploads\/2025\/05\/02_am-Haeuschen-768x461.jpg 768w, https:\/\/sonntagsches-haus.de\/wp-content\/uploads\/2025\/05\/02_am-Haeuschen-1536x923.jpg 1536w, https:\/\/sonntagsches-haus.de\/wp-content\/uploads\/2025\/05\/02_am-Haeuschen-624x375.jpg 624w, https:\/\/sonntagsches-haus.de\/wp-content\/uploads\/2025\/05\/02_am-Haeuschen.jpg 1796w\" sizes=\"(max-width: 283px) 100vw, 283px\" \/><\/a>\u00a0 <a href=\"https:\/\/sonntagsches-haus.de\/wp-content\/uploads\/2025\/05\/01_ALLE-beim-Festschmaus.jpg\" target=\"_blank\" rel=\"noopener\"><img loading=\"lazy\" decoding=\"async\" class=\"alignnone wp-image-3100\" src=\"https:\/\/sonntagsches-haus.de\/wp-content\/uploads\/2025\/05\/01_ALLE-beim-Festschmaus-300x164.jpg\" alt=\"\" width=\"311\" height=\"170\" srcset=\"https:\/\/sonntagsches-haus.de\/wp-content\/uploads\/2025\/05\/01_ALLE-beim-Festschmaus-300x164.jpg 300w, https:\/\/sonntagsches-haus.de\/wp-content\/uploads\/2025\/05\/01_ALLE-beim-Festschmaus-1024x561.jpg 1024w, https:\/\/sonntagsches-haus.de\/wp-content\/uploads\/2025\/05\/01_ALLE-beim-Festschmaus-768x420.jpg 768w, https:\/\/sonntagsches-haus.de\/wp-content\/uploads\/2025\/05\/01_ALLE-beim-Festschmaus-1536x841.jpg 1536w, https:\/\/sonntagsches-haus.de\/wp-content\/uploads\/2025\/05\/01_ALLE-beim-Festschmaus-624x342.jpg 624w, https:\/\/sonntagsches-haus.de\/wp-content\/uploads\/2025\/05\/01_ALLE-beim-Festschmaus.jpg 2048w\" sizes=\"(max-width: 311px) 100vw, 311px\" \/><\/a> \u00a0<a href=\"https:\/\/sonntagsches-haus.de\/wp-content\/uploads\/2025\/05\/06_Wir-erheben-unsere-Glaeser.jpg\" target=\"_blank\" rel=\"noopener\"><img loading=\"lazy\" decoding=\"async\" class=\"alignnone wp-image-3101\" src=\"https:\/\/sonntagsches-haus.de\/wp-content\/uploads\/2025\/05\/06_Wir-erheben-unsere-Glaeser-300x173.jpg\" alt=\"\" width=\"294\" height=\"170\" srcset=\"https:\/\/sonntagsches-haus.de\/wp-content\/uploads\/2025\/05\/06_Wir-erheben-unsere-Glaeser-300x173.jpg 300w, https:\/\/sonntagsches-haus.de\/wp-content\/uploads\/2025\/05\/06_Wir-erheben-unsere-Glaeser-768x444.jpg 768w, https:\/\/sonntagsches-haus.de\/wp-content\/uploads\/2025\/05\/06_Wir-erheben-unsere-Glaeser-624x360.jpg 624w, https:\/\/sonntagsches-haus.de\/wp-content\/uploads\/2025\/05\/06_Wir-erheben-unsere-Glaeser.jpg 888w\" sizes=\"(max-width: 294px) 100vw, 294px\" \/><\/a><\/p>\n<p>Es fanden sich etwa 20 Teilnehmer ein, die als Auftakt das alte H\u00e4uschen besichtigen konnten.<br \/>\nDer Rundgang startet dann hier am SONNTAGSCHEN HAUS, f\u00fchrte durch die Altstadt und endete auf dem Schlo\u00dfhof. Neben Ausf\u00fchrungen zur Historie verschiedener Sehensw\u00fcrdigkeiten der Stadt wurden auf dem Weg kleine Szenen aus der Jutta-Sage gespielt. Zum Abschlu\u00df wurden die Teilnehmer zu einem kleinen &#8218;Festschmaus&#8216; eingeladen.\u00a0 Es gab Kaffee und lecker Lausitzer Plinse vom &#8218;Schweizer Garten&#8216;.<br \/>\nVielen Dank den Freundinnen und Freunden, die engagiert und in historischen Kost\u00fcmen mitgewirkt haben.<br \/>\nDank ebenso an die Stadtverwaltung und die Organisatoren vom Schlo\u00df f\u00fcr ihre Unterst\u00fctzung.<\/p>\n<p>&nbsp;<\/p>\n<p><em><span style=\"color: #0000ff;\">05. und 05. April 2025<\/span><\/em><br \/>\n<strong><span style=\"color: #0000ff;\">Tage der &#8218;Offenen T\u00fcr&#8216; zum Fr\u00fchlingsfest<\/span><\/strong><\/p>\n<p><span style=\"color: #000000;\">Es kamen am Samstag ca. 80 und am Sonntag etwa 60 Besucher, darunter viele Nicht-Spremberger.<br \/>\nSie freuten sich, das H\u00e4uschen einmal von innen zu sehen und bei Kaffee und Keksen h\u00f6rten sich viele interessiert einige Details zur Geschichte des Hauses und unseres Vereins an.<br \/>\nF\u00fcr einen umfassenden Vortrag ist an solchen Tagen allerdings nicht die Gelegenheit.<br \/>\nUnd wir freuten uns \u00fcber die freundlichen Spenden und danken herzlich daf\u00fcr.<\/span><\/p>\n<p><a href=\"https:\/\/sonntagsches-haus.de\/wp-content\/uploads\/2025\/04\/IMG_20250406_125414-scaled.jpg\" target=\"_blank\" rel=\"noopener\"><img loading=\"lazy\" decoding=\"async\" class=\"alignnone wp-image-3090 size-thumbnail\" src=\"https:\/\/sonntagsches-haus.de\/wp-content\/uploads\/2025\/04\/IMG_20250406_125414-150x150.jpg\" alt=\"\" width=\"150\" height=\"150\" \/><\/a> \u00a0\u00a0\u00a0<a href=\"https:\/\/sonntagsches-haus.de\/wp-content\/uploads\/2025\/04\/IMG-20250405-WA0008-scaled.jpg\" target=\"_blank\" rel=\"noopener\"><img loading=\"lazy\" decoding=\"async\" class=\"alignnone wp-image-3089 size-thumbnail\" src=\"https:\/\/sonntagsches-haus.de\/wp-content\/uploads\/2025\/04\/IMG-20250405-WA0008-150x150.jpg\" alt=\"\" width=\"150\" height=\"150\" srcset=\"https:\/\/sonntagsches-haus.de\/wp-content\/uploads\/2025\/04\/IMG-20250405-WA0008-150x150.jpg 150w, https:\/\/sonntagsches-haus.de\/wp-content\/uploads\/2025\/04\/IMG-20250405-WA0008-300x300.jpg 300w, https:\/\/sonntagsches-haus.de\/wp-content\/uploads\/2025\/04\/IMG-20250405-WA0008-1024x1024.jpg 1024w, https:\/\/sonntagsches-haus.de\/wp-content\/uploads\/2025\/04\/IMG-20250405-WA0008-768x768.jpg 768w, https:\/\/sonntagsches-haus.de\/wp-content\/uploads\/2025\/04\/IMG-20250405-WA0008-1536x1536.jpg 1536w, https:\/\/sonntagsches-haus.de\/wp-content\/uploads\/2025\/04\/IMG-20250405-WA0008-2048x2048.jpg 2048w, https:\/\/sonntagsches-haus.de\/wp-content\/uploads\/2025\/04\/IMG-20250405-WA0008-624x624.jpg 624w\" sizes=\"(max-width: 150px) 100vw, 150px\" \/><\/a>\u00a0 \u00a0 <a href=\"https:\/\/sonntagsches-haus.de\/wp-content\/uploads\/2025\/04\/IMG_20250310_123401-scaled.jpg\" target=\"_blank\" rel=\"noopener\"><img loading=\"lazy\" decoding=\"async\" class=\"alignnone wp-image-3091 size-thumbnail\" src=\"https:\/\/sonntagsches-haus.de\/wp-content\/uploads\/2025\/04\/IMG_20250310_123401-150x150.jpg\" alt=\"\" width=\"150\" height=\"150\" \/><\/a><\/p>\n<h5><\/h5>\n<h5><span style=\"color: #0000ff;\"><strong>Hobbypflege im alten H\u00e4uschen<\/strong><\/span><\/h5>\n<p><a href=\"https:\/\/sonntagsches-haus.de\/wp-content\/uploads\/2025\/02\/IMG_20250209_154038-scaled.jpg\" target=\"_blank\" rel=\"noopener\"><img loading=\"lazy\" decoding=\"async\" class=\"alignleft wp-image-2962 \" src=\"https:\/\/sonntagsches-haus.de\/wp-content\/uploads\/2025\/02\/IMG_20250209_154038-150x150.jpg\" alt=\"\" width=\"174\" height=\"174\" \/><\/a><a href=\"https:\/\/sonntagsches-haus.de\/wp-content\/uploads\/2025\/02\/IMG-20250209-WA0000-2.jpg\" target=\"_blank\" rel=\"noopener\"><img loading=\"lazy\" decoding=\"async\" class=\"alignleft wp-image-2961 \" src=\"https:\/\/sonntagsches-haus.de\/wp-content\/uploads\/2025\/02\/IMG-20250209-WA0000-2.jpg\" alt=\"\" width=\"258\" height=\"174\" srcset=\"https:\/\/sonntagsches-haus.de\/wp-content\/uploads\/2025\/02\/IMG-20250209-WA0000-2.jpg 1152w, https:\/\/sonntagsches-haus.de\/wp-content\/uploads\/2025\/02\/IMG-20250209-WA0000-2-300x202.jpg 300w, https:\/\/sonntagsches-haus.de\/wp-content\/uploads\/2025\/02\/IMG-20250209-WA0000-2-1024x691.jpg 1024w, https:\/\/sonntagsches-haus.de\/wp-content\/uploads\/2025\/02\/IMG-20250209-WA0000-2-768x518.jpg 768w, https:\/\/sonntagsches-haus.de\/wp-content\/uploads\/2025\/02\/IMG-20250209-WA0000-2-624x421.jpg 624w\" sizes=\"(max-width: 258px) 100vw, 258px\" \/><\/a>Einmal im Monat kommt die Spinngruppe ins H\u00e4uschen.<br \/>\nSo auch im Januar und Februar.<\/p>\n<p>&nbsp;<\/p>\n<p>&nbsp;<\/p>\n<p>&nbsp;<\/p>\n<p>&nbsp;<\/p>\n<h2><span style=\"color: #0000ff;\"><strong>\u00a0&#8211;&gt; \u00a0<\/strong><strong>R\u00fcckblick auf die Vereinst\u00e4tigkeiten in den letzten Jahren:<\/strong><\/span><\/h2>\n<h3>\u00a0 \u00a0 \u00a0 \u00a0 <span style=\"color: #0000ff;\">\u00a0 \u00a0 <a style=\"color: #0000ff;\" href=\"https:\/\/sonntagsches-haus.de\/wp-admin\/post.php?post=2987&amp;action=edit\" target=\"_blank\" rel=\"noopener\">2013 und 2014<\/a> \u00a0\u00a0\u00a0\u00a0\u00a0\u00a0\u00a0\u00a0\u00a0\u00a0\u00a0\u00a0\u00a0<a style=\"color: #0000ff;\" href=\"https:\/\/sonntagsches-haus.de\/?page_id=2993\" target=\"_blank\" rel=\"noopener\">2015<\/a> \u00a0\u00a0\u00a0\u00a0\u00a0\u00a0\u00a0\u00a0\u00a0\u00a0\u00a0<a style=\"color: #0000ff;\" href=\"https:\/\/sonntagsches-haus.de\/?page_id=2995\" target=\"_blank\" rel=\"noopener\">2016\u00a0<\/a> \u00a0\u00a0\u00a0\u00a0\u00a0\u00a0\u00a0\u00a0<a style=\"color: #0000ff;\" href=\"https:\/\/sonntagsches-haus.de\/?page_id=2997\" target=\"_blank\" rel=\"noopener\">2017<\/a>\u00a0 \u00a0 \u00a0 \u00a0 \u00a0<a href=\"https:\/\/sonntagsches-haus.de\/?page_id=2999\" target=\"_blank\" rel=\"noopener\"><span style=\"color: #0000ff;\">2018<\/span><\/a>\u00a0 \u00a0 \u00a0 \u00a0 \u00a0<a style=\"color: #0000ff;\" href=\"https:\/\/sonntagsches-haus.de\/?page_id=3001\" target=\"_blank\" rel=\"noopener\">2019<\/a><\/span><\/h3>\n<h3><span style=\"color: #0000ff;\">\u00a0 \u00a0 \u00a0 \u00a0 \u00a0 \u00a0 <a href=\"https:\/\/sonntagsches-haus.de\/?page_id=3006\" target=\"_blank\" rel=\"noopener\"><span style=\"color: #0000ff;\">2020, 2021, 2022<\/span><\/a>\u00a0 \u00a0 \u00a0 \u00a0 \u00a0 \u00a0<a style=\"color: #0000ff;\" href=\"https:\/\/sonntagsches-haus.de\/?page_id=3011\" target=\"_blank\" rel=\"noopener\">2023<\/a>\u00a0 \u00a0 \u00a0 \u00a0 \u00a0 \u00a0 <a style=\"color: #0000ff;\" href=\"https:\/\/sonntagsches-haus.de\/?page_id=3003\" target=\"_blank\" rel=\"noopener\">2024<\/a><\/span><\/h3>\n<p>&nbsp;<\/p>\n<p><a title=\"nach oben \u00dcber uns\" href=\"https:\/\/sonntagsches-haus.de\/?page_id=990\"><img loading=\"lazy\" decoding=\"async\" class=\"alignnone wp-image-1008 size-full\" src=\"https:\/\/sonntagsches-haus.de\/wp-content\/uploads\/2014\/09\/nach-oben.jpg\" alt=\"nach oben\" width=\"101\" height=\"42\" \/><\/a><\/p>\n<p>&nbsp;<\/p>\n<p>&nbsp;<\/p>\n<p>&nbsp;<\/p>\n<p>&nbsp;<\/p>\n<p>&nbsp;<\/p>\n<p>&nbsp;<\/p>\n<p><span style=\"color: #ff0000;\">\u00a0<\/span><\/p>\n","protected":false},"excerpt":{"rendered":"<p>\u00a0aus dem Vereinsleben. (Aufgrund der EU- Datenschutzgrundverordnung vom 25.05.2018 verzichten wir seitdem\u00a0 weitestgehend auf Fotos mit Personen sowie das Nennen von Namen. F\u00fcr in unserer Homepage\u00a0 ver\u00f6ffentlichte Fotos gibt es Einverst\u00e4ndiserkl\u00e4rungen. ) Die n\u00e4chsten Tage der &#8218;Offenen T\u00fcr&#8216; sind: &#8211; zum Fr\u00fchlingsfest:\u00a0 \u00a0 Sa. u. So., 28. u. 29. M\u00e4rz,\u00a0 von 13 bis 17 Uhr [&hellip;]<\/p>\n","protected":false},"author":1,"featured_media":0,"parent":0,"menu_order":0,"comment_status":"closed","ping_status":"closed","template":"","meta":{"footnotes":""},"_links":{"self":[{"href":"https:\/\/sonntagsches-haus.de\/index.php?rest_route=\/wp\/v2\/pages\/990"}],"collection":[{"href":"https:\/\/sonntagsches-haus.de\/index.php?rest_route=\/wp\/v2\/pages"}],"about":[{"href":"https:\/\/sonntagsches-haus.de\/index.php?rest_route=\/wp\/v2\/types\/page"}],"author":[{"embeddable":true,"href":"https:\/\/sonntagsches-haus.de\/index.php?rest_route=\/wp\/v2\/users\/1"}],"replies":[{"embeddable":true,"href":"https:\/\/sonntagsches-haus.de\/index.php?rest_route=%2Fwp%2Fv2%2Fcomments&post=990"}],"version-history":[{"count":545,"href":"https:\/\/sonntagsches-haus.de\/index.php?rest_route=\/wp\/v2\/pages\/990\/revisions"}],"predecessor-version":[{"id":3156,"href":"https:\/\/sonntagsches-haus.de\/index.php?rest_route=\/wp\/v2\/pages\/990\/revisions\/3156"}],"wp:attachment":[{"href":"https:\/\/sonntagsches-haus.de\/index.php?rest_route=%2Fwp%2Fv2%2Fmedia&parent=990"}],"curies":[{"name":"wp","href":"https:\/\/api.w.org\/{rel}","templated":true}]}}